{"id":132,"date":"2019-12-17T18:14:47","date_gmt":"2019-12-17T18:14:47","guid":{"rendered":"https:\/\/aacic.com.br\/aescolanocinema\/2020\/?page_id=132"},"modified":"2020-03-11T13:36:34","modified_gmt":"2020-03-11T13:36:34","slug":"filmes","status":"publish","type":"page","link":"https:\/\/aacic.com.br\/aescolanocinema\/2020\/filmes\/","title":{"rendered":"Filmes"},"content":{"rendered":"\n<div class=\"wp-block-group alignfull has-background\" style=\"background-color:#771111\"><div class=\"wp-block-group__inner-container is-layout-flow wp-block-group-is-layout-flow\">\n<h2 class=\"has-background-color has-text-color has-text-align-center wp-block-heading\" id=\"longas\">Longas-metragens<\/h2>\n\n\n\n<p><\/p>\n<\/div><\/div>\n\n\n\n<div style=\"height:20px\" aria-hidden=\"true\" class=\"wp-block-spacer\"><\/div>\n\n\n\n<div class=\"wp-block-columns alignwide is-layout-flex wp-container-core-columns-is-layout-9d6595d7 wp-block-columns-is-layout-flex\">\n<div class=\"wp-block-column is-layout-flow wp-block-column-is-layout-flow\" style=\"flex-basis:33.33%\">\n<figure class=\"wp-block-image size-large is-style-default\"><img loading=\"lazy\" decoding=\"async\" width=\"430\" height=\"640\" src=\"https:\/\/aacic.com.br\/aescolanocinema\/2020\/wp-content\/uploads\/2019\/12\/longa-peixonauta-cartaz.jpg\" alt=\"Peixonauta - O Filme\" class=\"wp-image-104\" srcset=\"https:\/\/aacic.com.br\/aescolanocinema\/2020\/wp-content\/uploads\/2019\/12\/longa-peixonauta-cartaz.jpg 430w, https:\/\/aacic.com.br\/aescolanocinema\/2020\/wp-content\/uploads\/2019\/12\/longa-peixonauta-cartaz-202x300.jpg 202w\" sizes=\"auto, (max-width: 430px) 100vw, 430px\" \/><\/figure>\n<\/div>\n\n\n\n<div class=\"wp-block-column is-layout-flow wp-block-column-is-layout-flow\" style=\"flex-basis:66.66%\">\n<h4 class=\"wp-block-heading\">Peixonauta &#8211; O Filme (4 a 6 anos)<\/h4>\n\n\n\n<p><strong><em>Peixonauta, Brasil, 2016, 77 minutos<\/em><\/strong><\/p>\n\n\n\n<p>Produ\u00e7\u00e3o: TV PinGuim<\/p>\n\n\n\n<p>Dire\u00e7\u00e3o: C\u00e9lia Catunda, Kiko Mistrorigo e Rodrigo Eba<\/p>\n\n\n\n<p>Roteiro: Marcela Catunda e Marcus Aurelius Pimenta<\/p>\n\n\n\n<p>Distribui\u00e7\u00e3o: RioFilme<\/p>\n\n\n\n<p>Sinopse: Quando o Doutor Jardim n\u00e3o retorna da cidade, Peixonauta, Marina e Zico partem para resgat\u00e1-lo. Mas quando chegam l\u00e1, algo muito estranho est\u00e1 acontecendo: todos na cidade sumiram! Para conseguir solucionar esse grande mist\u00e9rio, Peixonauta ter\u00e1 que contar com a ajuda de todos seus amigos e viver sua maior aventura\u2026 pela primeira vez, na cidade grande!<\/p>\n\n\n\n<div class=\"wp-block-button is-style-fill\"><a class=\"wp-block-button__link\" href=\"https:\/\/aacic.com.br\/aescolanocinema\/2020\/trailer-peixonauta-o-filme\/\" style=\"border-radius:10px\" target=\"_blank\" rel=\"noreferrer noopener\">Trailer<\/a><\/div>\n<\/div>\n<\/div>\n\n\n\n<div style=\"height:20px\" aria-hidden=\"true\" class=\"wp-block-spacer\"><\/div>\n\n\n\n<div class=\"wp-block-columns alignwide is-layout-flex wp-container-core-columns-is-layout-9d6595d7 wp-block-columns-is-layout-flex\">\n<div class=\"wp-block-column is-layout-flow wp-block-column-is-layout-flow\" style=\"flex-basis:33.33%\">\n<figure class=\"wp-block-image size-large is-style-default\"><img loading=\"lazy\" decoding=\"async\" width=\"430\" height=\"640\" src=\"https:\/\/aacic.com.br\/aescolanocinema\/2020\/wp-content\/uploads\/2019\/12\/longa-gemini-8-cartaz.jpg\" alt=\"\" class=\"wp-image-147\" srcset=\"https:\/\/aacic.com.br\/aescolanocinema\/2020\/wp-content\/uploads\/2019\/12\/longa-gemini-8-cartaz.jpg 430w, https:\/\/aacic.com.br\/aescolanocinema\/2020\/wp-content\/uploads\/2019\/12\/longa-gemini-8-cartaz-202x300.jpg 202w\" sizes=\"auto, (max-width: 430px) 100vw, 430px\" \/><\/figure>\n<\/div>\n\n\n\n<div class=\"wp-block-column is-layout-flow wp-block-column-is-layout-flow\" style=\"flex-basis:66.66%\">\n<h4 class=\"wp-block-heading\">Gemini 8 (4 a 6 anos)<\/h4>\n\n\n\n<p><strong><em>Gemini 8, Brasil, 2018 , 48 minutos<\/em><\/strong><\/p>\n\n\n\n<p>Cria\u00e7\u00e3o e Dire\u00e7\u00e3o: Celia Catunda e Kiko Mistrorigo<\/p>\n\n\n\n<p>Produ\u00e7\u00e3o: Carlos Filizola<\/p>\n\n\n\n<p>Roteiro: Fernando Salem, Marcela Catunda e Ricardo Sasaki<\/p>\n\n\n\n<p>Sinopse: Marco \u00e9 um menino que, misteriosamente, vai parar em Gemini 8, um planeta muito diferente, onde mora Polo. Gra\u00e7as a uma inven\u00e7\u00e3o maluca de Polo, Marco \u00e9 atraido a um portal e acaba indo parar em Gemini 8. Enquanto eles tentam enviar Marco de volta para a Terra, eles se metem em tudo quanto \u00e9 tipo de confus\u00f5es e se tornam amigos insepar\u00e1veis.<\/p>\n\n\n\n<div class=\"wp-block-button\"><a class=\"wp-block-button__link\" href=\"https:\/\/aacic.com.br\/aescolanocinema\/2020\/filmes\/trailer-gemini-8\/\" style=\"border-radius:10px\" target=\"_blank\" rel=\"noreferrer noopener\">Trailer<\/a><\/div>\n<\/div>\n<\/div>\n\n\n\n<div style=\"height:20px\" aria-hidden=\"true\" class=\"wp-block-spacer\"><\/div>\n\n\n\n<div class=\"wp-block-columns alignwide is-layout-flex wp-container-core-columns-is-layout-9d6595d7 wp-block-columns-is-layout-flex\">\n<div class=\"wp-block-column is-layout-flow wp-block-column-is-layout-flow\" style=\"flex-basis:33.33%\">\n<figure class=\"wp-block-image size-large is-style-default\"><img loading=\"lazy\" decoding=\"async\" width=\"430\" height=\"640\" src=\"https:\/\/aacic.com.br\/aescolanocinema\/2020\/wp-content\/uploads\/2019\/12\/longa-taina-3-cartaz.jpg\" alt=\"\" class=\"wp-image-171\" srcset=\"https:\/\/aacic.com.br\/aescolanocinema\/2020\/wp-content\/uploads\/2019\/12\/longa-taina-3-cartaz.jpg 430w, https:\/\/aacic.com.br\/aescolanocinema\/2020\/wp-content\/uploads\/2019\/12\/longa-taina-3-cartaz-202x300.jpg 202w\" sizes=\"auto, (max-width: 430px) 100vw, 430px\" \/><\/figure>\n<\/div>\n\n\n\n<div class=\"wp-block-column is-layout-flow wp-block-column-is-layout-flow\" style=\"flex-basis:66.66%\">\n<h4 class=\"wp-block-heading\">Tain\u00e1 3 &#8211; A Origem (7 a 9 anos)<\/h4>\n\n\n\n<p><strong><em>Tain\u00e1 3 &#8211; A Origem, Brasil, 2013, 1h28min<\/em><\/strong><\/p>\n\n\n\n<p>Dire\u00e7\u00e3o: Rosame Svartman<\/p>\n\n\n\n<p>Roteiro: Cl\u00e1udia Levay<\/p>\n\n\n\n<p>Produ\u00e7\u00e3o: Pedro Rovai<\/p>\n\n\n\n<p>Distribui\u00e7\u00e3o: Downtown Filmes<\/p>\n\n\n\n<p>Elenco: Wiranu Temb\u00e9, Beatriz Noskoski, Igor Ozzy, Gracindo J\u00fanior, Nuno Leal Maia<\/p>\n\n\n\n<p>Sinopse: Tain\u00e1, uma ind\u00edgena \u00f3rf\u00e3 de 5 anos de idade, sonha em se tornar uma guerreira e descobrir sua verdadeira origem. Ao longo do caminho, ela faz amigos surpreendentes como Laura, uma garota da cidade perdida na selva, e Gobi, um indiozinho nerd. Eles aprendem a superar as m\u00fatuas diferen\u00e7as enquanto atravessam sua movimentada jornada. Tain\u00e1 confronta o inimigo ancestral de sua fam\u00edlia, Jurupari, a encarna\u00e7\u00e3o do Mal, que quer destruir a floresta.<\/p>\n\n\n\n<div class=\"wp-block-button\"><a class=\"wp-block-button__link\" href=\"https:\/\/aacic.com.br\/aescolanocinema\/2020\/filmes\/trailer-taina-3-a-origem\/\" style=\"border-radius:10px\" target=\"_blank\" rel=\"noreferrer noopener\">Trailer<\/a><\/div>\n<\/div>\n<\/div>\n\n\n\n<div style=\"height:20px\" aria-hidden=\"true\" class=\"wp-block-spacer\"><\/div>\n\n\n\n<div class=\"wp-block-columns alignwide is-layout-flex wp-container-core-columns-is-layout-9d6595d7 wp-block-columns-is-layout-flex\">\n<div class=\"wp-block-column is-layout-flow wp-block-column-is-layout-flow\" style=\"flex-basis:33.33%\">\n<figure class=\"wp-block-image size-large is-style-default\"><img loading=\"lazy\" decoding=\"async\" width=\"430\" height=\"640\" src=\"https:\/\/aacic.com.br\/aescolanocinema\/2020\/wp-content\/uploads\/2019\/12\/longa-tito-e-os-passaros-cartaz.jpg\" alt=\"Tito e os P\u00e1ssaros\" class=\"wp-image-183\" srcset=\"https:\/\/aacic.com.br\/aescolanocinema\/2020\/wp-content\/uploads\/2019\/12\/longa-tito-e-os-passaros-cartaz.jpg 430w, https:\/\/aacic.com.br\/aescolanocinema\/2020\/wp-content\/uploads\/2019\/12\/longa-tito-e-os-passaros-cartaz-202x300.jpg 202w\" sizes=\"auto, (max-width: 430px) 100vw, 430px\" \/><\/figure>\n<\/div>\n\n\n\n<div class=\"wp-block-column is-layout-flow wp-block-column-is-layout-flow\" style=\"flex-basis:66.66%\">\n<h4 class=\"wp-block-heading\">Tito e os P\u00e1ssaros (10 a 12 anos)<\/h4>\n\n\n\n<p><strong><em>Tito e os P\u00e1ssaros, Brasil, 2018, 1h13min<\/em><\/strong><\/p>\n\n\n\n<p>Produ\u00e7\u00e3o: Bits Filmes, Gustavo Steinberg, Daniel Greco e Felipe Sabino<\/p>\n\n\n\n<p>Dire\u00e7\u00e3o: Gustavo Steinberg, Gabriel Bitar e Andr\u00e9 Catoto<\/p>\n\n\n\n<p>Roteiro: Eduardo Benaim e Gustavo Steinberg<\/p>\n\n\n\n<p>Distribui\u00e7\u00e3o: Elo Company e Europa Filmes<\/p>\n\n\n\n<p>Sinopse: Tito \u00e9 um menino t\u00edmido de 10 anos que mora com sua m\u00e3e. De repente, uma epidemia incomum come\u00e7a a se espalhar, tornando as pessoas doentes sempre que ficam assustadas. Tito rapidamente descobre que a cura est\u00e1, de algum modo, relacionada \u00e0 pesquisa do seu desaparecido pai sobre a m\u00fasica dos p\u00e1ssaros. Ele embarca em uma jornada para salvar o mundo da epidemia com seus amigos. A busca de Tito pelo ant\u00eddoto se torna uma busca pelo seu pai desaparecido e por sua pr\u00f3pria identidade.<\/p>\n\n\n\n<div class=\"wp-block-button\"><a class=\"wp-block-button__link\" href=\"https:\/\/aacic.com.br\/aescolanocinema\/2020\/filmes\/trailer-tito-e-os-passaros\/\" style=\"border-radius:10px\" target=\"_blank\" rel=\"noreferrer noopener\">Trailer<\/a><\/div>\n<\/div>\n<\/div>\n\n\n\n<div style=\"height:20px\" aria-hidden=\"true\" class=\"wp-block-spacer\"><\/div>\n\n\n\n<div class=\"wp-block-columns alignwide is-layout-flex wp-container-core-columns-is-layout-9d6595d7 wp-block-columns-is-layout-flex\">\n<div class=\"wp-block-column is-layout-flow wp-block-column-is-layout-flow\" style=\"flex-basis:33.33%\">\n<figure class=\"wp-block-image size-large is-style-default\"><img loading=\"lazy\" decoding=\"async\" width=\"430\" height=\"640\" src=\"https:\/\/aacic.com.br\/aescolanocinema\/2020\/wp-content\/uploads\/2019\/12\/longa-o-outro-lado-do-paraiso-cartaz.jpg\" alt=\"O Outro Lado do Para\u00edso\" class=\"wp-image-189\" srcset=\"https:\/\/aacic.com.br\/aescolanocinema\/2020\/wp-content\/uploads\/2019\/12\/longa-o-outro-lado-do-paraiso-cartaz.jpg 430w, https:\/\/aacic.com.br\/aescolanocinema\/2020\/wp-content\/uploads\/2019\/12\/longa-o-outro-lado-do-paraiso-cartaz-202x300.jpg 202w\" sizes=\"auto, (max-width: 430px) 100vw, 430px\" \/><\/figure>\n<\/div>\n\n\n\n<div class=\"wp-block-column is-layout-flow wp-block-column-is-layout-flow\" style=\"flex-basis:66.66%\">\n<h4 class=\"wp-block-heading\">O Outro Lado do Para\u00edso (a partir de 13 anos)<\/h4>\n\n\n\n<p><strong><em>O Outro Lado do Para\u00edso, Brasil, 2016, 1h40min<\/em><\/strong><\/p>\n\n\n\n<p>Produ\u00e7\u00e3o: Marcio Curi, Beth Curi, Pedro Rovai e Andr\u00e9 Ristum<\/p>\n\n\n\n<p>Dire\u00e7\u00e3o: Andr\u00e9 Ristum<\/p>\n\n\n\n<p>Roteiro: Marcelo M\u00fcller, Ricardo Tiezzi e Andr\u00e9 Ristum<\/p>\n\n\n\n<p>Distribui\u00e7\u00e3o: Europa Filmes<\/p>\n\n\n\n<p>Elenco: Eduardo Moscovis, Simone Iliescu, Jonas Bloch, Davi Galdeano<\/p>\n\n\n\n<p>Sinopse: Ant\u00f4nio faz o que pode para conseguir dinheiro para o sustento do lar. Atra\u00eddo pelas promessas do presidente Jo\u00e3o Goulart e pela ampla oferta de emprego, ele se muda para a Bras\u00edlia com a esposa e os filhos. O sonho da prosperidade \u00e9 interrompido pelo golpe militar e Ant\u00f4nio, envolvido com o sindicalismo, come\u00e7a a viver um pesadelo. A hist\u00f3ria \u00e9 narrada sob a \u00f3tica do filho de Ant\u00f4nio, Nando, de 11 anos. Filme baseado no livro hom\u00f4nimo do jornalista Luiz Fernando Emediato, cl\u00e1ssico da moderna literatura infanto-juvenil e adotado em diversas escolas do Pa\u00eds.<\/p>\n\n\n\n<div class=\"wp-block-button\"><a class=\"wp-block-button__link\" href=\"https:\/\/aacic.com.br\/aescolanocinema\/2020\/filmes\/trailer-o-outro-lado-do-paraiso\/\" style=\"border-radius:10px\" target=\"_blank\" rel=\"noreferrer noopener\">Trailer<\/a><\/div>\n<\/div>\n<\/div>\n\n\n\n<div style=\"height:20px\" aria-hidden=\"true\" class=\"wp-block-spacer\"><\/div>\n\n\n\n<div class=\"wp-block-group alignfull has-background\" style=\"background-color:#771111\"><div class=\"wp-block-group__inner-container is-layout-flow wp-block-group-is-layout-flow\">\n<h2 class=\"has-background-color has-text-color has-text-align-center wp-block-heading\" id=\"curtas\">Curtas-metragens<\/h2>\n\n\n\n<p><\/p>\n<\/div><\/div>\n\n\n\n<div style=\"height:20px\" aria-hidden=\"true\" class=\"wp-block-spacer\"><\/div>\n\n\n\n<div class=\"wp-block-columns alignwide is-layout-flex wp-container-core-columns-is-layout-9d6595d7 wp-block-columns-is-layout-flex\">\n<div class=\"wp-block-column is-layout-flow wp-block-column-is-layout-flow\" style=\"flex-basis:33.33%\">\n<figure class=\"wp-block-image size-large is-style-default\"><img loading=\"lazy\" decoding=\"async\" width=\"430\" height=\"640\" src=\"https:\/\/aacic.com.br\/aescolanocinema\/2020\/wp-content\/uploads\/2019\/12\/curta-a-piscina-de-caique.jpg\" alt=\"A Piscina de Ca\u00edque\" class=\"wp-image-206\" srcset=\"https:\/\/aacic.com.br\/aescolanocinema\/2020\/wp-content\/uploads\/2019\/12\/curta-a-piscina-de-caique.jpg 430w, https:\/\/aacic.com.br\/aescolanocinema\/2020\/wp-content\/uploads\/2019\/12\/curta-a-piscina-de-caique-202x300.jpg 202w\" sizes=\"auto, (max-width: 430px) 100vw, 430px\" \/><\/figure>\n<\/div>\n\n\n\n<div class=\"wp-block-column is-layout-flow wp-block-column-is-layout-flow\" style=\"flex-basis:66.66%\">\n<h4 class=\"wp-block-heading\">A Piscina de Ca\u00edque<\/h4>\n\n\n\n<p><strong><em>A Piscina de Ca\u00edque, Brasil, 2017, 15 minutos<\/em><\/strong><\/p>\n\n\n\n<p>Roteiro e Dire\u00e7\u00e3o: Raphael Gustavo da Silva<\/p>\n\n\n\n<p>Dire\u00e7\u00e3o de Produ\u00e7\u00e3o: Tamara Benetti<\/p>\n\n\n\n<p>Elenco: Lucas Orsida, Guilherme Augusto Silva, Eliana Santos, Ant\u00f4nio Pitanga<\/p>\n\n\n\n<p>Sinopse: Sonhando em ter uma piscina, Ca\u00edque e seu amigo insepar\u00e1vel se divertem escorregando no ch\u00e3o molhado e ensaboado da \u00e1rea de servi\u00e7o. Por causa do desperd\u00edcio de \u00e1gua, Ca\u00edque acaba criando problemas com sua m\u00e3e.<\/p>\n\n\n\n<p>Biografia do diretor: Graduado em Publicidade e Propaganda e p\u00f3s-graduado em Cinema e Audiovisual, tr\u00eas vezes vencedor do Concurso de Roteiros Goianos de Curtas-Metragens. Roteirista e diretor de curtas com mais de 80 sele\u00e7\u00f5es em festivais e 25 pr\u00eamios. Coordenador do Favera &#8211; Festival Audiovisual Vera Cruz e da \u00c9 N\u00f3is Ki T\u00e1 Produ\u00e7\u00f5es. Em 2016, recebeu o diploma de Destaque Cultural do Ano no Audiovisual, atribu\u00eddo pelo Governo do Estado de Goi\u00e1s.<\/p>\n\n\n\n<div class=\"wp-block-button\"><a class=\"wp-block-button__link\" href=\"https:\/\/aacic.com.br\/aescolanocinema\/2020\/filmes\/trailer-a-piscina-de-caique\/\" style=\"border-radius:10px\" target=\"_blank\" rel=\"noreferrer noopener\">TRailer<\/a><\/div>\n<\/div>\n<\/div>\n\n\n\n<div style=\"height:20px\" aria-hidden=\"true\" class=\"wp-block-spacer\"><\/div>\n\n\n\n<div class=\"wp-block-columns alignwide is-layout-flex wp-container-core-columns-is-layout-9d6595d7 wp-block-columns-is-layout-flex\">\n<div class=\"wp-block-column is-layout-flow wp-block-column-is-layout-flow\" style=\"flex-basis:33.33%\">\n<figure class=\"wp-block-image size-large is-style-default\"><img loading=\"lazy\" decoding=\"async\" width=\"430\" height=\"640\" src=\"https:\/\/aacic.com.br\/aescolanocinema\/2020\/wp-content\/uploads\/2019\/12\/curta-eric-acorde.jpg\" alt=\"Eric Acorde\" class=\"wp-image-212\" srcset=\"https:\/\/aacic.com.br\/aescolanocinema\/2020\/wp-content\/uploads\/2019\/12\/curta-eric-acorde.jpg 430w, https:\/\/aacic.com.br\/aescolanocinema\/2020\/wp-content\/uploads\/2019\/12\/curta-eric-acorde-202x300.jpg 202w\" sizes=\"auto, (max-width: 430px) 100vw, 430px\" \/><\/figure>\n<\/div>\n\n\n\n<div class=\"wp-block-column is-layout-flow wp-block-column-is-layout-flow\" style=\"flex-basis:66.66%\">\n<h4 class=\"wp-block-heading\">Eric Acorde<\/h4>\n\n\n\n<p><strong><em>Eric Acorde, Brasil, 2016, 8 minutos<\/em><\/strong><\/p>\n\n\n\n<p>Produ\u00e7\u00e3o Executiva: Patricia Baia<\/p>\n\n\n\n<p>Dire\u00e7\u00e3o: Telmo Carvalho<\/p>\n\n\n\n<p>Roteiro: Mariana Medina e Petrus de Bairros<\/p>\n\n\n\n<p>Sinopse: Eric Acorde \u00e9 uma s\u00e9rie de anima\u00e7\u00e3o infantil povoada por personagens e cen\u00e1rios do universo da m\u00fasica e dos sonhos. Acompanhamos as aventuras de Eric, um sens\u00edvel garoto de 10 anos que possui uma caixinha de m\u00fasica m\u00e1gica. O objeto tem misteriosos poderes que conectam a realidade e os sonhos do menino apaixonado por m\u00fasica. A caixinha se comunica com o garoto, lhe d\u00e1 conselhos e pode tanto transport\u00e1-lo para o mundo dos sonhos quanto trazer de l\u00e1 elementos para a realidade dele. Juntos, precisam impedir que o Pierr\u00f4, um ser metam\u00f3rfico, atrapalhe a harmonia dos mundos.<\/p>\n\n\n\n<div class=\"wp-block-button\"><a class=\"wp-block-button__link\" href=\"https:\/\/aacic.com.br\/aescolanocinema\/2020\/filmes\/trailer-eric-acorde\/\" style=\"border-radius:10px\" target=\"_blank\" rel=\"noreferrer noopener\">Trailer<\/a><\/div>\n<\/div>\n<\/div>\n\n\n\n<div style=\"height:20px\" aria-hidden=\"true\" class=\"wp-block-spacer\"><\/div>\n\n\n\n<div class=\"wp-block-columns alignwide is-layout-flex wp-container-core-columns-is-layout-9d6595d7 wp-block-columns-is-layout-flex\">\n<div class=\"wp-block-column is-layout-flow wp-block-column-is-layout-flow\" style=\"flex-basis:33.33%\">\n<figure class=\"wp-block-image size-large is-style-default\"><img loading=\"lazy\" decoding=\"async\" width=\"430\" height=\"640\" src=\"https:\/\/aacic.com.br\/aescolanocinema\/2020\/wp-content\/uploads\/2019\/12\/curta-la-do-alto.jpg\" alt=\"L\u00e1 do Alto\" class=\"wp-image-220\" srcset=\"https:\/\/aacic.com.br\/aescolanocinema\/2020\/wp-content\/uploads\/2019\/12\/curta-la-do-alto.jpg 430w, https:\/\/aacic.com.br\/aescolanocinema\/2020\/wp-content\/uploads\/2019\/12\/curta-la-do-alto-202x300.jpg 202w\" sizes=\"auto, (max-width: 430px) 100vw, 430px\" \/><\/figure>\n<\/div>\n\n\n\n<div class=\"wp-block-column is-layout-flow wp-block-column-is-layout-flow\" style=\"flex-basis:66.66%\">\n<h4 class=\"wp-block-heading\">L\u00e1 do Alto<\/h4>\n\n\n\n<p><strong><em>L\u00e1 do Alto, Brasil, 2016, 8 minutos<\/em><\/strong><\/p>\n\n\n\n<p>Dire\u00e7\u00e3o e Roteiro: Luciano Vidigal<\/p>\n\n\n\n<p>Produ\u00e7\u00e3o: N\u00f3s do Morro, Cavideo e MZ3<\/p>\n\n\n\n<p>Elenco: Tawan Lucas, Sandro Mattos, Andr\u00e9 Luiz Venancio<\/p>\n\n\n\n<p>Sinopse: Como cessar a dor silenciosa de uma crian\u00e7a que sente saudades da av\u00f3 que morreu? Atrav\u00e9s do mundo l\u00fadico infantil e de imagens privilegiadas da cidade do Rio de Janeiro, vista do alto da favela do Vidigal, o filme mostra a hist\u00f3ria de um menino sonhador que deseja conhecer o alto de uma pedra.<\/p>\n\n\n\n<p>Biografia do diretor: Nasceu e foi criado na comunidade do Vidigal, no Rio de Janeiro. Ator, roteirista, diretor de teatro e cinema e professor de teatro. Formado pela CAL (Casa das Artes de Laranjeiras). Roteirizou e dirigiu um dos epis\u00f3dios do longa &#8220;5x Favela&#8221; (Sele\u00e7\u00e3o Oficial do Festival de Cannes, 2010), duas temporadas do seriado de TV &#8220;Mais Vezes Favela&#8221; e os document\u00e1rios &#8220;Copa Vidigal&#8221; , &#8220;5x Pacifica\u00e7\u00e3o&#8221; e &#8220;Cidade de Deus 10 Anos Depois&#8221;. Preparou o elenco dos longas &#8220;N\u00e3o Se Pode Viver Sem Amor&#8221; de Jorge Duran e &#8220;O Grande Circo M\u00edstico&#8221; de Cac\u00e1 Diegues. Premiado com os curtas-metragens &#8220;Neguinho e Kika&#8221; e &#8220;L\u00e1 do Alto&#8221; e com o filme &#8220;Sete Minutos&#8221;. Atuou em vinte cinco filmes e trabalhou na pesquisa de elenco do filme &#8220;Cidade de Deus&#8221; de Fernando Meirelles.<\/p>\n<\/div>\n<\/div>\n\n\n\n<div style=\"height:20px\" aria-hidden=\"true\" class=\"wp-block-spacer\"><\/div>\n\n\n\n<div class=\"wp-block-columns alignwide is-layout-flex wp-container-core-columns-is-layout-9d6595d7 wp-block-columns-is-layout-flex\">\n<div class=\"wp-block-column is-layout-flow wp-block-column-is-layout-flow\" style=\"flex-basis:33.33%\">\n<figure class=\"wp-block-image size-large is-style-default\"><img loading=\"lazy\" decoding=\"async\" width=\"430\" height=\"640\" src=\"https:\/\/aacic.com.br\/aescolanocinema\/2020\/wp-content\/uploads\/2019\/12\/curta-caminho-dos-gigantes.jpg\" alt=\"Caminho dos Gigantes\" class=\"wp-image-225\" srcset=\"https:\/\/aacic.com.br\/aescolanocinema\/2020\/wp-content\/uploads\/2019\/12\/curta-caminho-dos-gigantes.jpg 430w, https:\/\/aacic.com.br\/aescolanocinema\/2020\/wp-content\/uploads\/2019\/12\/curta-caminho-dos-gigantes-202x300.jpg 202w\" sizes=\"auto, (max-width: 430px) 100vw, 430px\" \/><\/figure>\n<\/div>\n\n\n\n<div class=\"wp-block-column is-layout-flow wp-block-column-is-layout-flow\" style=\"flex-basis:66.66%\">\n<h4 class=\"wp-block-heading\">Caminho dos Gigantes<\/h4>\n\n\n\n<p><strong><em>Caminho dos Gigantes, Brasil, 2016, 12 minutos<\/em><\/strong><\/p>\n\n\n\n<p>Produ\u00e7\u00e3o, Dire\u00e7\u00e3o e Roteiro: Alois Di Leo<\/p>\n\n\n\n<p>Produ\u00e7\u00e3o: Sinlogo Animation<\/p>\n\n\n\n<p>Sinopse: Uma busca po\u00e9tica pela raz\u00e3o e prop\u00f3sito da vida que conta a hist\u00f3ria de Oquir\u00e1, uma menina ind\u00edgena de seis anos que vai desafiar o seu destino e entender o ciclo da vida. O filme explora as for\u00e7as da natureza e a nossa conex\u00e3o com a terra e os seus elementos.<\/p>\n\n\n\n<p>Biografia do diretor: Alois Di Leo \u00e9 diretor, produtor, escritor e animador. Nascido em Lima (Peru), cresceu em S\u00e3o Paulo, onde fundou o est\u00fadio de anima\u00e7\u00e3o Sinlogo Animation. J\u00e1 trabalhou em comerciais, videoclipes, s\u00e9ries de TV e curtas-metragens.<\/p>\n\n\n\n<div class=\"wp-block-button\"><a class=\"wp-block-button__link\" href=\"https:\/\/aacic.com.br\/aescolanocinema\/2020\/filmes\/trailer-caminho-dos-gigantes\/\" style=\"border-radius:10px\" target=\"_blank\" rel=\"noreferrer noopener\">Trailer<\/a><\/div>\n<\/div>\n<\/div>\n\n\n\n<div style=\"height:20px\" aria-hidden=\"true\" class=\"wp-block-spacer\"><\/div>\n\n\n\n<div class=\"wp-block-columns alignwide is-layout-flex wp-container-core-columns-is-layout-9d6595d7 wp-block-columns-is-layout-flex\">\n<div class=\"wp-block-column is-layout-flow wp-block-column-is-layout-flow\" style=\"flex-basis:33.33%\">\n<figure class=\"wp-block-image size-large is-style-default\"><img loading=\"lazy\" decoding=\"async\" width=\"430\" height=\"640\" src=\"https:\/\/aacic.com.br\/aescolanocinema\/2020\/wp-content\/uploads\/2019\/12\/curta-vida-maria.jpg\" alt=\"Vida Maria\" class=\"wp-image-238\" srcset=\"https:\/\/aacic.com.br\/aescolanocinema\/2020\/wp-content\/uploads\/2019\/12\/curta-vida-maria.jpg 430w, https:\/\/aacic.com.br\/aescolanocinema\/2020\/wp-content\/uploads\/2019\/12\/curta-vida-maria-202x300.jpg 202w\" sizes=\"auto, (max-width: 430px) 100vw, 430px\" \/><\/figure>\n<\/div>\n\n\n\n<div class=\"wp-block-column is-layout-flow wp-block-column-is-layout-flow\" style=\"flex-basis:66.66%\">\n<h4 class=\"wp-block-heading\">Vida Maria<\/h4>\n\n\n\n<p><strong><em>Vida Maria, Brasil, 2007, 9 minutos<\/em><\/strong><\/p>\n\n\n\n<p>Dire\u00e7\u00e3o, Roteiro e Edi\u00e7\u00e3o: M\u00e1rcio Ramos<\/p>\n\n\n\n<p>Produ\u00e7\u00e3o: Joelma Ramos e M\u00e1rcio Ramos<\/p>\n\n\n\n<p>Sinopse: Maria Jos\u00e9, uma menina de 5 anos de idade, \u00e9 obrigada a largar os estudos para cuidar dos afazeres dom\u00e9sticos e trabalhar na ro\u00e7a. Enquanto trabalha, ela cresce, casa, tem filhos, envelhece e o ciclo continua a se reproduzir nas outras Marias e suas filhas, netas e bisnetas.<\/p>\n\n\n\n<p>Biografia do diretor: Ga\u00facho residente em Fortaleza (CE) desde a inf\u00e2ncia, onde trabalha desde 1991 como editor de v\u00eddeo, designer, diretor e produtor de anima\u00e7\u00e3o para TV, filmes e internet. &#8220;Vida Maria&#8221; \u00e9 seu primeiro curta-metragem 35mm. Finalizado em 2006, acumula mais de 40 pr\u00eamios em festivais de cinema nacionais e internacionais.<\/p>\n\n\n\n<div class=\"wp-block-button\"><a class=\"wp-block-button__link\" href=\"https:\/\/aacic.com.br\/aescolanocinema\/2020\/filmes\/trailer-vida-maria\/\" style=\"border-radius:10px\" target=\"_blank\" rel=\"noreferrer noopener\">Trailer<\/a><\/div>\n<\/div>\n<\/div>\n","protected":false},"excerpt":{"rendered":"<p>Longas-metragens Peixonauta &#8211; O Filme (4 a 6 anos) Peixonauta, Brasil, 2016, 77 minutos Produ\u00e7\u00e3o: TV PinGuim Dire\u00e7\u00e3o: C\u00e9lia Catunda, Kiko Mistrorigo e Rodrigo Eba Roteiro: Marcela Catunda e Marcus Aurelius Pimenta Distribui\u00e7\u00e3o: RioFilme Sinopse: Quando o Doutor Jardim n\u00e3o retorna da cidade, Peixonauta, Marina e Zico partem para resgat\u00e1-lo. Mas quando chegam l\u00e1, algo [&hellip;]<\/p>\n","protected":false},"author":1,"featured_media":0,"parent":0,"menu_order":4,"comment_status":"closed","ping_status":"closed","template":"","meta":{"footnotes":""},"class_list":["post-132","page","type-page","status-publish","hentry"],"_links":{"self":[{"href":"https:\/\/aacic.com.br\/aescolanocinema\/2020\/wp-json\/wp\/v2\/pages\/132","targetHints":{"allow":["GET"]}}],"collection":[{"href":"https:\/\/aacic.com.br\/aescolanocinema\/2020\/wp-json\/wp\/v2\/pages"}],"about":[{"href":"https:\/\/aacic.com.br\/aescolanocinema\/2020\/wp-json\/wp\/v2\/types\/page"}],"author":[{"embeddable":true,"href":"https:\/\/aacic.com.br\/aescolanocinema\/2020\/wp-json\/wp\/v2\/users\/1"}],"replies":[{"embeddable":true,"href":"https:\/\/aacic.com.br\/aescolanocinema\/2020\/wp-json\/wp\/v2\/comments?post=132"}],"version-history":[{"count":56,"href":"https:\/\/aacic.com.br\/aescolanocinema\/2020\/wp-json\/wp\/v2\/pages\/132\/revisions"}],"predecessor-version":[{"id":468,"href":"https:\/\/aacic.com.br\/aescolanocinema\/2020\/wp-json\/wp\/v2\/pages\/132\/revisions\/468"}],"wp:attachment":[{"href":"https:\/\/aacic.com.br\/aescolanocinema\/2020\/wp-json\/wp\/v2\/media?parent=132"}],"curies":[{"name":"wp","href":"https:\/\/api.w.org\/{rel}","templated":true}]}}