{"id":253,"date":"2019-12-18T19:49:30","date_gmt":"2019-12-18T19:49:30","guid":{"rendered":"https:\/\/aacic.com.br\/aescolanocinema\/2020\/?page_id=253"},"modified":"2020-02-28T01:18:12","modified_gmt":"2020-02-28T01:18:12","slug":"formulario-de-inscricao-de-escolas","status":"publish","type":"page","link":"https:\/\/aacic.com.br\/aescolanocinema\/2020\/inscricoes\/formulario-de-inscricao-de-escolas\/","title":{"rendered":"Formul\u00e1rio de inscri\u00e7\u00e3o de escolas"},"content":{"rendered":"\n<div class=\"wp-block-group alignfull has-background\" style=\"background-color:#771111\"><div class=\"wp-block-group__inner-container is-layout-flow wp-block-group-is-layout-flow\">\n<h2 class=\"has-background-color has-text-color has-text-align-center wp-block-heading\">Formul\u00e1rio de Inscri\u00e7\u00e3o de Escolas<\/h2>\n\n\n\n<p><\/p>\n<\/div><\/div>\n\n\n\n<div style=\"height:20px\" aria-hidden=\"true\" class=\"wp-block-spacer\"><\/div>\n\n\n\n<p><strong><em>*Para realizar a inscri\u00e7\u00e3o \u00e9 necess\u00e1ria a participa\u00e7\u00e3o de 90 alunos<\/em><\/strong><\/p>\n\n\n\n<div style=\"height:50px\" aria-hidden=\"true\" class=\"wp-block-spacer\"><\/div>\n\n\n\n<p class=\"has-text-color has-accent-color\"><strong>Atualiza\u00e7\u00e3o em 27\/02\/2020:<\/strong><\/p>\n\n\n\n<p class=\"has-text-color has-accent-color\">Prezado(a) professor(a),<\/p>\n\n\n\n<p class=\"has-text-color has-accent-color\">Nossas vagas est\u00e3o esgotadas, mas manteremos a sua inscri\u00e7\u00e3o em nossa lista de reserva. Caso haja alguma desist\u00eancia, entraremos em contato com voc\u00ea.<\/p>\n\n\n\n<p class=\"has-text-color has-accent-color\">Se n\u00e3o for poss\u00edvel atender \u00e0 sua escola ou \u00e0 sua turma neste momento, esperamos poder contempl\u00e1-la na pr\u00f3xima edi\u00e7\u00e3o do projeto A Escola no Cinema.<\/p>\n\n\n\n<p class=\"has-text-color has-accent-color\">Atenciosamente,<\/p>\n\n\n\n<p class=\"has-text-color has-accent-color\">Coordena\u00e7\u00e3o do projeto A Escola no Cinema<\/p>\n\n\n\n<div style=\"height:50px\" aria-hidden=\"true\" class=\"wp-block-spacer\"><\/div>\n\n\n\n\n<div class=\"wpcf7 no-js\" id=\"wpcf7-f252-o1\" lang=\"pt-BR\" dir=\"ltr\" data-wpcf7-id=\"252\">\n<div class=\"screen-reader-response\"><p role=\"status\" aria-live=\"polite\" aria-atomic=\"true\"><\/p> <ul><\/ul><\/div>\n<form action=\"\/aescolanocinema\/2020\/wp-json\/wp\/v2\/pages\/253#wpcf7-f252-o1\" method=\"post\" class=\"wpcf7-form init\" aria-label=\"Formul\u00e1rios de contato\" novalidate=\"novalidate\" data-status=\"init\">\n<fieldset class=\"hidden-fields-container\"><input type=\"hidden\" name=\"_wpcf7\" value=\"252\" \/><input type=\"hidden\" name=\"_wpcf7_version\" value=\"6.1.4\" \/><input type=\"hidden\" name=\"_wpcf7_locale\" value=\"pt_BR\" \/><input type=\"hidden\" name=\"_wpcf7_unit_tag\" value=\"wpcf7-f252-o1\" \/><input type=\"hidden\" name=\"_wpcf7_container_post\" value=\"0\" \/><input type=\"hidden\" name=\"_wpcf7_posted_data_hash\" value=\"\" \/><input type=\"hidden\" name=\"_wpcf7_recaptcha_response\" value=\"\" \/>\n<\/fieldset>\n<p><label> Nome do professor respons\u00e1vel<br \/>\n<span class=\"wpcf7-form-control-wrap\" data-name=\"nome-prof\"><input size=\"40\" maxlength=\"400\" class=\"wpcf7-form-control wpcf7-text wpcf7-validates-as-required\" aria-required=\"true\" aria-invalid=\"false\" value=\"\" type=\"text\" name=\"nome-prof\" \/><\/span> <\/label>\n<\/p>\n<p><label> Telefone celular do professor respons\u00e1vel<br \/>\n<span class=\"wpcf7-form-control-wrap\" data-name=\"celular-prof\"><input size=\"40\" maxlength=\"400\" class=\"wpcf7-form-control wpcf7-text wpcf7-validates-as-required\" aria-required=\"true\" aria-invalid=\"false\" value=\"\" type=\"text\" name=\"celular-prof\" \/><\/span> <\/label>\n<\/p>\n<p><label> E-mail do professor respons\u00e1vel<br \/>\n<span class=\"wpcf7-form-control-wrap\" data-name=\"mail-prof\"><input size=\"40\" maxlength=\"400\" class=\"wpcf7-form-control wpcf7-email wpcf7-validates-as-required wpcf7-text wpcf7-validates-as-email\" aria-required=\"true\" aria-invalid=\"false\" value=\"\" type=\"email\" name=\"mail-prof\" \/><\/span> <\/label>\n<\/p>\n<p><label> Nome do diretor<br \/>\n<span class=\"wpcf7-form-control-wrap\" data-name=\"nome-dir\"><input size=\"40\" maxlength=\"400\" class=\"wpcf7-form-control wpcf7-text wpcf7-validates-as-required\" aria-required=\"true\" aria-invalid=\"false\" value=\"\" type=\"text\" name=\"nome-dir\" \/><\/span> <\/label>\n<\/p>\n<p><label> Telefone celular do diretor<br \/>\n<span class=\"wpcf7-form-control-wrap\" data-name=\"celular-dir\"><input size=\"40\" maxlength=\"400\" class=\"wpcf7-form-control wpcf7-text wpcf7-validates-as-required\" aria-required=\"true\" aria-invalid=\"false\" value=\"\" type=\"text\" name=\"celular-dir\" \/><\/span> <\/label>\n<\/p>\n<p><label> Nome do vice-diretor<br \/>\n<span class=\"wpcf7-form-control-wrap\" data-name=\"nome-vice\"><input size=\"40\" maxlength=\"400\" class=\"wpcf7-form-control wpcf7-text wpcf7-validates-as-required\" aria-required=\"true\" aria-invalid=\"false\" value=\"\" type=\"text\" name=\"nome-vice\" \/><\/span> <\/label>\n<\/p>\n<p><label> Telefone celular do vice-diretor<br \/>\n<span class=\"wpcf7-form-control-wrap\" data-name=\"celular-vice\"><input size=\"40\" maxlength=\"400\" class=\"wpcf7-form-control wpcf7-text wpcf7-validates-as-required\" aria-required=\"true\" aria-invalid=\"false\" value=\"\" type=\"text\" name=\"celular-vice\" \/><\/span> <\/label>\n<\/p>\n<p><label> Nome da escola<br \/>\n<span class=\"wpcf7-form-control-wrap\" data-name=\"escola\"><input size=\"40\" maxlength=\"400\" class=\"wpcf7-form-control wpcf7-text wpcf7-validates-as-required\" aria-required=\"true\" aria-invalid=\"false\" value=\"\" type=\"text\" name=\"escola\" \/><\/span> <\/label>\n<\/p>\n<p><label> Telefone fixo da escola<br \/>\n<span class=\"wpcf7-form-control-wrap\" data-name=\"fone\"><input size=\"40\" maxlength=\"400\" class=\"wpcf7-form-control wpcf7-text wpcf7-validates-as-required\" aria-required=\"true\" aria-invalid=\"false\" value=\"\" type=\"text\" name=\"fone\" \/><\/span> <\/label>\n<\/p>\n<p><label> CEP da escola<br \/>\n<span class=\"wpcf7-form-control-wrap\" data-name=\"cep\"><input size=\"40\" maxlength=\"400\" class=\"wpcf7-form-control wpcf7-text wpcf7-validates-as-required cf7-cep-autofill\" aria-required=\"true\" aria-invalid=\"false\" value=\"\" type=\"text\" name=\"cep\" \/><\/span> <\/label>\n<\/p>\n<p><label> Logradouro e n\u00famero da escola<br \/>\n<span class=\"wpcf7-form-control-wrap\" data-name=\"logradouro\"><input size=\"40\" maxlength=\"400\" class=\"wpcf7-form-control wpcf7-text wpcf7-validates-as-required cf7-cep-autofill__rua\" aria-required=\"true\" aria-invalid=\"false\" value=\"\" type=\"text\" name=\"logradouro\" \/><\/span> <\/label>\n<\/p>\n<p><label> Bairro da escola<br \/>\n<span class=\"wpcf7-form-control-wrap\" data-name=\"bairro\"><input size=\"40\" maxlength=\"400\" class=\"wpcf7-form-control wpcf7-text wpcf7-validates-as-required cf7-cep-autofill__bairro\" aria-required=\"true\" aria-invalid=\"false\" value=\"\" type=\"text\" name=\"bairro\" \/><\/span> <\/label>\n<\/p>\n<p><label> Cidade da escola<br \/>\n<span class=\"wpcf7-form-control-wrap\" data-name=\"cidade\"><input size=\"40\" maxlength=\"400\" class=\"wpcf7-form-control wpcf7-text wpcf7-validates-as-required cf7-cep-autofill__cidade\" aria-required=\"true\" aria-invalid=\"false\" value=\"\" type=\"text\" name=\"cidade\" \/><\/span> <\/label>\n<\/p>\n<p><label> UF da escola<br \/>\n<span class=\"wpcf7-form-control-wrap\" data-name=\"estado\"><input size=\"40\" maxlength=\"400\" class=\"wpcf7-form-control wpcf7-text wpcf7-validates-as-required cf7-cep-autofill__uf\" aria-required=\"true\" aria-invalid=\"false\" value=\"\" type=\"text\" name=\"estado\" \/><\/span> <\/label>\n<\/p>\n<p>Turno (escolha apenas uma op\u00e7\u00e3o)<br \/>\n<span class=\"wpcf7-form-control-wrap\" data-name=\"checkbox-turno\"><span class=\"wpcf7-form-control wpcf7-checkbox wpcf7-validates-as-required wpcf7-exclusive-checkbox\"><span class=\"wpcf7-list-item first\"><input type=\"checkbox\" name=\"checkbox-turno\" value=\"Matutino\" \/><span class=\"wpcf7-list-item-label\">Matutino<\/span><\/span><span class=\"wpcf7-list-item\"><input type=\"checkbox\" name=\"checkbox-turno\" value=\"Vespertino\" \/><span class=\"wpcf7-list-item-label\">Vespertino<\/span><\/span><span class=\"wpcf7-list-item last\"><input type=\"checkbox\" name=\"checkbox-turno\" value=\"Noturno\" \/><span class=\"wpcf7-list-item-label\">Noturno<\/span><\/span><\/span><\/span>\n<\/p>\n<p>Faixa et\u00e1ria (escolha apenas uma op\u00e7\u00e3o)<br \/>\n<span class=\"wpcf7-form-control-wrap\" data-name=\"checkbox-idade\"><span class=\"wpcf7-form-control wpcf7-checkbox wpcf7-validates-as-required wpcf7-exclusive-checkbox\"><span class=\"wpcf7-list-item first\"><input type=\"checkbox\" name=\"checkbox-idade\" value=\"4 a 6 anos\" \/><span class=\"wpcf7-list-item-label\">4 a 6 anos<\/span><\/span><span class=\"wpcf7-list-item\"><input type=\"checkbox\" name=\"checkbox-idade\" value=\"7 a 9 anos\" \/><span class=\"wpcf7-list-item-label\">7 a 9 anos<\/span><\/span><span class=\"wpcf7-list-item\"><input type=\"checkbox\" name=\"checkbox-idade\" value=\"10 a 12 anos\" \/><span class=\"wpcf7-list-item-label\">10 a 12 anos<\/span><\/span><span class=\"wpcf7-list-item last\"><input type=\"checkbox\" name=\"checkbox-idade\" value=\"13 anos acima\" \/><span class=\"wpcf7-list-item-label\">13 anos acima<\/span><\/span><\/span><\/span>\n<\/p>\n<p><input class=\"wpcf7-form-control wpcf7-submit has-spinner\" type=\"submit\" value=\"Enviar\" \/>\n<\/p><div class=\"wpcf7-response-output\" aria-hidden=\"true\"><\/div>\n<\/form>\n<\/div>\n\n","protected":false},"excerpt":{"rendered":"<p>Formul\u00e1rio de Inscri\u00e7\u00e3o de Escolas *Para realizar a inscri\u00e7\u00e3o \u00e9 necess\u00e1ria a participa\u00e7\u00e3o de 90 alunos Atualiza\u00e7\u00e3o em 27\/02\/2020: Prezado(a) professor(a), Nossas vagas est\u00e3o esgotadas, mas manteremos a sua inscri\u00e7\u00e3o em nossa lista de reserva. Caso haja alguma desist\u00eancia, entraremos em contato com voc\u00ea. Se n\u00e3o for poss\u00edvel atender \u00e0 sua escola ou \u00e0 sua [&hellip;]<\/p>\n","protected":false},"author":1,"featured_media":0,"parent":248,"menu_order":0,"comment_status":"closed","ping_status":"closed","template":"","meta":{"footnotes":""},"class_list":["post-253","page","type-page","status-publish","hentry"],"_links":{"self":[{"href":"https:\/\/aacic.com.br\/aescolanocinema\/2020\/wp-json\/wp\/v2\/pages\/253","targetHints":{"allow":["GET"]}}],"collection":[{"href":"https:\/\/aacic.com.br\/aescolanocinema\/2020\/wp-json\/wp\/v2\/pages"}],"about":[{"href":"https:\/\/aacic.com.br\/aescolanocinema\/2020\/wp-json\/wp\/v2\/types\/page"}],"author":[{"embeddable":true,"href":"https:\/\/aacic.com.br\/aescolanocinema\/2020\/wp-json\/wp\/v2\/users\/1"}],"replies":[{"embeddable":true,"href":"https:\/\/aacic.com.br\/aescolanocinema\/2020\/wp-json\/wp\/v2\/comments?post=253"}],"version-history":[{"count":11,"href":"https:\/\/aacic.com.br\/aescolanocinema\/2020\/wp-json\/wp\/v2\/pages\/253\/revisions"}],"predecessor-version":[{"id":506,"href":"https:\/\/aacic.com.br\/aescolanocinema\/2020\/wp-json\/wp\/v2\/pages\/253\/revisions\/506"}],"up":[{"embeddable":true,"href":"https:\/\/aacic.com.br\/aescolanocinema\/2020\/wp-json\/wp\/v2\/pages\/248"}],"wp:attachment":[{"href":"https:\/\/aacic.com.br\/aescolanocinema\/2020\/wp-json\/wp\/v2\/media?parent=253"}],"curies":[{"name":"wp","href":"https:\/\/api.w.org\/{rel}","templated":true}]}}