{"id":275,"date":"2019-12-19T14:59:27","date_gmt":"2019-12-19T14:59:27","guid":{"rendered":"https:\/\/aacic.com.br\/aescolanocinema\/2020\/?page_id=275"},"modified":"2020-03-11T13:36:13","modified_gmt":"2020-03-11T13:36:13","slug":"ficha-tecnica","status":"publish","type":"page","link":"https:\/\/aacic.com.br\/aescolanocinema\/2020\/ficha-tecnica\/","title":{"rendered":"Ficha t\u00e9cnica"},"content":{"rendered":"\n<div class=\"wp-block-group alignfull has-background\" style=\"background-color:#771111\"><div class=\"wp-block-group__inner-container is-layout-flow wp-block-group-is-layout-flow\">\n<h2 class=\"has-background-color has-text-color has-text-align-center wp-block-heading\">Ficha T\u00e9cnica<\/h2>\n\n\n\n<p><\/p>\n<\/div><\/div>\n\n\n\n<div style=\"height:20px\" aria-hidden=\"true\" class=\"wp-block-spacer\"><\/div>\n\n\n\n<p class=\"has-text-align-center\"><em>Coordena\u00e7\u00e3o Geral<\/em><br> <strong>Nilson Rodrigues<\/strong><\/p>\n\n\n\n<p class=\"has-text-align-center\"><em>Coordena\u00e7\u00e3o Pedag\u00f3gica<\/em><br> <strong>Cl\u00e9ria Costa<\/strong><\/p>\n\n\n\n<p class=\"has-text-align-center\"><em>Coordena\u00e7\u00e3o Administrativo-Financeira<\/em><br> <strong>Dulcineia Miranda<\/strong><\/p>\n\n\n\n<p class=\"has-text-align-center\"><em>Coordena\u00e7\u00e3o de Transporte<\/em><br> <strong>M\u00e1rcia Rodrigues Rocha<\/strong><br><strong>Andressa Schaefer<\/strong><\/p>\n\n\n\n<p class=\"has-text-align-center\"> <em>Assist\u00eancia de Produ\u00e7\u00e3o<\/em><br><strong>Cintia Guedes<\/strong><\/p>\n\n\n\n<p class=\"has-text-align-center\"><em>Monitoria<\/em><br> <strong>Helena C. Montanha B\u00farigo<br>Marcos Fonseca<br>Ivana Tobias Costa da Fonseca<\/strong><\/p>\n\n\n\n<p class=\"has-text-align-center\"><em>Webdesign<\/em><br> <strong>\u00c9der F. Yanaguita<\/strong><\/p>\n\n\n\n<p class=\"has-text-align-center\"><em>Design Gr\u00e1fico e Assessoria de Redes Sociais<\/em><br><strong>Zabel\u00ea Comunica\u00e7\u00e3o<\/strong><\/p>\n\n\n\n<p class=\"has-text-align-center\"><em>Assessoria de Imprensa<\/em><br><strong>Rosane Amaral<\/strong><\/p>\n\n\n\n<p class=\"has-text-align-center\"><em>Fotografia<\/em><br><strong>Filipe Duque<\/strong><\/p>\n\n\n\n<p class=\"has-text-align-center\"><em>Curadoria<\/em><br> <strong>Luciana Druzina<br>Cl\u00e9ria Costa<br>Nilson Rodrigues<\/strong> <br><\/p>\n\n\n\n<div style=\"height:20px\" aria-hidden=\"true\" class=\"wp-block-spacer\"><\/div>\n\n\n\n<div class=\"wp-block-image\"><figure class=\"aligncenter size-large\"><img loading=\"lazy\" decoding=\"async\" width=\"560\" height=\"168\" src=\"https:\/\/aacic.com.br\/aescolanocinema\/2020\/wp-content\/uploads\/2020\/01\/assinaturas-ficha-tecnica-560x168-1.png\" alt=\"Assinaturas de Realiza\u00e7\u00e3o e Apoio\" class=\"wp-image-497\" srcset=\"https:\/\/aacic.com.br\/aescolanocinema\/2020\/wp-content\/uploads\/2020\/01\/assinaturas-ficha-tecnica-560x168-1.png 560w, https:\/\/aacic.com.br\/aescolanocinema\/2020\/wp-content\/uploads\/2020\/01\/assinaturas-ficha-tecnica-560x168-1-300x90.png 300w\" sizes=\"auto, (max-width: 560px) 100vw, 560px\" \/><\/figure><\/div>\n\n\n\n<div style=\"height:30px\" aria-hidden=\"true\" class=\"wp-block-spacer\"><\/div>\n\n\n\n<p class=\"has-text-align-center\"><strong>Termo de Fomento (MROSC) n\u00ba 49\/2019<\/strong><\/p>\n\n\n\n<p class=\"has-text-align-center\"><em>Data de assinatura<\/em><br><strong>17 de outubro de 2019<\/strong><\/p>\n\n\n\n<p class=\"has-text-align-center\"><em>OSC<\/em><br><strong>Associa\u00e7\u00e3o dos Amigos do Cinema e da Cultura<\/strong><\/p>\n\n\n\n<p class=\"has-text-align-center\"><em>CNPJ<\/em><br><strong>08.902.167\/0001-50<\/strong><\/p>\n\n\n\n<p class=\"has-text-align-center\"><em>Descri\u00e7\u00e3o do objeto da parceria<\/em><br><strong>Proporcionar a visita de alunos do ensino fundamental e m\u00e9dio da rede p\u00fablica de ensino do Distrito Federal (Regi\u00f5es Administrativas e Plano Piloto) ao cinema, aproximando-os desta vertente cultural, especialmente do cinema brasileiro.<\/strong><\/p>\n\n\n\n<p class=\"has-text-align-center\"><em>Valor total da parceria<\/em><br><strong>R$ 260.000,00<\/strong><\/p>\n","protected":false},"excerpt":{"rendered":"<p>Ficha T\u00e9cnica Coordena\u00e7\u00e3o Geral Nilson Rodrigues Coordena\u00e7\u00e3o Pedag\u00f3gica Cl\u00e9ria Costa Coordena\u00e7\u00e3o Administrativo-Financeira Dulcineia Miranda Coordena\u00e7\u00e3o de Transporte M\u00e1rcia Rodrigues RochaAndressa Schaefer Assist\u00eancia de Produ\u00e7\u00e3oCintia Guedes Monitoria Helena C. Montanha B\u00farigoMarcos FonsecaIvana Tobias Costa da Fonseca Webdesign \u00c9der F. Yanaguita Design Gr\u00e1fico e Assessoria de Redes SociaisZabel\u00ea Comunica\u00e7\u00e3o Assessoria de ImprensaRosane Amaral FotografiaFilipe Duque Curadoria Luciana [&hellip;]<\/p>\n","protected":false},"author":1,"featured_media":0,"parent":0,"menu_order":6,"comment_status":"closed","ping_status":"closed","template":"","meta":{"footnotes":""},"class_list":["post-275","page","type-page","status-publish","hentry"],"_links":{"self":[{"href":"https:\/\/aacic.com.br\/aescolanocinema\/2020\/wp-json\/wp\/v2\/pages\/275","targetHints":{"allow":["GET"]}}],"collection":[{"href":"https:\/\/aacic.com.br\/aescolanocinema\/2020\/wp-json\/wp\/v2\/pages"}],"about":[{"href":"https:\/\/aacic.com.br\/aescolanocinema\/2020\/wp-json\/wp\/v2\/types\/page"}],"author":[{"embeddable":true,"href":"https:\/\/aacic.com.br\/aescolanocinema\/2020\/wp-json\/wp\/v2\/users\/1"}],"replies":[{"embeddable":true,"href":"https:\/\/aacic.com.br\/aescolanocinema\/2020\/wp-json\/wp\/v2\/comments?post=275"}],"version-history":[{"count":17,"href":"https:\/\/aacic.com.br\/aescolanocinema\/2020\/wp-json\/wp\/v2\/pages\/275\/revisions"}],"predecessor-version":[{"id":500,"href":"https:\/\/aacic.com.br\/aescolanocinema\/2020\/wp-json\/wp\/v2\/pages\/275\/revisions\/500"}],"wp:attachment":[{"href":"https:\/\/aacic.com.br\/aescolanocinema\/2020\/wp-json\/wp\/v2\/media?parent=275"}],"curies":[{"name":"wp","href":"https:\/\/api.w.org\/{rel}","templated":true}]}}