{"id":297,"date":"2023-10-24T19:36:19","date_gmt":"2023-10-24T19:36:19","guid":{"rendered":"https:\/\/aacic.com.br\/aescolanocinema\/2023\/?page_id=297"},"modified":"2023-10-24T22:10:39","modified_gmt":"2023-10-24T22:10:39","slug":"ficha-tecnica","status":"publish","type":"page","link":"https:\/\/aacic.com.br\/aescolanocinema\/2023\/ficha-tecnica\/","title":{"rendered":"Ficha T\u00e9cnica"},"content":{"rendered":"\t\t<div data-elementor-type=\"wp-page\" data-elementor-id=\"297\" class=\"elementor elementor-297\">\n\t\t\t\t<div class=\"elementor-element elementor-element-87d7c1b e-flex e-con-boxed e-con e-parent\" data-id=\"87d7c1b\" data-element_type=\"container\" data-settings=\"{&quot;background_background&quot;:&quot;classic&quot;}\">\n\t\t\t\t\t<div class=\"e-con-inner\">\n\t\t<div class=\"elementor-element elementor-element-86056ca e-con-full e-flex e-con e-child\" data-id=\"86056ca\" data-element_type=\"container\">\n\t\t\t\t<\/div>\n\t\t<div class=\"elementor-element elementor-element-d953d3b e-con-full e-flex e-con e-child\" data-id=\"d953d3b\" data-element_type=\"container\">\n\t\t\t\t<div class=\"elementor-element elementor-element-665508b elementor-widget elementor-widget-heading\" data-id=\"665508b\" data-element_type=\"widget\" data-widget_type=\"heading.default\">\n\t\t\t\t<div class=\"elementor-widget-container\">\n\t\t\t\t\t<h2 class=\"elementor-heading-title elementor-size-default\">Ficha T\u00e9cnica<\/h2>\t\t\t\t<\/div>\n\t\t\t\t<\/div>\n\t\t\t\t<div class=\"elementor-element elementor-element-350fba9 elementor-widget-divider--view-line_icon elementor-view-default elementor-widget-divider--element-align-center elementor-widget elementor-widget-divider\" data-id=\"350fba9\" data-element_type=\"widget\" data-widget_type=\"divider.default\">\n\t\t\t\t<div class=\"elementor-widget-container\">\n\t\t\t\t\t\t\t<div class=\"elementor-divider\">\n\t\t\t<span class=\"elementor-divider-separator\">\n\t\t\t\t\t\t\t<div class=\"elementor-icon elementor-divider__element\">\n\t\t\t\t\t<i aria-hidden=\"true\" class=\"fas fa-arrow-alt-circle-down\"><\/i><\/div>\n\t\t\t\t\t\t<\/span>\n\t\t<\/div>\n\t\t\t\t\t\t<\/div>\n\t\t\t\t<\/div>\n\t\t\t\t<\/div>\n\t\t<div class=\"elementor-element elementor-element-0f22aea e-con-full e-flex e-con e-child\" data-id=\"0f22aea\" data-element_type=\"container\">\n\t\t\t\t<\/div>\n\t\t\t\t\t<\/div>\n\t\t\t\t<\/div>\n\t\t<div class=\"elementor-element elementor-element-1ec78f7 e-flex e-con-boxed e-con e-parent\" data-id=\"1ec78f7\" data-element_type=\"container\" data-settings=\"{&quot;background_background&quot;:&quot;classic&quot;}\">\n\t\t\t\t\t<div class=\"e-con-inner\">\n\t\t<div class=\"elementor-element elementor-element-59dbcac e-con-full e-flex e-con e-child\" data-id=\"59dbcac\" data-element_type=\"container\">\n\t\t\t\t<div class=\"elementor-element elementor-element-222729b elementor-widget elementor-widget-image\" data-id=\"222729b\" data-element_type=\"widget\" data-widget_type=\"image.default\">\n\t\t\t\t<div class=\"elementor-widget-container\">\n\t\t\t\t\t\t\t\t\t\t\t\t\t\t\t<img fetchpriority=\"high\" decoding=\"async\" width=\"394\" height=\"604\" src=\"https:\/\/aacic.com.br\/aescolanocinema\/2023\/wp-content\/uploads\/2023\/10\/PARCERIA1.png\" class=\"attachment-large size-large wp-image-219\" alt=\"\" srcset=\"https:\/\/aacic.com.br\/aescolanocinema\/2023\/wp-content\/uploads\/2023\/10\/PARCERIA1.png 394w, https:\/\/aacic.com.br\/aescolanocinema\/2023\/wp-content\/uploads\/2023\/10\/PARCERIA1-196x300.png 196w\" sizes=\"(max-width: 394px) 100vw, 394px\" \/>\t\t\t\t\t\t\t\t\t\t\t\t\t\t\t<\/div>\n\t\t\t\t<\/div>\n\t\t\t\t<\/div>\n\t\t<div class=\"elementor-element elementor-element-bc53d5f e-con-full e-flex e-con e-child\" data-id=\"bc53d5f\" data-element_type=\"container\">\n\t\t\t\t<div class=\"elementor-element elementor-element-9e8754a elementor-widget elementor-widget-text-editor\" data-id=\"9e8754a\" data-element_type=\"widget\" data-widget_type=\"text-editor.default\">\n\t\t\t\t<div class=\"elementor-widget-container\">\n\t\t\t\t\t\t\t\t\t<p><strong>Termo de Fomento (MROSC) N.\u00ba 71\/2023<\/strong><\/p><p>OBJETO DA PARCERIA: A realiza\u00e7\u00e3o do projeto\u00a0<strong>\u201cA ESCOLA NO CINEMA &#8211; Edi\u00e7\u00e3o 2023\u201d, <\/strong>a ser executado\u00a0no Distrito Federal &#8211; cidades sat\u00e9lites e Plano Piloto,\u00a0<strong>\u00a0<\/strong>conforme detalhamento contido no Plano de Trabalho aprovado.<\/p><p><strong>DATA DA ASSINATURA<\/strong>:\u00a0 19 de setembro de 2023<\/p><p><strong>ORGANIZA\u00c7\u00c3O DA SOCIEDADE CIVIL<\/strong>: ASSOCIA\u00c7\u00c3O AMIGOS DO CINEMA E DA CULTURA (CNPJ 08.902.167\/0001-50).<\/p><p>ORG\u00c3O DA ADMINISTRA\u00c7\u00c3O P\u00daBLICA: SECRETARIA DE ESTADO DE CULTURA E ECONOMIA CRIATIVA DO DISTRITO FEDERAL<\/p><p>VALOR DA PARCERIA (VALOR LIBERADO): <strong>R$\u00a0350.000,00\u200b (trezentos e cinquenta mil reais).<\/strong><\/p><p>VIG\u00caNCIA DO PROJETO:\u00a0\u00a0 19\/10\/2023 at\u00e9 <strong>22\/03\/2024<\/strong><\/p>\t\t\t\t\t\t\t\t<\/div>\n\t\t\t\t<\/div>\n\t\t\t\t<\/div>\n\t\t\t\t\t<\/div>\n\t\t\t\t<\/div>\n\t\t\t\t<\/div>\n\t\t","protected":false},"excerpt":{"rendered":"<p>Ficha T\u00e9cnica Termo de Fomento (MROSC) N.\u00ba 71\/2023 OBJETO DA PARCERIA: A realiza\u00e7\u00e3o do projeto\u00a0\u201cA ESCOLA NO CINEMA &#8211; Edi\u00e7\u00e3o 2023\u201d, a ser executado\u00a0no Distrito Federal &#8211; cidades sat\u00e9lites e Plano Piloto,\u00a0\u00a0conforme detalhamento contido no Plano de Trabalho aprovado. DATA DA ASSINATURA:\u00a0 19 de setembro de 2023 ORGANIZA\u00c7\u00c3O DA SOCIEDADE CIVIL: ASSOCIA\u00c7\u00c3O AMIGOS DO CINEMA &hellip;<\/p>\n<p class=\"read-more\"> <a class=\"\" href=\"https:\/\/aacic.com.br\/aescolanocinema\/2023\/ficha-tecnica\/\"> <span class=\"screen-reader-text\">Ficha T\u00e9cnica<\/span> Leia mais &raquo;<\/a><\/p>\n","protected":false},"author":1,"featured_media":0,"parent":0,"menu_order":0,"comment_status":"closed","ping_status":"closed","template":"","meta":{"site-sidebar-layout":"no-sidebar","site-content-layout":"","ast-site-content-layout":"full-width-container","site-content-style":"default","site-sidebar-style":"default","ast-global-header-display":"","ast-banner-title-visibility":"","ast-main-header-display":"","ast-hfb-above-header-display":"","ast-hfb-below-header-display":"","ast-hfb-mobile-header-display":"","site-post-title":"disabled","ast-breadcrumbs-content":"","ast-featured-img":"disabled","footer-sml-layout":"","theme-transparent-header-meta":"","adv-header-id-meta":"","stick-header-meta":"","header-above-stick-meta":"","header-main-stick-meta":"","header-below-stick-meta":"","astra-migrate-meta-layouts":"","ast-page-background-enabled":"default","ast-page-background-meta":{"desktop":{"background-color":"var(--ast-global-color-4)","background-image":"","background-repeat":"repeat","background-position":"center center","background-size":"auto","background-attachment":"scroll","background-type":"","background-media":"","overlay-type":"","overlay-color":"","overlay-gradient":""},"tablet":{"background-color":"","background-image":"","background-repeat":"repeat","background-position":"center center","background-size":"auto","background-attachment":"scroll","background-type":"","background-media":"","overlay-type":"","overlay-color":"","overlay-gradient":""},"mobile":{"background-color":"","background-image":"","background-repeat":"repeat","background-position":"center center","background-size":"auto","background-attachment":"scroll","background-type":"","background-media":"","overlay-type":"","overlay-color":"","overlay-gradient":""}},"ast-content-background-meta":{"desktop":{"background-color":"var(--ast-global-color-5)","background-image":"","background-repeat":"repeat","background-position":"center center","background-size":"auto","background-attachment":"scroll","background-type":"","background-media":"","overlay-type":"","overlay-color":"","overlay-gradient":""},"tablet":{"background-color":"var(--ast-global-color-5)","background-image":"","background-repeat":"repeat","background-position":"center center","background-size":"auto","background-attachment":"scroll","background-type":"","background-media":"","overlay-type":"","overlay-color":"","overlay-gradient":""},"mobile":{"background-color":"var(--ast-global-color-5)","background-image":"","background-repeat":"repeat","background-position":"center center","background-size":"auto","background-attachment":"scroll","background-type":"","background-media":"","overlay-type":"","overlay-color":"","overlay-gradient":""}},"footnotes":""},"class_list":["post-297","page","type-page","status-publish","hentry"],"_links":{"self":[{"href":"https:\/\/aacic.com.br\/aescolanocinema\/2023\/wp-json\/wp\/v2\/pages\/297","targetHints":{"allow":["GET"]}}],"collection":[{"href":"https:\/\/aacic.com.br\/aescolanocinema\/2023\/wp-json\/wp\/v2\/pages"}],"about":[{"href":"https:\/\/aacic.com.br\/aescolanocinema\/2023\/wp-json\/wp\/v2\/types\/page"}],"author":[{"embeddable":true,"href":"https:\/\/aacic.com.br\/aescolanocinema\/2023\/wp-json\/wp\/v2\/users\/1"}],"replies":[{"embeddable":true,"href":"https:\/\/aacic.com.br\/aescolanocinema\/2023\/wp-json\/wp\/v2\/comments?post=297"}],"version-history":[{"count":7,"href":"https:\/\/aacic.com.br\/aescolanocinema\/2023\/wp-json\/wp\/v2\/pages\/297\/revisions"}],"predecessor-version":[{"id":410,"href":"https:\/\/aacic.com.br\/aescolanocinema\/2023\/wp-json\/wp\/v2\/pages\/297\/revisions\/410"}],"wp:attachment":[{"href":"https:\/\/aacic.com.br\/aescolanocinema\/2023\/wp-json\/wp\/v2\/media?parent=297"}],"curies":[{"name":"wp","href":"https:\/\/api.w.org\/{rel}","templated":true}]}}