{"id":7,"date":"2023-10-24T14:07:12","date_gmt":"2023-10-24T14:07:12","guid":{"rendered":"https:\/\/aacic.com.br\/aescolanocinema\/2023\/?page_id=7"},"modified":"2023-10-24T21:51:10","modified_gmt":"2023-10-24T21:51:10","slug":"inicio","status":"publish","type":"page","link":"https:\/\/aacic.com.br\/aescolanocinema\/2023\/","title":{"rendered":"In\u00edcio"},"content":{"rendered":"\t\t<div data-elementor-type=\"wp-post\" data-elementor-id=\"7\" class=\"elementor elementor-7\">\n\t\t\t\t<div class=\"elementor-element elementor-element-0d2b109 e-flex e-con-boxed e-con e-parent\" data-id=\"0d2b109\" data-element_type=\"container\" data-settings=\"{&quot;background_background&quot;:&quot;classic&quot;}\">\n\t\t\t\t\t<div class=\"e-con-inner\">\n\t\t\t\t\t<\/div>\n\t\t\t\t<\/div>\n\t\t<div class=\"elementor-element elementor-element-3eaf701 e-flex e-con-boxed e-con e-parent\" data-id=\"3eaf701\" data-element_type=\"container\">\n\t\t\t\t\t<div class=\"e-con-inner\">\n\t\t\t\t<div class=\"elementor-element elementor-element-9d92c7e elementor-widget elementor-widget-heading\" data-id=\"9d92c7e\" data-element_type=\"widget\" data-widget_type=\"heading.default\">\n\t\t\t\t<div class=\"elementor-widget-container\">\n\t\t\t\t\t<h2 class=\"elementor-heading-title elementor-size-default\">Cinema de gra\u00e7a para estudantes<\/h2>\t\t\t\t<\/div>\n\t\t\t\t<\/div>\n\t\t\t\t<div class=\"elementor-element elementor-element-8a03716 elementor-widget elementor-widget-text-editor\" data-id=\"8a03716\" data-element_type=\"widget\" data-widget_type=\"text-editor.default\">\n\t\t\t\t<div class=\"elementor-widget-container\">\n\t\t\t\t\t\t\t\t\t<p><em>Projeto \u201cA Escola no Cinema\u201d levar\u00e1 seis mil alunos da rede p\u00fablica ao cinema para assistirem filmes brasileiros. <\/em><\/p>\t\t\t\t\t\t\t\t<\/div>\n\t\t\t\t<\/div>\n\t\t\t\t<div class=\"elementor-element elementor-element-9e767f2 elementor-widget-divider--view-line_icon elementor-view-default elementor-widget-divider--element-align-center elementor-widget elementor-widget-divider\" data-id=\"9e767f2\" data-element_type=\"widget\" data-widget_type=\"divider.default\">\n\t\t\t\t<div class=\"elementor-widget-container\">\n\t\t\t\t\t\t\t<div class=\"elementor-divider\">\n\t\t\t<span class=\"elementor-divider-separator\">\n\t\t\t\t\t\t\t<div class=\"elementor-icon elementor-divider__element\">\n\t\t\t\t\t<i aria-hidden=\"true\" class=\"fas fa-arrow-alt-circle-down\"><\/i><\/div>\n\t\t\t\t\t\t<\/span>\n\t\t<\/div>\n\t\t\t\t\t\t<\/div>\n\t\t\t\t<\/div>\n\t\t\t\t<div class=\"elementor-element elementor-element-6836796 elementor-widget elementor-widget-text-editor\" data-id=\"6836796\" data-element_type=\"widget\" data-widget_type=\"text-editor.default\">\n\t\t\t\t<div class=\"elementor-widget-container\">\n\t\t\t\t\t\t\t\t\t<p>Escolas p\u00fablicas de todo o Distrito Federal poder\u00e3o levar alunos ao cinema com transporte, ingresso e pipoca gratuitos. O projeto ocorrer\u00e1 a partir do dia 09 at\u00e9 30 de novembro de 2023, ser\u00e1 realizado pela AACIC &#8211; Associa\u00e7\u00e3o Amigos do Cinema e da Cultura, com apoio do deputado Chico Vigilante, que destacou emenda parlamentar ao projeto, e levar\u00e1 seis mil estudantes da rede p\u00fablica de ensino ao Cine Cultura Liberty Mall. Os filmes ser\u00e3o exibidos de <strong>9 a 30 de novembro<\/strong>, em sess\u00f5es nos <strong>turnos matutino, vespertino e noturno.<\/strong><\/p><p>Os alunos do ensino fundamental, da faixa de <strong>04 a 06 anos<\/strong>, poder\u00e3o assistir ao filme <a href=\"https:\/\/aacic.com.br\/aescolanocinema\/2023\/meu-amigaozao\/\" target=\"_blank\" rel=\"noopener\"><strong>\u201cMeu Amig\u00e3oz\u00e3o\u201d<\/strong><\/a>, de Andr\u00e9s Lieban, que traz a hist\u00f3ria de Yuri, Lili e Matt que se preparam para um dia de col\u00f4nia de f\u00e9rias muito especial, mas seus sonhos v\u00e3o por \u00e1gua abaixo quando descobrem que os pais mudaram os planos e agora v\u00e3o juntos para uma mesma col\u00f4nia de f\u00e9rias, com v\u00e1rias crian\u00e7as que eles nunca viram. As cores vivas e as aventuras dos personagens encantam a plateia infantil.<\/p><p>Para os que t\u00eam de <strong>07 a 09 anos<\/strong> est\u00e1 programado o filme <a href=\"https:\/\/aacic.com.br\/aescolanocinema\/2023\/brichos-3-megavirus\/\" target=\"_blank\" rel=\"noopener\"><strong>\u201cBrichos 3\u201d<\/strong><\/a>, de Paulo Munhoz, que conta a hist\u00f3ria de um grupo de amigos que juntam for\u00e7as para salvar os moradores da Vila dos Brichos que foi atacada por um v\u00edrus que deixa seus habitantes em estado de coma. Paulo Munhoz escreveu o roteiro deste filme e na hora de produzir o longa-metragem, toda a equipe foi surpreendida pela Covid-19.\u00a0<\/p><p>Na faixa de <strong>10 a 13 anos<\/strong> a galera poder\u00e1 curtir<a href=\"https:\/\/aacic.com.br\/aescolanocinema\/2023\/turma-da-monica-licoes\/\" target=\"_blank\" rel=\"noopener\"><strong> \u201cTurma da M\u00f4nica \u2013 Li\u00e7\u00f5es\u201d<\/strong><\/a>, filme\u00a0de\u00a0aventura\u00a0brasileiro\u00a0de 2021 produzido pela Bi\u00f4nica Filmes, em coprodu\u00e7\u00e3o com Maur\u00edcio de Sousa,\u00a0Paramount Pictures, Paris Entretenimento e\u00a0Globo Filmes. M\u00f4nica, Cebolinha, Magali e Casc\u00e3o se esquecem de fazer o dever de casa e fogem da escola. Mas nem tudo sai como o esperado, e M\u00f4nica \u00e9 transferida para outra escola, desencadeando a separa\u00e7\u00e3o do grupo. A partir dessa ruptura, eles s\u00e3o for\u00e7ados a encontrarem novos amigos e enfrentarem seus pr\u00f3prios medos e inseguran\u00e7as. A turma ter\u00e1 ent\u00e3o que encarar as consequ\u00eancias de suas decis\u00f5es, amadurecer e descobrir o real valor e sentido da palavra amizade.<\/p><p>Os <strong>adolescentes, jovens e adultos- do EJA<\/strong>, tamb\u00e9m poder\u00e3o participar do projeto. Para eles, os que tem idade acima 14 anos, foi selecionado <a href=\"https:\/\/aacic.com.br\/aescolanocinema\/2023\/o-pasto-e-o-gerrilheiro\/\"><strong>\u201cO Pastor e o Guerrilheiro\u201d<\/strong><\/a>, filme brasileiro\u00a0de\u00a02023,\u00a0dirigido por\u00a0Jos\u00e9 Eduardo Belmonte\u00a0e escrito pelo pr\u00f3prio diretor em parceria com\u00a0Jos\u00e9 Rezende Jr, Nilson Rodrigues\u00a0e Josefina Trotta.\u00a0Estrelado por\u00a0Johnny Massaro,\u00a0C\u00e9sar Mello\u00a0e\u00a0Julia Dalavia, o filme conta a hist\u00f3ria de uma filha ileg\u00edtima de um coronel, que descobre que seu pai foi torturador durante a\u00a0ditadura militar no Brasil\u00a0e busca conhecer sua hist\u00f3ria.<\/p><p>As escolas interessadas em participar e levar seus alunos ao cinema, poder\u00e3o acessar o site\u00a0<a href=\"http:\/\/www.aacic.com.br\/\" target=\"_blank\" rel=\"noopener\"><strong>www.aacic.com.br<\/strong><\/a>, o Instagram<strong>: <a href=\"http:\/\/www.instagram.com\/amigoscult\" target=\"_blank\" rel=\"noopener\">@amigoscult<\/a><\/strong> e Facebook: <a href=\"http:\/\/www.facebook.com\/amigoscult\" target=\"_blank\" rel=\"noopener\"><strong>Associa\u00e7\u00e3o Amigos do Cinema e da Cultura<\/strong><\/a>, ou obter mais informa\u00e7\u00f5es enviando uma mensagem para o e-mail\u00a0<a href=\"mailto:aescolanocinema.contato@gmail.com\"><strong>aescolanocinema.contato@gmail.com<\/strong><\/a><strong>.<\/strong><\/p>\t\t\t\t\t\t\t\t<\/div>\n\t\t\t\t<\/div>\n\t\t\t\t\t<\/div>\n\t\t\t\t<\/div>\n\t\t<div class=\"elementor-element elementor-element-b3acbf8 e-flex e-con-boxed e-con e-parent\" data-id=\"b3acbf8\" data-element_type=\"container\" data-settings=\"{&quot;background_background&quot;:&quot;classic&quot;}\">\n\t\t\t\t\t<div class=\"e-con-inner\">\n\t\t\t\t<div class=\"elementor-element elementor-element-0b9200a elementor-widget elementor-widget-heading\" data-id=\"0b9200a\" data-element_type=\"widget\" data-widget_type=\"heading.default\">\n\t\t\t\t<div class=\"elementor-widget-container\">\n\t\t\t\t\t<h2 class=\"elementor-heading-title elementor-size-default\">Inscri\u00e7\u00f5es<\/h2>\t\t\t\t<\/div>\n\t\t\t\t<\/div>\n\t\t\t\t<div class=\"elementor-element elementor-element-0235f42 elementor-widget-divider--view-line_icon elementor-view-default elementor-widget-divider--element-align-center elementor-widget elementor-widget-divider\" data-id=\"0235f42\" data-element_type=\"widget\" data-widget_type=\"divider.default\">\n\t\t\t\t<div class=\"elementor-widget-container\">\n\t\t\t\t\t\t\t<div class=\"elementor-divider\">\n\t\t\t<span class=\"elementor-divider-separator\">\n\t\t\t\t\t\t\t<div class=\"elementor-icon elementor-divider__element\">\n\t\t\t\t\t<i aria-hidden=\"true\" class=\"fas fa-arrow-alt-circle-down\"><\/i><\/div>\n\t\t\t\t\t\t<\/span>\n\t\t<\/div>\n\t\t\t\t\t\t<\/div>\n\t\t\t\t<\/div>\n\t\t\t\t<div class=\"elementor-element elementor-element-8407b6d elementor-widget elementor-widget-text-editor\" data-id=\"8407b6d\" data-element_type=\"widget\" data-widget_type=\"text-editor.default\">\n\t\t\t\t<div class=\"elementor-widget-container\">\n\t\t\t\t\t\t\t\t\t<p>As inscri\u00e7\u00f5es devem ser realizadas de acordo com os hor\u00e1rios das sess\u00f5es e as faixas et\u00e1rias. Para se inscrever, a escola dever\u00e1 agrupar 90 alunos da mesma faixa et\u00e1ria para uma sess\u00e3o no per\u00edodo matutino, vespertino ou noturno.<\/p>\t\t\t\t\t\t\t\t<\/div>\n\t\t\t\t<\/div>\n\t\t\t\t<div class=\"elementor-element elementor-element-ba37079 elementor-align-center elementor-widget elementor-widget-button\" data-id=\"ba37079\" data-element_type=\"widget\" data-widget_type=\"button.default\">\n\t\t\t\t<div class=\"elementor-widget-container\">\n\t\t\t\t\t\t\t\t\t<div class=\"elementor-button-wrapper\">\n\t\t\t\t\t<a class=\"elementor-button elementor-button-link elementor-size-sm\" href=\"https:\/\/aacic.com.br\/aescolanocinema\/2023\/inscricoes\" target=\"_blank\">\n\t\t\t\t\t\t<span class=\"elementor-button-content-wrapper\">\n\t\t\t\t\t\t<span class=\"elementor-button-icon\">\n\t\t\t\t<i aria-hidden=\"true\" class=\"fas fa-arrow-alt-circle-right\"><\/i>\t\t\t<\/span>\n\t\t\t\t\t\t\t\t\t<span class=\"elementor-button-text\">CLIQUE AQUI PARA FAZER SUA INSCRI\u00c7\u00c3O<\/span>\n\t\t\t\t\t<\/span>\n\t\t\t\t\t<\/a>\n\t\t\t\t<\/div>\n\t\t\t\t\t\t\t\t<\/div>\n\t\t\t\t<\/div>\n\t\t\t\t\t<\/div>\n\t\t\t\t<\/div>\n\t\t<div class=\"elementor-element elementor-element-347f325 e-flex e-con-boxed e-con e-parent\" data-id=\"347f325\" data-element_type=\"container\">\n\t\t\t\t\t<div class=\"e-con-inner\">\n\t\t\t\t<div class=\"elementor-element elementor-element-6285a01 elementor-widget elementor-widget-heading\" data-id=\"6285a01\" data-element_type=\"widget\" data-widget_type=\"heading.default\">\n\t\t\t\t<div class=\"elementor-widget-container\">\n\t\t\t\t\t<h2 class=\"elementor-heading-title elementor-size-default\">Filmes e Anima\u00e7\u00f5es<\/h2>\t\t\t\t<\/div>\n\t\t\t\t<\/div>\n\t\t\t\t<div class=\"elementor-element elementor-element-43cacdd elementor-widget-divider--view-line_icon elementor-view-default elementor-widget-divider--element-align-center elementor-widget elementor-widget-divider\" data-id=\"43cacdd\" data-element_type=\"widget\" data-widget_type=\"divider.default\">\n\t\t\t\t<div class=\"elementor-widget-container\">\n\t\t\t\t\t\t\t<div class=\"elementor-divider\">\n\t\t\t<span class=\"elementor-divider-separator\">\n\t\t\t\t\t\t\t<div class=\"elementor-icon elementor-divider__element\">\n\t\t\t\t\t<i aria-hidden=\"true\" class=\"fas fa-arrow-alt-circle-down\"><\/i><\/div>\n\t\t\t\t\t\t<\/span>\n\t\t<\/div>\n\t\t\t\t\t\t<\/div>\n\t\t\t\t<\/div>\n\t\t\t\t\t<\/div>\n\t\t\t\t<\/div>\n\t\t<div class=\"elementor-element elementor-element-f48b7a3 e-con-full e-flex e-con e-parent\" data-id=\"f48b7a3\" data-element_type=\"container\">\n\t\t<div class=\"elementor-element elementor-element-4856ec4 e-con-full e-flex e-con e-child\" data-id=\"4856ec4\" data-element_type=\"container\">\n\t\t\t\t<div class=\"elementor-element elementor-element-ebcedcd elementor-invisible elementor-widget elementor-widget-image\" data-id=\"ebcedcd\" data-element_type=\"widget\" data-settings=\"{&quot;_animation&quot;:&quot;fadeIn&quot;}\" data-widget_type=\"image.default\">\n\t\t\t\t<div class=\"elementor-widget-container\">\n\t\t\t\t\t\t\t\t\t\t\t\t\t\t\t\t<a href=\"https:\/\/aacic.com.br\/aescolanocinema\/2023\/meu-amigaozao\" target=\"_blank\">\n\t\t\t\t\t\t\t<img fetchpriority=\"high\" decoding=\"async\" width=\"700\" height=\"1024\" src=\"https:\/\/aacic.com.br\/aescolanocinema\/2023\/wp-content\/uploads\/2023\/10\/meu-amigaozao-700x1024.png\" class=\"attachment-large size-large wp-image-91\" alt=\"\" srcset=\"https:\/\/aacic.com.br\/aescolanocinema\/2023\/wp-content\/uploads\/2023\/10\/meu-amigaozao-700x1024.png 700w, https:\/\/aacic.com.br\/aescolanocinema\/2023\/wp-content\/uploads\/2023\/10\/meu-amigaozao-205x300.png 205w, https:\/\/aacic.com.br\/aescolanocinema\/2023\/wp-content\/uploads\/2023\/10\/meu-amigaozao-768x1123.png 768w, https:\/\/aacic.com.br\/aescolanocinema\/2023\/wp-content\/uploads\/2023\/10\/meu-amigaozao.png 984w\" sizes=\"(max-width: 700px) 100vw, 700px\" \/>\t\t\t\t\t\t\t\t<\/a>\n\t\t\t\t\t\t\t\t\t\t\t\t\t\t\t<\/div>\n\t\t\t\t<\/div>\n\t\t\t\t<\/div>\n\t\t<div class=\"elementor-element elementor-element-8a6e1be e-con-full e-flex e-con e-child\" data-id=\"8a6e1be\" data-element_type=\"container\">\n\t\t\t\t<div class=\"elementor-element elementor-element-51bce49 elementor-widget elementor-widget-image\" data-id=\"51bce49\" data-element_type=\"widget\" data-widget_type=\"image.default\">\n\t\t\t\t<div class=\"elementor-widget-container\">\n\t\t\t\t\t\t\t\t\t\t\t\t\t\t\t\t<a href=\"https:\/\/aacic.com.br\/aescolanocinema\/2023\/brichos-3-megavirus\" target=\"_blank\">\n\t\t\t\t\t\t\t<img decoding=\"async\" width=\"700\" height=\"1024\" src=\"https:\/\/aacic.com.br\/aescolanocinema\/2023\/wp-content\/uploads\/2023\/10\/brichos-700x1024.png\" class=\"attachment-large size-large wp-image-90\" alt=\"\" srcset=\"https:\/\/aacic.com.br\/aescolanocinema\/2023\/wp-content\/uploads\/2023\/10\/brichos-700x1024.png 700w, https:\/\/aacic.com.br\/aescolanocinema\/2023\/wp-content\/uploads\/2023\/10\/brichos-205x300.png 205w, https:\/\/aacic.com.br\/aescolanocinema\/2023\/wp-content\/uploads\/2023\/10\/brichos-768x1123.png 768w, https:\/\/aacic.com.br\/aescolanocinema\/2023\/wp-content\/uploads\/2023\/10\/brichos.png 984w\" sizes=\"(max-width: 700px) 100vw, 700px\" \/>\t\t\t\t\t\t\t\t<\/a>\n\t\t\t\t\t\t\t\t\t\t\t\t\t\t\t<\/div>\n\t\t\t\t<\/div>\n\t\t\t\t<\/div>\n\t\t<div class=\"elementor-element elementor-element-ada5b02 e-con-full e-flex e-con e-child\" data-id=\"ada5b02\" data-element_type=\"container\">\n\t\t\t\t<div class=\"elementor-element elementor-element-bffdfb4 elementor-widget elementor-widget-image\" data-id=\"bffdfb4\" data-element_type=\"widget\" data-widget_type=\"image.default\">\n\t\t\t\t<div class=\"elementor-widget-container\">\n\t\t\t\t\t\t\t\t\t\t\t\t\t\t\t\t<a href=\"https:\/\/aacic.com.br\/aescolanocinema\/2023\/turma-da-monica-licoes\" target=\"_blank\">\n\t\t\t\t\t\t\t<img decoding=\"async\" width=\"984\" height=\"1439\" src=\"https:\/\/aacic.com.br\/aescolanocinema\/2023\/wp-content\/uploads\/2023\/10\/turma-da-monica.png\" class=\"attachment-full size-full wp-image-93\" alt=\"\" srcset=\"https:\/\/aacic.com.br\/aescolanocinema\/2023\/wp-content\/uploads\/2023\/10\/turma-da-monica.png 984w, https:\/\/aacic.com.br\/aescolanocinema\/2023\/wp-content\/uploads\/2023\/10\/turma-da-monica-205x300.png 205w, https:\/\/aacic.com.br\/aescolanocinema\/2023\/wp-content\/uploads\/2023\/10\/turma-da-monica-700x1024.png 700w, https:\/\/aacic.com.br\/aescolanocinema\/2023\/wp-content\/uploads\/2023\/10\/turma-da-monica-768x1123.png 768w\" sizes=\"(max-width: 984px) 100vw, 984px\" \/>\t\t\t\t\t\t\t\t<\/a>\n\t\t\t\t\t\t\t\t\t\t\t\t\t\t\t<\/div>\n\t\t\t\t<\/div>\n\t\t\t\t<\/div>\n\t\t<div class=\"elementor-element elementor-element-b27e490 e-con-full e-flex e-con e-child\" data-id=\"b27e490\" data-element_type=\"container\">\n\t\t\t\t<div class=\"elementor-element elementor-element-b48d96e elementor-widget elementor-widget-image\" data-id=\"b48d96e\" data-element_type=\"widget\" data-widget_type=\"image.default\">\n\t\t\t\t<div class=\"elementor-widget-container\">\n\t\t\t\t\t\t\t\t\t\t\t\t\t\t\t\t<a href=\"https:\/\/aacic.com.br\/aescolanocinema\/2023\/o-pasto-e-o-gerrilheiro\" target=\"_blank\">\n\t\t\t\t\t\t\t<img loading=\"lazy\" decoding=\"async\" width=\"700\" height=\"1024\" src=\"https:\/\/aacic.com.br\/aescolanocinema\/2023\/wp-content\/uploads\/2023\/10\/pastor-e-o-gerrilheiro-700x1024.png\" class=\"attachment-large size-large wp-image-92\" alt=\"\" srcset=\"https:\/\/aacic.com.br\/aescolanocinema\/2023\/wp-content\/uploads\/2023\/10\/pastor-e-o-gerrilheiro-700x1024.png 700w, https:\/\/aacic.com.br\/aescolanocinema\/2023\/wp-content\/uploads\/2023\/10\/pastor-e-o-gerrilheiro-205x300.png 205w, https:\/\/aacic.com.br\/aescolanocinema\/2023\/wp-content\/uploads\/2023\/10\/pastor-e-o-gerrilheiro-768x1123.png 768w, https:\/\/aacic.com.br\/aescolanocinema\/2023\/wp-content\/uploads\/2023\/10\/pastor-e-o-gerrilheiro.png 984w\" sizes=\"(max-width: 700px) 100vw, 700px\" \/>\t\t\t\t\t\t\t\t<\/a>\n\t\t\t\t\t\t\t\t\t\t\t\t\t\t\t<\/div>\n\t\t\t\t<\/div>\n\t\t\t\t<\/div>\n\t\t\t\t<\/div>\n\t\t\t\t<\/div>\n\t\t","protected":false},"excerpt":{"rendered":"<p>Cinema de gra\u00e7a para estudantes Projeto \u201cA Escola no Cinema\u201d levar\u00e1 seis mil alunos da rede p\u00fablica ao cinema para assistirem filmes brasileiros. Escolas p\u00fablicas de todo o Distrito Federal poder\u00e3o levar alunos ao cinema com transporte, ingresso e pipoca gratuitos. O projeto ocorrer\u00e1 a partir do dia 09 at\u00e9 30 de novembro de 2023, &hellip;<\/p>\n<p class=\"read-more\"> <a class=\"\" href=\"https:\/\/aacic.com.br\/aescolanocinema\/2023\/\"> <span class=\"screen-reader-text\">In\u00edcio<\/span> Leia mais &raquo;<\/a><\/p>\n","protected":false},"author":1,"featured_media":0,"parent":0,"menu_order":0,"comment_status":"closed","ping_status":"closed","template":"","meta":{"site-sidebar-layout":"no-sidebar","site-content-layout":"","ast-site-content-layout":"full-width-container","site-content-style":"default","site-sidebar-style":"default","ast-global-header-display":"","ast-banner-title-visibility":"","ast-main-header-display":"","ast-hfb-above-header-display":"","ast-hfb-below-header-display":"","ast-hfb-mobile-header-display":"","site-post-title":"disabled","ast-breadcrumbs-content":"","ast-featured-img":"disabled","footer-sml-layout":"","theme-transparent-header-meta":"","adv-header-id-meta":"","stick-header-meta":"","header-above-stick-meta":"","header-main-stick-meta":"","header-below-stick-meta":"","astra-migrate-meta-layouts":"","ast-page-background-enabled":"default","ast-page-background-meta":{"desktop":{"background-color":"var(--ast-global-color-4)","background-image":"","background-repeat":"repeat","background-position":"center center","background-size":"auto","background-attachment":"scroll","background-type":"","background-media":"","overlay-type":"","overlay-color":"","overlay-gradient":""},"tablet":{"background-color":"","background-image":"","background-repeat":"repeat","background-position":"center center","background-size":"auto","background-attachment":"scroll","background-type":"","background-media":"","overlay-type":"","overlay-color":"","overlay-gradient":""},"mobile":{"background-color":"","background-image":"","background-repeat":"repeat","background-position":"center center","background-size":"auto","background-attachment":"scroll","background-type":"","background-media":"","overlay-type":"","overlay-color":"","overlay-gradient":""}},"ast-content-background-meta":{"desktop":{"background-color":"var(--ast-global-color-5)","background-image":"","background-repeat":"repeat","background-position":"center center","background-size":"auto","background-attachment":"scroll","background-type":"","background-media":"","overlay-type":"","overlay-color":"","overlay-gradient":""},"tablet":{"background-color":"var(--ast-global-color-5)","background-image":"","background-repeat":"repeat","background-position":"center center","background-size":"auto","background-attachment":"scroll","background-type":"","background-media":"","overlay-type":"","overlay-color":"","overlay-gradient":""},"mobile":{"background-color":"var(--ast-global-color-5)","background-image":"","background-repeat":"repeat","background-position":"center center","background-size":"auto","background-attachment":"scroll","background-type":"","background-media":"","overlay-type":"","overlay-color":"","overlay-gradient":""}},"footnotes":""},"class_list":["post-7","page","type-page","status-publish","hentry"],"_links":{"self":[{"href":"https:\/\/aacic.com.br\/aescolanocinema\/2023\/wp-json\/wp\/v2\/pages\/7","targetHints":{"allow":["GET"]}}],"collection":[{"href":"https:\/\/aacic.com.br\/aescolanocinema\/2023\/wp-json\/wp\/v2\/pages"}],"about":[{"href":"https:\/\/aacic.com.br\/aescolanocinema\/2023\/wp-json\/wp\/v2\/types\/page"}],"author":[{"embeddable":true,"href":"https:\/\/aacic.com.br\/aescolanocinema\/2023\/wp-json\/wp\/v2\/users\/1"}],"replies":[{"embeddable":true,"href":"https:\/\/aacic.com.br\/aescolanocinema\/2023\/wp-json\/wp\/v2\/comments?post=7"}],"version-history":[{"count":71,"href":"https:\/\/aacic.com.br\/aescolanocinema\/2023\/wp-json\/wp\/v2\/pages\/7\/revisions"}],"predecessor-version":[{"id":380,"href":"https:\/\/aacic.com.br\/aescolanocinema\/2023\/wp-json\/wp\/v2\/pages\/7\/revisions\/380"}],"wp:attachment":[{"href":"https:\/\/aacic.com.br\/aescolanocinema\/2023\/wp-json\/wp\/v2\/media?parent=7"}],"curies":[{"name":"wp","href":"https:\/\/api.w.org\/{rel}","templated":true}]}}