{"id":284,"date":"2026-02-03T10:07:25","date_gmt":"2026-02-03T13:07:25","guid":{"rendered":"https:\/\/aacic.com.br\/cinemaparatodos\/2026\/?page_id=284"},"modified":"2026-03-19T20:32:25","modified_gmt":"2026-03-19T23:32:25","slug":"filmes","status":"publish","type":"page","link":"https:\/\/aacic.com.br\/cinemaparatodos\/2026\/filmes\/","title":{"rendered":"Filmes e Anima\u00e7\u00f5es"},"content":{"rendered":"<div class=\"wpb-content-wrapper\"><p>[vc_row gap=&#8221;10&#8243; css=&#8221;.vc_custom_1770685316447{padding-top: 50px !important;}&#8221;][vc_column][vc_column_text css=&#8221;&#8221;]<\/p>\n<h1 style=\"text-align: center;\">Filmes e Anima\u00e7\u00f5es<\/h1>\n<p>[\/vc_column_text][\/vc_column][\/vc_row][vc_row gap=&#8221;10&#8243;][vc_column][vc_separator color=&#8221;juicy_pink&#8221; border_width=&#8221;2&#8243; css=&#8221;&#8221;][\/vc_column][\/vc_row][vc_row gap=&#8221;10&#8243; content_placement=&#8221;middle&#8221;][vc_column width=&#8221;1\/3&#8243;][vc_single_image image=&#8221;269&#8243; img_size=&#8221;full&#8221; alignment=&#8221;center&#8221;][\/vc_column][vc_column width=&#8221;2\/3&#8243;][vc_column_text css=&#8221;&#8221;]<\/p>\n<div class=\"wpb_text_column wpb_content_element\">\n<div class=\"wpb_wrapper\">\n<h2>Aba e Sua Banda<\/h2>\n<p><strong>Sinopse<\/strong><\/p>\n<p>Ab\u00e1 \u00e9 um jovem pr\u00edncipe cujo maior desejo \u00e9 ser m\u00fasico, mas vive em constante conflito com seus sonhos e responsabilidades. Depois de romper com o pai, ele segue para o Festival de M\u00fasica com alguns amigos e descobre os planos de seu tio para acabar com a diversidade do universo de Pomar.<\/p>\n<p><strong>Ficha T\u00e9cnica<\/strong><\/p>\n<p>Ano: 2025<br \/>\nDire\u00e7\u00e3o: Humberto Avelar<br \/>\nDura\u00e7\u00e3o: 84 min<br \/>\nG\u00eanero: Anima\u00e7\u00e3o<\/p>\n<\/div>\n<\/div>\n<p>[\/vc_column_text][\/vc_column][\/vc_row][vc_row gap=&#8221;10&#8243;][vc_column][vc_separator color=&#8221;juicy_pink&#8221; border_width=&#8221;2&#8243; css=&#8221;&#8221;][\/vc_column][\/vc_row][vc_row gap=&#8221;10&#8243; content_placement=&#8221;middle&#8221;][vc_column width=&#8221;1\/3&#8243;][vc_single_image image=&#8221;15&#8243; img_size=&#8221;full&#8221; alignment=&#8221;center&#8221; css=&#8221;&#8221;][\/vc_column][vc_column width=&#8221;2\/3&#8243;][vc_column_text css=&#8221;&#8221;]<\/p>\n<div class=\"wpb_text_column wpb_content_element\">\n<div class=\"wpb_wrapper\">\n<h2>O Outro Lado do Para\u00edso<\/h2>\n<p><strong>Sinopse<\/strong><\/p>\n<p>Anos 1960, Brasil. Atrav\u00e9s do olhar de Nando, um garoto de 12 anos, acompanhamos a trajet\u00f3ria de Ant\u00f4nio, um idealista sonhador. O desejo de ascens\u00e3o social leva toda a fam\u00edlia a se mudar para a rec\u00e9m-inaugurada e ainda em constru\u00e7\u00e3o cidade de Bras\u00edlia. Movido pelos movimentos pol\u00edticos da \u00e9poca e pelas reformas prometidas pelo presidente Jo\u00e3o Goulart, Ant\u00f4nio se aproxima do ativismo pol\u00edtico e da luta dos trabalhadores. Em abril de 1964, da noite para o dia, os sonhos se transformam em pesadelos.<\/p>\n<p><strong>Ficha T\u00e9cnica<\/strong><\/p>\n<p>Ano: 2016<br \/>\nDire\u00e7\u00e3o: Andr\u00e9 Ristum<br \/>\nDura\u00e7\u00e3o: 100 min<br \/>\nG\u00eanero: Fic\u00e7\u00e3o<br \/>\nElenco: Eduardo Moscovis, Simone Iliescu, Jonas Bloch, Davi Galdeano, Camila M\u00e1rdila<\/p>\n<\/div>\n<\/div>\n<p>[\/vc_column_text][\/vc_column][\/vc_row][vc_row gap=&#8221;10&#8243;][vc_column][vc_separator color=&#8221;juicy_pink&#8221; border_width=&#8221;2&#8243; css=&#8221;&#8221;][\/vc_column][\/vc_row][vc_row gap=&#8221;10&#8243; content_placement=&#8221;middle&#8221;][vc_column width=&#8221;1\/3&#8243;][vc_single_image image=&#8221;275&#8243; img_size=&#8221;full&#8221; alignment=&#8221;center&#8221; css=&#8221;&#8221;][\/vc_column][vc_column width=&#8221;2\/3&#8243;][vc_column_text css=&#8221;&#8221;]<\/p>\n<div class=\"wpb_text_column wpb_content_element\">\n<div class=\"wpb_wrapper\">\n<h2>O Pastor e o Guerrilheiro<\/h2>\n<p><strong>Sinopse<\/strong><\/p>\n<p>Na d\u00e9cada de 1970, um guerrilheiro comunista se encontra na mesma cela que um crist\u00e3o evang\u00e9lico, preso por engano. Em meio a torturas e conflitos ideol\u00f3gicos, eles se ajudam e marcam um encontro para o r\u00e9veillon do ano 2000. Nos \u00faltimos dias do mil\u00eanio, Juliana, ativista estudantil e filha ileg\u00edtima de um coronel que acabara de se suicidar, \u00e9 surpreendida com uma heran\u00e7a deixada para ela. Por meio de um livro encontrado na casa do coronel, ela descobrir\u00e1 que seu pai foi o torturador dos dois presos e que o encontro marcado n\u00e3o acontecer\u00e1 como previsto.<\/p>\n<p><strong>Ficha T\u00e9cnica<\/strong><\/p>\n<p>Ano: 2023<br \/>\nDire\u00e7\u00e3o: Jos\u00e9 Eduardo Belmonte<br \/>\nDura\u00e7\u00e3o: 115 min<br \/>\nG\u00eanero: Fic\u00e7\u00e3o<br \/>\nElenco: Johnny Massaro, Cesar Mello, Julia Dalavia, Gabriela Correa, Ana Hartmann, William Costa, Sergio Mamberti<\/p>\n<\/div>\n<\/div>\n<p>[\/vc_column_text][\/vc_column][\/vc_row][vc_row gap=&#8221;10&#8243;][vc_column][vc_separator color=&#8221;juicy_pink&#8221; border_width=&#8221;2&#8243; css=&#8221;&#8221;][\/vc_column][\/vc_row][vc_row gap=&#8221;10&#8243; content_placement=&#8221;middle&#8221;][vc_column width=&#8221;1\/3&#8243;][vc_single_image image=&#8221;273&#8243; img_size=&#8221;full&#8221; alignment=&#8221;center&#8221; css=&#8221;&#8221;][\/vc_column][vc_column width=&#8221;2\/3&#8243;][vc_column_text css=&#8221;&#8221;]<\/p>\n<h2>Tain\u00e1 e os Guardi\u00f5es da Amaz\u00f4nia: Em Busca da Flecha Azul<\/h2>\n<div class=\"wpb_text_column wpb_content_element\">\n<div class=\"wpb_wrapper\">\n<p><strong>Sinopse<\/strong><\/p>\n<p>Tain\u00e1, ao lado da s\u00e1bia Mestra A\u00ed, assume o papel de Guardi\u00e3 da Amaz\u00f4nia. Quando perde a Flecha Azul, ela parte em uma jornada ao lado de seus amigos Catu, Pepe e Suri para recuper\u00e1-La e impedir que o mal de Jurupari ameace destruir a floresta. Uma aventura repleta de amizade, coragem e grandes desafios!<\/p>\n<p><strong>Ficha T\u00e9cnica<\/strong><\/p>\n<p>Ano: 2025<br \/>\nDire\u00e7\u00e3o: Al\u00ea Camargo e Jordan Nugem<br \/>\nDura\u00e7\u00e3o: 80 min<br \/>\nG\u00eanero: Anima\u00e7\u00e3o<\/p>\n<\/div>\n<\/div>\n<p>[\/vc_column_text][\/vc_column][\/vc_row][vc_row gap=&#8221;10&#8243;][vc_column][vc_separator color=&#8221;juicy_pink&#8221; border_width=&#8221;2&#8243; css=&#8221;&#8221;][\/vc_column][\/vc_row][vc_row gap=&#8221;10&#8243; content_placement=&#8221;middle&#8221; css=&#8221;.vc_custom_1773963140044{padding-bottom: 30px !important;}&#8221;][vc_column width=&#8221;1\/3&#8243;][vc_single_image image=&#8221;274&#8243; img_size=&#8221;full&#8221; alignment=&#8221;center&#8221; css=&#8221;&#8221;][\/vc_column][vc_column width=&#8221;2\/3&#8243;][vc_column_text css=&#8221;&#8221;]<\/p>\n<h2>Turma da M\u00f4nica: Li\u00e7\u00f5es<\/h2>\n<div class=\"wpb_text_column wpb_content_element\">\n<div class=\"wpb_wrapper\">\n<p><strong>Sinopse<\/strong><\/p>\n<p>M\u00f4nica, Cebolinha, Magali e Casc\u00e3o cometem um erro na escola. Agora, ter\u00e3o que encarar as suas consequ\u00eancias, e elas n\u00e3o ser\u00e3o poucas. Nesta nova jornada, a turma descobrir\u00e1 o real valor e sentido da palavra amizade.<\/p>\n<p><strong>Ficha T\u00e9cnica<\/strong><\/p>\n<p>Ano: 2021<br \/>\nDire\u00e7\u00e3o: Daniel Rezende<br \/>\nDura\u00e7\u00e3o: 97 min<br \/>\nG\u00eanero: A\u00e7\u00e3o, Aventura, Infantil<br \/>\nElenco: Giulia Benite, Laura Rauseo, Kevin Vechiatto, Gabriel Moreira, Isabelle Drummond, Malu Mader, Gustavo Merighi, Paulo Vilhena, Monica Iozzi<\/p>\n<\/div>\n<\/div>\n<p>[\/vc_column_text][\/vc_column][\/vc_row]<\/p>\n<\/div>","protected":false},"excerpt":{"rendered":"<p>[vc_row gap=&#8221;10&#8243; css=&#8221;.vc_custom_1770685316447{padding-top: 50px !important;}&#8221;][vc_column][vc_column_text css=&#8221;&#8221;] Filmes e Anima\u00e7\u00f5es [\/vc_column_text][\/vc_column][\/vc_row][vc_row gap=&#8221;10&#8243;][vc_column][vc_separator color=&#8221;juicy_pink&#8221; border_width=&#8221;2&#8243; css=&#8221;&#8221;][\/vc_column][\/vc_row][vc_row gap=&#8221;10&#8243; content_placement=&#8221;middle&#8221;][vc_column width=&#8221;1\/3&#8243;][vc_single_image image=&#8221;269&#8243; img_size=&#8221;full&#8221; alignment=&#8221;center&#8221;][\/vc_column][vc_column [&hellip;]<\/p>\n","protected":false},"author":1,"featured_media":119,"parent":0,"menu_order":0,"comment_status":"closed","ping_status":"closed","template":"","meta":{"site-sidebar-layout":"no-sidebar","site-content-layout":"plain-container","ast-site-content-layout":"default","site-content-style":"default","site-sidebar-style":"default","ast-global-header-display":"","ast-banner-title-visibility":"","ast-main-header-display":"","ast-hfb-above-header-display":"","ast-hfb-below-header-display":"","ast-hfb-mobile-header-display":"","site-post-title":"disabled","ast-breadcrumbs-content":"","ast-featured-img":"disabled","footer-sml-layout":"","ast-disable-related-posts":"","theme-transparent-header-meta":"default","adv-header-id-meta":"","stick-header-meta":"","header-above-stick-meta":"","header-main-stick-meta":"","header-below-stick-meta":"","astra-migrate-meta-layouts":"set","ast-page-background-enabled":"default","ast-page-background-meta":{"desktop":{"background-color":"var(--ast-global-color-5)","background-image":"","background-repeat":"repeat","background-position":"center center","background-size":"auto","background-attachment":"scroll","background-type":"","background-media":"","overlay-type":"","overlay-color":"","overlay-opacity":"","overlay-gradient":""},"tablet":{"background-color":"","background-image":"","background-repeat":"repeat","background-position":"center center","background-size":"auto","background-attachment":"scroll","background-type":"","background-media":"","overlay-type":"","overlay-color":"","overlay-opacity":"","overlay-gradient":""},"mobile":{"background-color":"","background-image":"","background-repeat":"repeat","background-position":"center center","background-size":"auto","background-attachment":"scroll","background-type":"","background-media":"","overlay-type":"","overlay-color":"","overlay-opacity":"","overlay-gradient":""}},"ast-content-background-meta":{"desktop":{"background-color":"var(--ast-global-color-4)","background-image":"","background-repeat":"repeat","background-position":"center center","background-size":"auto","background-attachment":"scroll","background-type":"","background-media":"","overlay-type":"","overlay-color":"","overlay-opacity":"","overlay-gradient":""},"tablet":{"background-color":"var(--ast-global-color-4)","background-image":"","background-repeat":"repeat","background-position":"center center","background-size":"auto","background-attachment":"scroll","background-type":"","background-media":"","overlay-type":"","overlay-color":"","overlay-opacity":"","overlay-gradient":""},"mobile":{"background-color":"var(--ast-global-color-4)","background-image":"","background-repeat":"repeat","background-position":"center center","background-size":"auto","background-attachment":"scroll","background-type":"","background-media":"","overlay-type":"","overlay-color":"","overlay-opacity":"","overlay-gradient":""}},"footnotes":""},"class_list":["post-284","page","type-page","status-publish","has-post-thumbnail","hentry"],"_links":{"self":[{"href":"https:\/\/aacic.com.br\/cinemaparatodos\/2026\/wp-json\/wp\/v2\/pages\/284","targetHints":{"allow":["GET"]}}],"collection":[{"href":"https:\/\/aacic.com.br\/cinemaparatodos\/2026\/wp-json\/wp\/v2\/pages"}],"about":[{"href":"https:\/\/aacic.com.br\/cinemaparatodos\/2026\/wp-json\/wp\/v2\/types\/page"}],"author":[{"embeddable":true,"href":"https:\/\/aacic.com.br\/cinemaparatodos\/2026\/wp-json\/wp\/v2\/users\/1"}],"replies":[{"embeddable":true,"href":"https:\/\/aacic.com.br\/cinemaparatodos\/2026\/wp-json\/wp\/v2\/comments?post=284"}],"version-history":[{"count":13,"href":"https:\/\/aacic.com.br\/cinemaparatodos\/2026\/wp-json\/wp\/v2\/pages\/284\/revisions"}],"predecessor-version":[{"id":458,"href":"https:\/\/aacic.com.br\/cinemaparatodos\/2026\/wp-json\/wp\/v2\/pages\/284\/revisions\/458"}],"wp:featuredmedia":[{"embeddable":true,"href":"https:\/\/aacic.com.br\/cinemaparatodos\/2026\/wp-json\/wp\/v2\/media\/119"}],"wp:attachment":[{"href":"https:\/\/aacic.com.br\/cinemaparatodos\/2026\/wp-json\/wp\/v2\/media?parent=284"}],"curies":[{"name":"wp","href":"https:\/\/api.w.org\/{rel}","templated":true}]}}