{"id":9,"date":"2026-01-17T03:05:59","date_gmt":"2026-01-17T03:05:59","guid":{"rendered":"https:\/\/aacic.com.br\/cinemaparatodos\/2026\/?page_id=9"},"modified":"2026-04-22T11:30:17","modified_gmt":"2026-04-22T14:30:17","slug":"inicio","status":"publish","type":"page","link":"https:\/\/aacic.com.br\/cinemaparatodos\/2026\/","title":{"rendered":"In\u00edcio"},"content":{"rendered":"<div class=\"wpb-content-wrapper\"><p>[vc_row full_width=&#8221;stretch_row&#8221; gap=&#8221;10&#8243; content_placement=&#8221;middle&#8221; css=&#8221;.vc_custom_1773962889829{padding-top: 50px !important;padding-bottom: 50px !important;background-color: #000000 !important;}&#8221;][vc_column width=&#8221;1\/2&#8243;][vc_single_image image=&#8221;30&#8243; img_size=&#8221;full&#8221; alignment=&#8221;center&#8221; css=&#8221;&#8221;][\/vc_column][vc_column width=&#8221;1\/2&#8243;][vc_column_text css=&#8221;&#8221;]<\/p>\n<h2 style=\"text-align: left;\"><span style=\"color: #ffffff;\">CINEMA PARA TODOS &#8211; CRIAN\u00c7AS, ADOLESCENTES E IDOSOS NO CINEMA!<\/span><\/h2>\n<p style=\"text-align: left;\"><span style=\"color: #ffffff;\">Esta \u00e9 a primeira edi\u00e7\u00e3o do projeto Cinema Para Todos, cujo objetivo \u00e9 valorizar a produ\u00e7\u00e3o audiovisual brasileira e utilizar o cinema como instrumento de forma\u00e7\u00e3o cidad\u00e3, ampliando o acesso cultural democr\u00e1tico e contribuindo para a forma\u00e7\u00e3o de p\u00fablico e o fortalecimento de v\u00ednculos comunit\u00e1rios, afetivos e intergeracionais, por meio de viv\u00eancias compartilhadas em sala de cinema.<\/span><\/p>\n<p style=\"text-align: left;\"><span style=\"color: #ffffff;\">O projeto \u00e9 constitu\u00eddo de duas fases: a primeira \u00e9 destinada a pessoas idosas (mais de 60 anos); a segunda ser\u00e1 para os estudantes das escolas p\u00fablicas do Distrito Federal. As vagas s\u00e3o limitadas.<\/span><\/p>\n<p>[\/vc_column_text][\/vc_column][\/vc_row][vc_row full_width=&#8221;stretch_row&#8221; gap=&#8221;10&#8243; css=&#8221;.vc_custom_1770685412660{padding-top: 30px !important;padding-bottom: 30px !important;background-color: #FDB92E !important;}&#8221;][vc_column width=&#8221;1\/2&#8243;][vc_column_text css=&#8221;&#8221;]<\/p>\n<h2>1\u00aa FASE<\/h2>\n<ul>\n<li>P\u00fablico: Pessoas idosas (mais de 60 anos)<\/li>\n<li>Local: Cine Cultura Liberty Mall &#8211; Bras\u00edlia\/DF<\/li>\n<li>Datas: 20 e 23 de janeiro; 4 a 6 e 10 a 13 de fevereiro de 2026<\/li>\n<li>Ingressos: Gratuitos para institui\u00e7\u00f5es de idosos do DF<\/li>\n<li>Classifica\u00e7\u00e3o indicativa: Livre<\/li>\n<\/ul>\n<p>[\/vc_column_text][\/vc_column][vc_column width=&#8221;1\/2&#8243;][vc_column_text css=&#8221;&#8221;]<\/p>\n<h2>2\u00aa FASE<\/h2>\n<ul>\n<li>P\u00fablico: Estudantes das escolas p\u00fablicas do DF<\/li>\n<li>Local: Cine Cultura Liberty Mall &#8211; Bras\u00edlia\/DF<\/li>\n<li>Datas: 16 de mar\u00e7o a 16 de abril de 2026<\/li>\n<li>Ingressos: Gratuitos para as turmas inscritas<\/li>\n<li>Classifica\u00e7\u00e3o indicativa: Livre<\/li>\n<\/ul>\n<p>[\/vc_column_text][\/vc_column][\/vc_row][vc_row gap=&#8221;10&#8243; css=&#8221;.vc_custom_1775673813230{padding-top: 25px !important;}&#8221;][vc_column][vc_column_text css=&#8221;.vc_custom_1775673874818{margin-bottom: 25px !important;}&#8221;]O projeto <strong>Cinema Para Todos<\/strong> oferece transporte gratuito de ida e volta, pipoca e um pequeno lanche aos participantes, bem como <i data-path-to-node=\"5,0\" data-index-in-node=\"110\">folders<\/i> com atividades pedag\u00f3gicas para serem desenvolvidas posteriormente. O cinema disp\u00f5e de acessibilidade para cadeirantes, com espa\u00e7os reservados e banheiros adaptados. As sess\u00f5es contar\u00e3o com um monitor capacitado para atender pessoas com defici\u00eancia (PcD).[\/vc_column_text][\/vc_column][\/vc_row][vc_row gap=&#8221;10&#8243; content_placement=&#8221;middle&#8221; css=&#8221;.vc_custom_1775673840861{padding-bottom: 25px !important;}&#8221;][vc_column width=&#8221;1\/3&#8243;][vc_gallery interval=&#8221;3&#8243; images=&#8221;758,759,760,761&#8243; img_size=&#8221;full&#8221; onclick=&#8221;&#8221; css=&#8221;.vc_custom_1775673778622{margin-bottom: -25px !important;}&#8221;][\/vc_column][vc_column width=&#8221;2\/3&#8243;][vc_column_text css=&#8221;&#8221;]Ser\u00e3o exibidos 5 longas-metragens em sess\u00f5es di\u00e1rias programadas de acordo com faixas et\u00e1rias:<\/p>\n<p><strong>Estudantes de 4 a 6 anos<\/strong><br \/>\nFilme: &#8220;Tain\u00e1 e os Guardi\u00f5es da Amaz\u00f4nia: Em Busca da Flecha Azul&#8221;<br \/>\nPer\u00edodo das sess\u00f5es: 16 a 19 de mar\u00e7o<\/p>\n<p><strong>Estudantes de 7 a 9 anos<\/strong><br \/>\nFilme: &#8220;Ab\u00e1 e Sua Banda&#8221;<br \/>\nPer\u00edodo das sess\u00f5es: 24 a 27 de mar\u00e7o<\/p>\n<p><strong>Estudantes de 10 a 13 anos<\/strong><br \/>\nFilme: &#8220;Turma da M\u00f4nica: Li\u00e7\u00f5es&#8221;<br \/>\nPer\u00edodo das sess\u00f5es: 31 de mar\u00e7o a 2 de abril<\/p>\n<p><strong>Estudantes a partir de 14 anos<\/strong><br \/>\nFilme: &#8220;O Pastor e o Guerrilheiro&#8221;<br \/>\nPer\u00edodo das sess\u00f5es: 7 a 16 de abril[\/vc_column_text][\/vc_column][\/vc_row][vc_row full_width=&#8221;stretch_row&#8221; gap=&#8221;10&#8243; css=&#8221;.vc_custom_1770685437538{padding-top: 30px !important;padding-bottom: 30px !important;background-color: #CC1E33 !important;}&#8221;][vc_column][vc_column_text css=&#8221;&#8221;]<\/p>\n<h2 style=\"text-align: center;\"><span style=\"color: #ffffff;\">INSCRI\u00c7\u00d5ES PARA AS ESCOLAS (2\u00aa FASE)<\/span><\/h2>\n<h3 style=\"text-align: center;\"><span style=\"color: #ffffff;\"><a style=\"color: #ffffff;\" href=\"https:\/\/aacic.com.br\/cinemaparatodos\/2026\/inscricoes-para-escolas\/\">Clique aqui! (vagas limitadas)<\/a><\/span><\/h3>\n<p>[\/vc_column_text][\/vc_column][\/vc_row][vc_row full_width=&#8221;stretch_row&#8221; gap=&#8221;10&#8243;][vc_column width=&#8221;1\/4&#8243;][\/vc_column][vc_column width=&#8221;2\/4&#8243;][vc_text_separator title=&#8221;FILMES E ANIMA\u00c7\u00d5ES&#8221; i_icon_fontawesome=&#8221;fa fa-solid fa-video&#8221; i_color=&#8221;juicy_pink&#8221; color=&#8221;juicy_pink&#8221; border_width=&#8221;2&#8243; css=&#8221;.vc_custom_1775674127608{margin-bottom: 10px !important;}&#8221; add_icon=&#8221;true&#8221;][vc_gallery interval=&#8221;3&#8243; images=&#8221;269,15,275,273,274&#8243; img_size=&#8221;large&#8221; onclick=&#8221;custom_link&#8221; css=&#8221;.vc_custom_1775674281875{margin-bottom: -25px !important;}&#8221; custom_links=&#8221;#E-8_aHR0cHMlM0ElMkYlMkZhYWNpYy5jb20uYnIlMkZjaW5lbWFwYXJhdG9kb3MlMkYyMDI2JTJGZmlsbWVzJTJGJTJDaHR0cHMlM0ElMkYlMkZhYWNpYy5jb20uYnIlMkZjaW5lbWFwYXJhdG9kb3MlMkYyMDI2JTJGZmlsbWVzJTJGJTJDaHR0cHMlM0ElMkYlMkZhYWNpYy5jb20uYnIlMkZjaW5lbWFwYXJhdG9kb3MlMkYyMDI2JTJGZmlsbWVzJTJGJTJDaHR0cHMlM0ElMkYlMkZhYWNpYy5jb20uYnIlMkZjaW5lbWFwYXJhdG9kb3MlMkYyMDI2JTJGZmlsbWVzJTJGJTJDaHR0cHMlM0ElMkYlMkZhYWNpYy5jb20uYnIlMkZjaW5lbWFwYXJhdG9kb3MlMkYyMDI2JTJGZmlsbWVzJTJG&#8221;][\/vc_column][vc_column width=&#8221;1\/4&#8243;][\/vc_column][\/vc_row][vc_row full_width=&#8221;stretch_row&#8221; gap=&#8221;10&#8243; css=&#8221;.vc_custom_1771354690913{padding-top: 10px !important;padding-bottom: 30px !important;background-color: #E8E8E8 !important;}&#8221;][vc_column][vc_text_separator title=&#8221;BLOG&#8221; i_icon_fontawesome=&#8221;fa fa-solid fa-newspaper&#8221; i_color=&#8221;juicy_pink&#8221; color=&#8221;juicy_pink&#8221; border_width=&#8221;2&#8243; css=&#8221;.vc_custom_1771354599862{margin-bottom: 30px !important;}&#8221; add_icon=&#8221;true&#8221;][vc_column_text css=&#8221;&#8221;]<\/p>\n<p style=\"text-align: center;\"><a href=\"https:\/\/aacic.com.br\/cinemaparatodos\/2026\/category\/blog\/\">CLIQUE AQUI<\/a> PARA VER TODAS AS PUBLICA\u00c7\u00d5ES<\/p>\n<p>[\/vc_column_text][vc_basic_grid post_type=&#8221;post&#8221; max_items=&#8221;4&#8243; element_width=&#8221;3&#8243; gap=&#8221;20&#8243; item=&#8221;752&#8243; css=&#8221;&#8221; grid_id=&#8221;vc_gid:1776868199224-7a2c87c2-c403-1&#8243; taxonomies=&#8221;1&#8243;][\/vc_column][\/vc_row][vc_row full_width=&#8221;stretch_row&#8221; gap=&#8221;10&#8243; css=&#8221;.vc_custom_1770685466443{padding-top: 10px !important;padding-bottom: 30px !important;background-color: #FDB92E !important;}&#8221;][vc_column width=&#8221;1\/2&#8243;][vc_single_image image=&#8221;106&#8243; img_size=&#8221;FULL&#8221; alignment=&#8221;center&#8221; css=&#8221;.vc_custom_1768833847786{margin-bottom: 10px !important;}&#8221;][\/vc_column][vc_column width=&#8221;1\/2&#8243;][vc_single_image image=&#8221;107&#8243; img_size=&#8221;full&#8221; css=&#8221;.vc_custom_1768833873058{margin-bottom: 10px !important;}&#8221;][\/vc_column][\/vc_row][vc_row gap=&#8221;10&#8243; css=&#8221;.vc_custom_1770685479257{padding-top: 10px !important;}&#8221;][vc_column][vc_text_separator title=&#8221;LOCAL&#8221; i_icon_fontawesome=&#8221;fa fa-solid fa-map-location-dot&#8221; i_color=&#8221;juicy_pink&#8221; color=&#8221;juicy_pink&#8221; border_width=&#8221;2&#8243; css=&#8221;.vc_custom_1768830012330{margin-bottom: 30px !important;}&#8221; add_icon=&#8221;true&#8221;][\/vc_column][\/vc_row][vc_row full_width=&#8221;stretch_row&#8221; gap=&#8221;10&#8243; css=&#8221;.vc_custom_1770685488370{padding-top: 10px !important;padding-bottom: 30px !important;}&#8221;][vc_column][vc_goo_maps location=&#8221;Cine Cultura Liberty Mall&#8221; height=&#8221;480&#8243; zoom=&#8221;16&#8243; css=&#8221;&#8221;][\/vc_column][\/vc_row][vc_row full_width=&#8221;stretch_row&#8221; gap=&#8221;10&#8243; css=&#8221;.vc_custom_1770685498137{padding-top: 30px !important;padding-bottom: 30px !important;background-color: #CC1E33 !important;}&#8221;][vc_column][vc_column_text css=&#8221;&#8221;]<\/p>\n<h2 style=\"text-align: center;\"><span style=\"color: #ffffff;\">TERMO DE FOMENTO (MROSC) N\u00ba 133\/SECEC 2025 &#8211; PLANO DE TRABALHO 1477<\/span><\/h2>\n<p style=\"text-align: center;\"><span style=\"color: #ffffff;\"><strong>Objeto:<\/strong> Cinema para Todos &#8211; 1\u00aa Edi\u00e7\u00e3o (2025-2026) | <strong>Data de Assinatura:<\/strong> 15 de dezembro de 2025 | <strong>OSC:<\/strong> Associa\u00e7\u00e3o Amigos do Cinema e da Cultura (AACIC) | <strong>CNPJ:<\/strong> 08.902.167\/0001-50 |\u00a0<strong>Descri\u00e7\u00e3o do Objeto da Parceria:<\/strong> Realizar o projeto Cinema para Todos &#8211; 1\u00aa Edi\u00e7\u00e3o (2025-2026), por meio da oferta de sess\u00f5es gratuitas de cinema destinadas a pessoas idosas e estudantes da rede p\u00fablica de ensino das regi\u00f5es administrativas do Distrito Federal. Atender 4.050 pessoas entre 7 e 80 anos. A iniciativa busca valorizar a produ\u00e7\u00e3o audiovisual brasileira e utilizar o cinema como instrumento de forma\u00e7\u00e3o cidad\u00e3, ampliando o acesso cultural e contribuindo para a forma\u00e7\u00e3o de p\u00fablico. | <strong>Valor Global da Parceria:<\/strong> R$ 350.000,00 (trezentos e cinquenta mil reais) | <strong>Despesa com RH:<\/strong> R$ 48.270,00 (quarenta e oito mil duzentos e setenta reais) | <strong>Despesa com Infraestrutura\/Servi\u00e7os de Apoio:<\/strong> R$ 277.615,00 (duzentos e setenta e sete mil seiscentos e quinze reais) | <strong>Despesa com Comunica\u00e7\u00e3o Visual e Afins:<\/strong> R$ 24.115,00 (vinte e quatro mil quinhentos e quinze reais) | <strong>Encerramento da Vig\u00eancia:<\/strong> 30\/08\/2026 | <strong>Prazo para Presta\u00e7\u00e3o de Contas:<\/strong> 30\/11\/2026 (apresenta\u00e7\u00e3o do relat\u00f3rio final de atividades)<\/span><\/p>\n<p>[\/vc_column_text][\/vc_column][\/vc_row]<\/p>\n<\/div>","protected":false},"excerpt":{"rendered":"<p>[vc_row full_width=&#8221;stretch_row&#8221; gap=&#8221;10&#8243; content_placement=&#8221;middle&#8221; css=&#8221;.vc_custom_1773962889829{padding-top: 50px !important;padding-bottom: 50px !important;background-color: #000000 !important;}&#8221;][vc_column width=&#8221;1\/2&#8243;][vc_single_image image=&#8221;30&#8243; img_size=&#8221;full&#8221; alignment=&#8221;center&#8221; css=&#8221;&#8221;][\/vc_column][vc_column width=&#8221;1\/2&#8243;][vc_column_text css=&#8221;&#8221;] CINEMA PARA [&hellip;]<\/p>\n","protected":false},"author":1,"featured_media":119,"parent":0,"menu_order":0,"comment_status":"closed","ping_status":"closed","template":"","meta":{"site-sidebar-layout":"no-sidebar","site-content-layout":"plain-container","ast-site-content-layout":"default","site-content-style":"default","site-sidebar-style":"default","ast-global-header-display":"","ast-banner-title-visibility":"","ast-main-header-display":"","ast-hfb-above-header-display":"","ast-hfb-below-header-display":"","ast-hfb-mobile-header-display":"","site-post-title":"disabled","ast-breadcrumbs-content":"","ast-featured-img":"disabled","footer-sml-layout":"","ast-disable-related-posts":"","theme-transparent-header-meta":"default","adv-header-id-meta":"","stick-header-meta":"","header-above-stick-meta":"","header-main-stick-meta":"","header-below-stick-meta":"","astra-migrate-meta-layouts":"set","ast-page-background-enabled":"default","ast-page-background-meta":{"desktop":{"background-color":"var(--ast-global-color-5)","background-image":"","background-repeat":"repeat","background-position":"center center","background-size":"auto","background-attachment":"scroll","background-type":"","background-media":"","overlay-type":"","overlay-color":"","overlay-opacity":"","overlay-gradient":""},"tablet":{"background-color":"","background-image":"","background-repeat":"repeat","background-position":"center center","background-size":"auto","background-attachment":"scroll","background-type":"","background-media":"","overlay-type":"","overlay-color":"","overlay-opacity":"","overlay-gradient":""},"mobile":{"background-color":"","background-image":"","background-repeat":"repeat","background-position":"center center","background-size":"auto","background-attachment":"scroll","background-type":"","background-media":"","overlay-type":"","overlay-color":"","overlay-opacity":"","overlay-gradient":""}},"ast-content-background-meta":{"desktop":{"background-color":"var(--ast-global-color-4)","background-image":"","background-repeat":"repeat","background-position":"center center","background-size":"auto","background-attachment":"scroll","background-type":"","background-media":"","overlay-type":"","overlay-color":"","overlay-opacity":"","overlay-gradient":""},"tablet":{"background-color":"var(--ast-global-color-4)","background-image":"","background-repeat":"repeat","background-position":"center center","background-size":"auto","background-attachment":"scroll","background-type":"","background-media":"","overlay-type":"","overlay-color":"","overlay-opacity":"","overlay-gradient":""},"mobile":{"background-color":"var(--ast-global-color-4)","background-image":"","background-repeat":"repeat","background-position":"center center","background-size":"auto","background-attachment":"scroll","background-type":"","background-media":"","overlay-type":"","overlay-color":"","overlay-opacity":"","overlay-gradient":""}},"footnotes":""},"class_list":["post-9","page","type-page","status-publish","has-post-thumbnail","hentry"],"_links":{"self":[{"href":"https:\/\/aacic.com.br\/cinemaparatodos\/2026\/wp-json\/wp\/v2\/pages\/9","targetHints":{"allow":["GET"]}}],"collection":[{"href":"https:\/\/aacic.com.br\/cinemaparatodos\/2026\/wp-json\/wp\/v2\/pages"}],"about":[{"href":"https:\/\/aacic.com.br\/cinemaparatodos\/2026\/wp-json\/wp\/v2\/types\/page"}],"author":[{"embeddable":true,"href":"https:\/\/aacic.com.br\/cinemaparatodos\/2026\/wp-json\/wp\/v2\/users\/1"}],"replies":[{"embeddable":true,"href":"https:\/\/aacic.com.br\/cinemaparatodos\/2026\/wp-json\/wp\/v2\/comments?post=9"}],"version-history":[{"count":146,"href":"https:\/\/aacic.com.br\/cinemaparatodos\/2026\/wp-json\/wp\/v2\/pages\/9\/revisions"}],"predecessor-version":[{"id":903,"href":"https:\/\/aacic.com.br\/cinemaparatodos\/2026\/wp-json\/wp\/v2\/pages\/9\/revisions\/903"}],"wp:featuredmedia":[{"embeddable":true,"href":"https:\/\/aacic.com.br\/cinemaparatodos\/2026\/wp-json\/wp\/v2\/media\/119"}],"wp:attachment":[{"href":"https:\/\/aacic.com.br\/cinemaparatodos\/2026\/wp-json\/wp\/v2\/media?parent=9"}],"curies":[{"name":"wp","href":"https:\/\/api.w.org\/{rel}","templated":true}]}}