{"id":2,"date":"2019-03-21T03:16:05","date_gmt":"2019-03-21T03:16:05","guid":{"rendered":"http:\/\/aacic.com.br\/dialogoscontemporaneos\/2018\/?page_id=2"},"modified":"2024-01-15T00:08:40","modified_gmt":"2024-01-15T03:08:40","slug":"sobre-o-projeto","status":"publish","type":"page","link":"https:\/\/aacic.com.br\/dialogoscontemporaneos\/2018\/sobre-o-projeto\/","title":{"rendered":"Sobre"},"content":{"rendered":"<h1>A NECESSIDADE DE DI\u00c1LOGO<\/h1>\n<p>O ciclo de confer\u00eancias Di\u00e1logos Contempor\u00e2neos se prop\u00f5e a discutir, refletir, levantar e apresentar quest\u00f5es em torno da cultura, educa\u00e7\u00e3o, comunica\u00e7\u00e3o social, hist\u00f3ria, novas tecnologias, condi\u00e7\u00e3o humana e pensamento cr\u00edtico contempor\u00e2neo.<\/p>\n<p>A iniciativa \u00e9 especialmente voltada para jovens, intelectuais, artistas, trabalhadores da cultura, estudantes, professores, jornalistas, pol\u00edticos ou gestores p\u00fablicos. O que se quer \u00e9 ampliar a percep\u00e7\u00e3o sobre as grandes quest\u00f5es culturais que nos chamam a aten\u00e7\u00e3o de forma incisiva nos dias atuais e, certamente, dizem respeito aos que se interessam pelo futuro.<\/p>\n<p>O projeto reunir\u00e1 especialistas de diversas \u00e1reas do conhecimento numa ampla abordagem, possibilitando compartilhar pensamentos, cria\u00e7\u00f5es, inova\u00e7\u00f5es e experimenta\u00e7\u00f5es, visando contribuir para a amplia\u00e7\u00e3o do espa\u00e7o democr\u00e1tico.<\/p>\n<p>O ciclo de confer\u00eancias Di\u00e1logos Contempor\u00e2neos ocorrer\u00e1 de mar\u00e7o a junho de 2018, sempre \u00e0s segundas e ter\u00e7as-feiras, em Campo Grande e Bras\u00edlia, respectivamente.<\/p>\n<p>Nos momentos de crise \u00e9 que se faz mais necess\u00e1rio ainda trocar ideias, n\u00e3o se furtar \u00e0 discuss\u00e3o e construir novos caminhos que possam se efetivar em bases que estejam comprometidas com a diversidade cultural, a democracia, a justi\u00e7a e a igualdade de oportunidade para todos<\/p>\n<p><strong>Nilson Rodrigues<\/strong><br \/>\nDiretor Geral<\/p>\n","protected":false},"excerpt":{"rendered":"<p>A NECESSIDADE DE DI\u00c1LOGO O ciclo de confer\u00eancias Di\u00e1logos Contempor\u00e2neos se prop\u00f5e a discutir, refletir, levantar e apresentar quest\u00f5es em [&hellip;]<\/p>\n","protected":false},"author":2,"featured_media":486,"parent":0,"menu_order":1,"comment_status":"closed","ping_status":"open","template":"","meta":{"site-sidebar-layout":"no-sidebar","site-content-layout":"plain-container","ast-site-content-layout":"default","site-content-style":"default","site-sidebar-style":"default","ast-global-header-display":"","ast-banner-title-visibility":"","ast-main-header-display":"","ast-hfb-above-header-display":"","ast-hfb-below-header-display":"","ast-hfb-mobile-header-display":"","site-post-title":"disabled","ast-breadcrumbs-content":"","ast-featured-img":"disabled","footer-sml-layout":"","theme-transparent-header-meta":"default","adv-header-id-meta":"","stick-header-meta":"","header-above-stick-meta":"","header-main-stick-meta":"","header-below-stick-meta":"","astra-migrate-meta-layouts":"set","ast-page-background-enabled":"default","ast-page-background-meta":{"desktop":{"background-color":"var(--ast-global-color-4)","background-image":"","background-repeat":"repeat","background-position":"center center","background-size":"auto","background-attachment":"scroll","background-type":"","background-media":"","overlay-type":"","overlay-color":"","overlay-opacity":"","overlay-gradient":""},"tablet":{"background-color":"","background-image":"","background-repeat":"repeat","background-position":"center center","background-size":"auto","background-attachment":"scroll","background-type":"","background-media":"","overlay-type":"","overlay-color":"","overlay-opacity":"","overlay-gradient":""},"mobile":{"background-color":"","background-image":"","background-repeat":"repeat","background-position":"center center","background-size":"auto","background-attachment":"scroll","background-type":"","background-media":"","overlay-type":"","overlay-color":"","overlay-opacity":"","overlay-gradient":""}},"ast-content-background-meta":{"desktop":{"background-color":"var(--ast-global-color-5)","background-image":"","background-repeat":"repeat","background-position":"center center","background-size":"auto","background-attachment":"scroll","background-type":"","background-media":"","overlay-type":"","overlay-color":"","overlay-opacity":"","overlay-gradient":""},"tablet":{"background-color":"var(--ast-global-color-5)","background-image":"","background-repeat":"repeat","background-position":"center center","background-size":"auto","background-attachment":"scroll","background-type":"","background-media":"","overlay-type":"","overlay-color":"","overlay-opacity":"","overlay-gradient":""},"mobile":{"background-color":"var(--ast-global-color-5)","background-image":"","background-repeat":"repeat","background-position":"center center","background-size":"auto","background-attachment":"scroll","background-type":"","background-media":"","overlay-type":"","overlay-color":"","overlay-opacity":"","overlay-gradient":""}},"ngg_post_thumbnail":0,"footnotes":""},"class_list":["post-2","page","type-page","status-publish","has-post-thumbnail","hentry"],"_links":{"self":[{"href":"https:\/\/aacic.com.br\/dialogoscontemporaneos\/2018\/wp-json\/wp\/v2\/pages\/2","targetHints":{"allow":["GET"]}}],"collection":[{"href":"https:\/\/aacic.com.br\/dialogoscontemporaneos\/2018\/wp-json\/wp\/v2\/pages"}],"about":[{"href":"https:\/\/aacic.com.br\/dialogoscontemporaneos\/2018\/wp-json\/wp\/v2\/types\/page"}],"author":[{"embeddable":true,"href":"https:\/\/aacic.com.br\/dialogoscontemporaneos\/2018\/wp-json\/wp\/v2\/users\/2"}],"replies":[{"embeddable":true,"href":"https:\/\/aacic.com.br\/dialogoscontemporaneos\/2018\/wp-json\/wp\/v2\/comments?post=2"}],"version-history":[{"count":16,"href":"https:\/\/aacic.com.br\/dialogoscontemporaneos\/2018\/wp-json\/wp\/v2\/pages\/2\/revisions"}],"predecessor-version":[{"id":480,"href":"https:\/\/aacic.com.br\/dialogoscontemporaneos\/2018\/wp-json\/wp\/v2\/pages\/2\/revisions\/480"}],"wp:featuredmedia":[{"embeddable":true,"href":"https:\/\/aacic.com.br\/dialogoscontemporaneos\/2018\/wp-json\/wp\/v2\/media\/486"}],"wp:attachment":[{"href":"https:\/\/aacic.com.br\/dialogoscontemporaneos\/2018\/wp-json\/wp\/v2\/media?parent=2"}],"curies":[{"name":"wp","href":"https:\/\/api.w.org\/{rel}","templated":true}]}}