{"id":14,"date":"2019-03-21T11:17:29","date_gmt":"2019-03-21T14:17:29","guid":{"rendered":"https:\/\/aacic.com.br\/dialogoscontemporaneos\/2019\/?page_id=14"},"modified":"2024-01-12T22:06:44","modified_gmt":"2024-01-13T01:06:44","slug":"programacao","status":"publish","type":"page","link":"https:\/\/aacic.com.br\/dialogoscontemporaneos\/2019\/programacao\/","title":{"rendered":"Programa\u00e7\u00e3o"},"content":{"rendered":"<p>Ser\u00e3o oito confer\u00eancias, de 26 de mar\u00e7o a 14 de maio, com escritores de renome nacional e internacional, sempre \u00e0s ter\u00e7as-feiras, \u00e0s 19 horas, no Teatro dos Banc\u00e1rios (EQS 314\/315 &#8211; Bloco A &#8211; Asa Sul):<\/p>\n<p>&gt;&gt; Dia 26 de mar\u00e7o (Abertura)<br \/>\n<strong>Literatura brasileira e crises pol\u00edticas<\/strong><br \/>\nPalestrante: FERNANDO MORAIS<br \/>\n<em>As grandes crises pol\u00edticas pelas quais o Pa\u00eds atravessou e as abordagens liter\u00e1rias, historiogr\u00e1ficas, ensa\u00edsticas ou ficcionais.<\/em><\/p>\n<p>&#8212;&#8211;<\/p>\n<p>&gt;&gt; Dia 2 de abril<br \/>\n<strong>Biografias do Brasil<\/strong><br \/>\nPalestrante: M\u00c1RIO MAGALH\u00c3ES<br \/>\n<em>A constru\u00e7\u00e3o do Brasil, o processo de coloniza\u00e7\u00e3o, as etnias e culturas, as pol\u00edticas econ\u00f4micas e sociais e os fatos hist\u00f3ricos que foram determinantes na forma\u00e7\u00e3o da identidade do Pa\u00eds.<\/em><\/p>\n<p>&#8212;&#8211;<\/p>\n<p>&gt;&gt; Dia 9 de abril<br \/>\n<strong>O amor e a afetividade na hist\u00f3ria do Brasil<\/strong><br \/>\nPalestrante: MARY DEL PRIORE<br \/>\n<em>Uma abordagem das rela\u00e7\u00f5es afetivas e sua constru\u00e7\u00e3o hist\u00f3rica na sociedade brasileira. O lugar do amor, nas suas diversas manifesta\u00e7\u00f5es, e o espa\u00e7o da empatia e da solidariedade no Brasil contempor\u00e2neo.<\/em><\/p>\n<p>&#8212;&#8211;<\/p>\n<p>&gt;&gt; Dia 16 de abril<br \/>\n<strong>As grandes metr\u00f3poles na literatura brasileira<\/strong><br \/>\nPalestrante: PAULO LINS<br \/>\n<em>As grandes narrativas da literatura ficcional brasileira que abordaram as metr\u00f3poles do Pa\u00eds ao longo da hist\u00f3ria e suas conex\u00f5es com as mudan\u00e7as ocorridas nesses cen\u00e1rios, tanto do ponto de vista urban\u00edstico, como social e cultural.<\/em><\/p>\n<p>&#8212;&#8211;<\/p>\n<p>&gt;&gt; Dia 23 de abril<br \/>\n<strong>Ra\u00edzes do Brasil &#8211; heran\u00e7a africana, tradi\u00e7\u00f5es e novas express\u00f5es: uma perspectiva da produ\u00e7\u00e3o art\u00edstica negra no Brasil atual<\/strong><br \/>\nPalestrante: GRACE PASS\u00d4<br \/>\n<em>O legado, a tradi\u00e7\u00e3o e as novas express\u00f5es da cultura negra na literatura brasileira. Um olhar sobre a produ\u00e7\u00e3o liter\u00e1ria dos negros no Brasil e suas novas express\u00f5es.<\/em><\/p>\n<p>&#8212;&#8211;<\/p>\n<p>&gt;&gt; Dia 30 de abril<br \/>\n<strong>Internet e tecnologia: informa\u00e7\u00e3o e desinforma\u00e7\u00e3o na era digital<\/strong><br \/>\nPalestrante: PABLO ORTELLADO<br \/>\n<em>Com a explos\u00e3o das m\u00eddias sociais, da internet e das tecnologias digitais verifica-se a disponibiliza\u00e7\u00e3o de conte\u00fados como nunca se viu. Juntamente com isso, uma mercantiliza\u00e7\u00e3o opressora, fake news e uso pol\u00edtico, dentre outros. Diante disso, o grande desafio passa a ser como utilizar esses instrumentos para expandir o conhecimento e as pr\u00e1ticas de cidadania.<\/em><\/p>\n<p>&#8212;&#8211;<\/p>\n<p>&gt;&gt; Dia 7 de maio<br \/>\n<strong>A literatura que vem da periferia<\/strong><br \/>\nPalestrante: S\u00c9RGIO VAZ<br \/>\n<em>Do hip-hop \u00e0s publica\u00e7\u00f5es po\u00e9ticas, do funk aos saraus. Uma cultura perif\u00e9rica surge nas grandes cidades e busca afirmar seus valores e sua identidade. As novas express\u00f5es e as narrativas liter\u00e1rias que vem das maiorias populacionais que vivem nas periferias das grandes cidades.<\/em><\/p>\n<p>&#8212;&#8211;<\/p>\n<p>&gt;&gt; Dia 14 de maio (Encerramento)<br \/>\n<strong>A cr\u00f4nica e o humor na sociedade brasileira<\/strong><br \/>\nPalestrante: EDUARDO BUENO<br \/>\n<em>Dos cl\u00e1ssicos da literatura aos autores da contemporaneidade, o riso e a capacidade de cr\u00edtica social e suas mudan\u00e7as em um mundo que exige cada vez mais atitudes que superem preconceitos e afirmem os direitos das minorias em meio \u00e0 luta contra preconceitos.<\/em><\/p>\n","protected":false},"excerpt":{"rendered":"<p>Ser\u00e3o oito confer\u00eancias, de 26 de mar\u00e7o a 14 de maio, com escritores de renome nacional e internacional, sempre \u00e0s [&hellip;]<\/p>\n","protected":false},"author":1,"featured_media":431,"parent":0,"menu_order":2,"comment_status":"closed","ping_status":"closed","template":"","meta":{"site-sidebar-layout":"default","site-content-layout":"","ast-site-content-layout":"default","site-content-style":"default","site-sidebar-style":"default","ast-global-header-display":"","ast-banner-title-visibility":"","ast-main-header-display":"","ast-hfb-above-header-display":"","ast-hfb-below-header-display":"","ast-hfb-mobile-header-display":"","site-post-title":"","ast-breadcrumbs-content":"","ast-featured-img":"disabled","footer-sml-layout":"","theme-transparent-header-meta":"default","adv-header-id-meta":"","stick-header-meta":"","header-above-stick-meta":"","header-main-stick-meta":"","header-below-stick-meta":"","astra-migrate-meta-layouts":"set","ast-page-background-enabled":"default","ast-page-background-meta":{"desktop":{"background-color":"var(--ast-global-color-4)","background-image":"","background-repeat":"repeat","background-position":"center center","background-size":"auto","background-attachment":"scroll","background-type":"","background-media":"","overlay-type":"","overlay-color":"","overlay-opacity":"","overlay-gradient":""},"tablet":{"background-color":"","background-image":"","background-repeat":"repeat","background-position":"center center","background-size":"auto","background-attachment":"scroll","background-type":"","background-media":"","overlay-type":"","overlay-color":"","overlay-opacity":"","overlay-gradient":""},"mobile":{"background-color":"","background-image":"","background-repeat":"repeat","background-position":"center center","background-size":"auto","background-attachment":"scroll","background-type":"","background-media":"","overlay-type":"","overlay-color":"","overlay-opacity":"","overlay-gradient":""}},"ast-content-background-meta":{"desktop":{"background-color":"var(--ast-global-color-5)","background-image":"","background-repeat":"repeat","background-position":"center center","background-size":"auto","background-attachment":"scroll","background-type":"","background-media":"","overlay-type":"","overlay-color":"","overlay-opacity":"","overlay-gradient":""},"tablet":{"background-color":"var(--ast-global-color-5)","background-image":"","background-repeat":"repeat","background-position":"center center","background-size":"auto","background-attachment":"scroll","background-type":"","background-media":"","overlay-type":"","overlay-color":"","overlay-opacity":"","overlay-gradient":""},"mobile":{"background-color":"var(--ast-global-color-5)","background-image":"","background-repeat":"repeat","background-position":"center center","background-size":"auto","background-attachment":"scroll","background-type":"","background-media":"","overlay-type":"","overlay-color":"","overlay-opacity":"","overlay-gradient":""}},"footnotes":""},"class_list":["post-14","page","type-page","status-publish","has-post-thumbnail","hentry"],"_links":{"self":[{"href":"https:\/\/aacic.com.br\/dialogoscontemporaneos\/2019\/wp-json\/wp\/v2\/pages\/14","targetHints":{"allow":["GET"]}}],"collection":[{"href":"https:\/\/aacic.com.br\/dialogoscontemporaneos\/2019\/wp-json\/wp\/v2\/pages"}],"about":[{"href":"https:\/\/aacic.com.br\/dialogoscontemporaneos\/2019\/wp-json\/wp\/v2\/types\/page"}],"author":[{"embeddable":true,"href":"https:\/\/aacic.com.br\/dialogoscontemporaneos\/2019\/wp-json\/wp\/v2\/users\/1"}],"replies":[{"embeddable":true,"href":"https:\/\/aacic.com.br\/dialogoscontemporaneos\/2019\/wp-json\/wp\/v2\/comments?post=14"}],"version-history":[{"count":13,"href":"https:\/\/aacic.com.br\/dialogoscontemporaneos\/2019\/wp-json\/wp\/v2\/pages\/14\/revisions"}],"predecessor-version":[{"id":442,"href":"https:\/\/aacic.com.br\/dialogoscontemporaneos\/2019\/wp-json\/wp\/v2\/pages\/14\/revisions\/442"}],"wp:featuredmedia":[{"embeddable":true,"href":"https:\/\/aacic.com.br\/dialogoscontemporaneos\/2019\/wp-json\/wp\/v2\/media\/431"}],"wp:attachment":[{"href":"https:\/\/aacic.com.br\/dialogoscontemporaneos\/2019\/wp-json\/wp\/v2\/media?parent=14"}],"curies":[{"name":"wp","href":"https:\/\/api.w.org\/{rel}","templated":true}]}}