{"id":18,"date":"2019-03-21T12:12:28","date_gmt":"2019-03-21T15:12:28","guid":{"rendered":"https:\/\/aacic.com.br\/dialogoscontemporaneos\/2019\/?page_id=18"},"modified":"2024-01-12T22:06:54","modified_gmt":"2024-01-13T01:06:54","slug":"convidados","status":"publish","type":"page","link":"https:\/\/aacic.com.br\/dialogoscontemporaneos\/2019\/convidados\/","title":{"rendered":"Convidados"},"content":{"rendered":"<p><img loading=\"lazy\" decoding=\"async\" class=\"alignnone size-medium wp-image-20\" src=\"https:\/\/aacic.com.br\/dialogoscontemporaneos\/2019\/wp-content\/uploads\/2019\/03\/ESCRITORES-FERNANDO-MORAIS-01-300x115.png\" alt=\"ESCRITOR FERNANDO MORAIS\" width=\"300\" height=\"115\" srcset=\"https:\/\/aacic.com.br\/dialogoscontemporaneos\/2019\/wp-content\/uploads\/2019\/03\/ESCRITORES-FERNANDO-MORAIS-01-300x115.png 300w, https:\/\/aacic.com.br\/dialogoscontemporaneos\/2019\/wp-content\/uploads\/2019\/03\/ESCRITORES-FERNANDO-MORAIS-01.png 340w\" sizes=\"auto, (max-width: 300px) 100vw, 300px\" \/><\/p>\n<p><strong>Fernando Morais<\/strong> \u00e9 jornalista e escritor, recebeu tr\u00eas vezes o Pr\u00eamio Esso e quatro vezes o Pr\u00eamio Abril de Jornalismo. \u00c9 autor, entre outros livros, de &#8220;Olga&#8221;, &#8220;Chat\u00f4, o Rei do Brasil&#8221;, &#8220;Cora\u00e7\u00f5es Sujos&#8221;, &#8220;A Ilha&#8221; e &#8220;Os \u00daltimos Soldados da Guerra Fria&#8221;.<\/p>\n<p><img loading=\"lazy\" decoding=\"async\" class=\"alignnone size-medium wp-image-22\" src=\"https:\/\/aacic.com.br\/dialogoscontemporaneos\/2019\/wp-content\/uploads\/2019\/03\/ESCRITORES-MARIO-MAGALHAES-01-300x115.png\" alt=\"ESCRITOR MARIO MAGALHAES\" width=\"300\" height=\"115\" srcset=\"https:\/\/aacic.com.br\/dialogoscontemporaneos\/2019\/wp-content\/uploads\/2019\/03\/ESCRITORES-MARIO-MAGALHAES-01-300x115.png 300w, https:\/\/aacic.com.br\/dialogoscontemporaneos\/2019\/wp-content\/uploads\/2019\/03\/ESCRITORES-MARIO-MAGALHAES-01.png 340w\" sizes=\"auto, (max-width: 300px) 100vw, 300px\" \/><\/p>\n<p><strong>M\u00e1rio Magalh\u00e3es<\/strong> \u00e9 jornalista e escritor, trabalhou nos jornais O Globo, O Estado de S. Paulo e Folha de S. Paulo. Recebeu 25 pr\u00eamios. \u00c9 autor de &#8220;Marighella: O Guerrilheiro que Incendiou o Mundo&#8221;, &#8220;O Narcotr\u00e1fico&#8221; e em breve lan\u00e7ar\u00e1 a biografia de Carlos Lacerda.<\/p>\n<p><img loading=\"lazy\" decoding=\"async\" class=\"alignnone size-medium wp-image-23\" src=\"https:\/\/aacic.com.br\/dialogoscontemporaneos\/2019\/wp-content\/uploads\/2019\/03\/ESCRITORES-MARY-DEL-PRIORE-01-300x115.png\" alt=\"ESCRITORA MARY DEL PRIORE\" width=\"300\" height=\"115\" srcset=\"https:\/\/aacic.com.br\/dialogoscontemporaneos\/2019\/wp-content\/uploads\/2019\/03\/ESCRITORES-MARY-DEL-PRIORE-01-300x115.png 300w, https:\/\/aacic.com.br\/dialogoscontemporaneos\/2019\/wp-content\/uploads\/2019\/03\/ESCRITORES-MARY-DEL-PRIORE-01.png 340w\" sizes=\"auto, (max-width: 300px) 100vw, 300px\" \/><\/p>\n<p><strong>Mary Del Priore<\/strong> \u00e9 historiadora, p\u00f3s-doutora pela \u00c9cole des Hautes \u00c9tudes en Sciences Sociales de Paris. Autora de mais de 50 livros sobre a hist\u00f3ria do Pa\u00eds, como &#8220;Uma Breve Hist\u00f3ria do Brasil&#8221;, &#8220;Hist\u00f3rias da Gente Brasileira&#8221;, &#8220;Hist\u00f3rias do Amor no Brasil&#8221;<\/p>\n<p><img loading=\"lazy\" decoding=\"async\" class=\"alignnone size-medium wp-image-25\" src=\"https:\/\/aacic.com.br\/dialogoscontemporaneos\/2019\/wp-content\/uploads\/2019\/03\/ESCRITORES-PAULO-LINS-01-300x115.png\" alt=\"ESCRITOR PAULO LINS\" width=\"300\" height=\"115\" srcset=\"https:\/\/aacic.com.br\/dialogoscontemporaneos\/2019\/wp-content\/uploads\/2019\/03\/ESCRITORES-PAULO-LINS-01-300x115.png 300w, https:\/\/aacic.com.br\/dialogoscontemporaneos\/2019\/wp-content\/uploads\/2019\/03\/ESCRITORES-PAULO-LINS-01.png 340w\" sizes=\"auto, (max-width: 300px) 100vw, 300px\" \/><\/p>\n<p><strong>Paulo Lins<\/strong> \u00e9 poeta, romancista, roteirista de cinema e televis\u00e3o e professor licenciado em L\u00edngua Portuguesa e Brasileira pela UFRJ. Autor de &#8220;Cidade de Deus&#8221;, adaptado para o cinema com quatro indica\u00e7\u00f5es ao Oscar, &#8220;Mar\u00e9, Nossa Hist\u00f3ria de Amor&#8221; e &#8220;Quase Dois Irm\u00e3os&#8221;, tamb\u00e9m adaptados para o cinema, entre outros.<\/p>\n<p><img loading=\"lazy\" decoding=\"async\" class=\"alignnone size-medium wp-image-21\" src=\"https:\/\/aacic.com.br\/dialogoscontemporaneos\/2019\/wp-content\/uploads\/2019\/03\/ESCRITORES-GRACE-PASSO-01-300x115.png\" alt=\"ESCRITORA GRACE PASSO\" width=\"300\" height=\"115\" srcset=\"https:\/\/aacic.com.br\/dialogoscontemporaneos\/2019\/wp-content\/uploads\/2019\/03\/ESCRITORES-GRACE-PASSO-01-300x115.png 300w, https:\/\/aacic.com.br\/dialogoscontemporaneos\/2019\/wp-content\/uploads\/2019\/03\/ESCRITORES-GRACE-PASSO-01.png 340w\" sizes=\"auto, (max-width: 300px) 100vw, 300px\" \/><\/p>\n<p><strong>Grace Pass\u00f4<\/strong> \u00e9 atriz, diretora e dramaturga, formada pelo Centro de Forma\u00e7\u00e3o Art\u00edstica Tecnol\u00f3gica da Funda\u00e7\u00e3o Cl\u00f3vis Salgado, em Belo Horizonte (MG). Foi cronista do Jornal O Tempo e possui publica\u00e7\u00f5es de textos teatrais em portugu\u00eas, franc\u00eas, italiano, espanhol, mandarim, ingl\u00eas e polon\u00eas.<\/p>\n<p><img loading=\"lazy\" decoding=\"async\" class=\"alignnone size-medium wp-image-24\" src=\"https:\/\/aacic.com.br\/dialogoscontemporaneos\/2019\/wp-content\/uploads\/2019\/03\/ESCRITORES-PABLO-ORTELLADO-01-300x115.png\" alt=\"ESCRITOR PABLO ORTELLADO\" width=\"300\" height=\"115\" srcset=\"https:\/\/aacic.com.br\/dialogoscontemporaneos\/2019\/wp-content\/uploads\/2019\/03\/ESCRITORES-PABLO-ORTELLADO-01-300x115.png 300w, https:\/\/aacic.com.br\/dialogoscontemporaneos\/2019\/wp-content\/uploads\/2019\/03\/ESCRITORES-PABLO-ORTELLADO-01.png 340w\" sizes=\"auto, (max-width: 300px) 100vw, 300px\" \/><\/p>\n<p><strong>Pablo Ortellado<\/strong> \u00e9 doutor em Filosofia e professor de Gest\u00e3o de Pol\u00edticas P\u00fablicas na USP. Coordenador do Monitor do Debate Pol\u00edtico no Meio Digital e colunista da Folha de S. Paulo. Autor dos livros &#8220;Estamos Vencendo! Resist\u00eancia Global no Brasil&#8221;, com Andr\u00e9 Ryoki, e &#8220;Vinte Centavos: A Luta Contra o Aumento&#8221;, com Elena Judensnaider e Luciana Lima.<\/p>\n<p><img loading=\"lazy\" decoding=\"async\" class=\"alignnone size-medium wp-image-26\" src=\"https:\/\/aacic.com.br\/dialogoscontemporaneos\/2019\/wp-content\/uploads\/2019\/03\/ESCRITORES-SERGIO-VAZ-01-300x115.png\" alt=\"ESCRITOR SERGIO VAZ\" width=\"300\" height=\"115\" srcset=\"https:\/\/aacic.com.br\/dialogoscontemporaneos\/2019\/wp-content\/uploads\/2019\/03\/ESCRITORES-SERGIO-VAZ-01-300x115.png 300w, https:\/\/aacic.com.br\/dialogoscontemporaneos\/2019\/wp-content\/uploads\/2019\/03\/ESCRITORES-SERGIO-VAZ-01.png 340w\" sizes=\"auto, (max-width: 300px) 100vw, 300px\" \/><\/p>\n<p><strong>S\u00e9rgio Vaz<\/strong> \u00e9 poeta e agitador cultural, \u00e9 autor de oito livros. Fundador da Cooperativa Cultural da Periferia (Cooperifa), em S\u00e3o Paulo, respons\u00e1vel por projetos como Sarau da Cooperifa, Cinema na Laje, Poesia nos Muros e Poesia Contra a Viol\u00eancia. Recebeu os pr\u00eamios Her\u00f3is Invis\u00edveis (Unesco), Trip Transformadores, Orilax\u00e9, Aprendiz, Governador de S\u00e3o Paulo e Santos Dias de Direitos Humanos.<\/p>\n<p><img loading=\"lazy\" decoding=\"async\" class=\"alignnone size-medium wp-image-19\" src=\"https:\/\/aacic.com.br\/dialogoscontemporaneos\/2019\/wp-content\/uploads\/2019\/03\/ESCRITORES-EDUARDO-BUENO-01-300x115.png\" alt=\"ESCRITOR EDUARDO BUENO\" width=\"300\" height=\"115\" srcset=\"https:\/\/aacic.com.br\/dialogoscontemporaneos\/2019\/wp-content\/uploads\/2019\/03\/ESCRITORES-EDUARDO-BUENO-01-300x115.png 300w, https:\/\/aacic.com.br\/dialogoscontemporaneos\/2019\/wp-content\/uploads\/2019\/03\/ESCRITORES-EDUARDO-BUENO-01.png 340w\" sizes=\"auto, (max-width: 300px) 100vw, 300px\" \/><\/p>\n<p><strong>Eduardo Bueno<\/strong> \u00e9 jornalista, escritor, roteirista e tradutor. Escreveu &#8220;A Viagem do Descobrimento&#8221;, &#8220;N\u00e1ufragos, Traficantes e Degredados&#8221; e &#8220;Capit\u00e3es do Brasil &#8211; A Saga dos Primeiros Colonizadores&#8221;, entre outros. Traduziu mais de 22 livros, entre eles o cl\u00e1ssico &#8220;P\u00e9 na Estrada&#8221; (On the Road), de Jack Kerouac. Em seu canal no YouTube, o Buenas Ideias, apresenta v\u00eddeos que tratam de temas relacionados \u00e0 hist\u00f3ria do Brasil.<\/p>\n","protected":false},"excerpt":{"rendered":"<p>Fernando Morais \u00e9 jornalista e escritor, recebeu tr\u00eas vezes o Pr\u00eamio Esso e quatro vezes o Pr\u00eamio Abril de Jornalismo. [&hellip;]<\/p>\n","protected":false},"author":1,"featured_media":431,"parent":0,"menu_order":3,"comment_status":"closed","ping_status":"closed","template":"","meta":{"site-sidebar-layout":"default","site-content-layout":"","ast-site-content-layout":"default","site-content-style":"default","site-sidebar-style":"default","ast-global-header-display":"","ast-banner-title-visibility":"","ast-main-header-display":"","ast-hfb-above-header-display":"","ast-hfb-below-header-display":"","ast-hfb-mobile-header-display":"","site-post-title":"","ast-breadcrumbs-content":"","ast-featured-img":"disabled","footer-sml-layout":"","theme-transparent-header-meta":"default","adv-header-id-meta":"","stick-header-meta":"","header-above-stick-meta":"","header-main-stick-meta":"","header-below-stick-meta":"","astra-migrate-meta-layouts":"set","ast-page-background-enabled":"default","ast-page-background-meta":{"desktop":{"background-color":"var(--ast-global-color-4)","background-image":"","background-repeat":"repeat","background-position":"center center","background-size":"auto","background-attachment":"scroll","background-type":"","background-media":"","overlay-type":"","overlay-color":"","overlay-opacity":"","overlay-gradient":""},"tablet":{"background-color":"","background-image":"","background-repeat":"repeat","background-position":"center center","background-size":"auto","background-attachment":"scroll","background-type":"","background-media":"","overlay-type":"","overlay-color":"","overlay-opacity":"","overlay-gradient":""},"mobile":{"background-color":"","background-image":"","background-repeat":"repeat","background-position":"center center","background-size":"auto","background-attachment":"scroll","background-type":"","background-media":"","overlay-type":"","overlay-color":"","overlay-opacity":"","overlay-gradient":""}},"ast-content-background-meta":{"desktop":{"background-color":"var(--ast-global-color-5)","background-image":"","background-repeat":"repeat","background-position":"center center","background-size":"auto","background-attachment":"scroll","background-type":"","background-media":"","overlay-type":"","overlay-color":"","overlay-opacity":"","overlay-gradient":""},"tablet":{"background-color":"var(--ast-global-color-5)","background-image":"","background-repeat":"repeat","background-position":"center center","background-size":"auto","background-attachment":"scroll","background-type":"","background-media":"","overlay-type":"","overlay-color":"","overlay-opacity":"","overlay-gradient":""},"mobile":{"background-color":"var(--ast-global-color-5)","background-image":"","background-repeat":"repeat","background-position":"center center","background-size":"auto","background-attachment":"scroll","background-type":"","background-media":"","overlay-type":"","overlay-color":"","overlay-opacity":"","overlay-gradient":""}},"footnotes":""},"class_list":["post-18","page","type-page","status-publish","has-post-thumbnail","hentry"],"_links":{"self":[{"href":"https:\/\/aacic.com.br\/dialogoscontemporaneos\/2019\/wp-json\/wp\/v2\/pages\/18","targetHints":{"allow":["GET"]}}],"collection":[{"href":"https:\/\/aacic.com.br\/dialogoscontemporaneos\/2019\/wp-json\/wp\/v2\/pages"}],"about":[{"href":"https:\/\/aacic.com.br\/dialogoscontemporaneos\/2019\/wp-json\/wp\/v2\/types\/page"}],"author":[{"embeddable":true,"href":"https:\/\/aacic.com.br\/dialogoscontemporaneos\/2019\/wp-json\/wp\/v2\/users\/1"}],"replies":[{"embeddable":true,"href":"https:\/\/aacic.com.br\/dialogoscontemporaneos\/2019\/wp-json\/wp\/v2\/comments?post=18"}],"version-history":[{"count":8,"href":"https:\/\/aacic.com.br\/dialogoscontemporaneos\/2019\/wp-json\/wp\/v2\/pages\/18\/revisions"}],"predecessor-version":[{"id":443,"href":"https:\/\/aacic.com.br\/dialogoscontemporaneos\/2019\/wp-json\/wp\/v2\/pages\/18\/revisions\/443"}],"wp:featuredmedia":[{"embeddable":true,"href":"https:\/\/aacic.com.br\/dialogoscontemporaneos\/2019\/wp-json\/wp\/v2\/media\/431"}],"wp:attachment":[{"href":"https:\/\/aacic.com.br\/dialogoscontemporaneos\/2019\/wp-json\/wp\/v2\/media?parent=18"}],"curies":[{"name":"wp","href":"https:\/\/api.w.org\/{rel}","templated":true}]}}