{"id":2,"date":"2019-03-21T03:16:05","date_gmt":"2019-03-21T03:16:05","guid":{"rendered":"https:\/\/aacic.com.br\/dialogoscontemporaneos\/2019\/?page_id=2"},"modified":"2024-01-12T22:06:34","modified_gmt":"2024-01-13T01:06:34","slug":"sobre-o-projeto","status":"publish","type":"page","link":"https:\/\/aacic.com.br\/dialogoscontemporaneos\/2019\/sobre-o-projeto\/","title":{"rendered":"Sobre"},"content":{"rendered":"<p><strong>Di\u00e1logos urgentes e necess\u00e1rios<\/strong><\/p>\n<p>Nesta terceira edi\u00e7\u00e3o do projeto Di\u00e1logos Contempor\u00e2neos, nossas propostas de debates conduzem a reflex\u00f5es que v\u00e3o desde a constru\u00e7\u00e3o hist\u00f3rica das rela\u00e7\u00f5es afetivas no Pa\u00eds a processos de difus\u00e3o de not\u00edcias e informa\u00e7\u00f5es na internet. Consideramos importante debater esses temas nesse momento, visto que valores como a solidariedade e a empatia t\u00eam tido pouco espa\u00e7o em algumas camadas da sociedade, onde vicejam o \u00f3dio, o preconceito e a prega\u00e7\u00e3o da viol\u00eancia.<\/p>\n<p>Grande parte dessa constru\u00e7\u00e3o se d\u00e1 nas redes sociais, especialmente por meio das conhecidas fake news que fundamentam e formam a base do atual caldo cultural.<\/p>\n<p>Buscando interpretar o momento em que vivemos e entender como o Brasil foi e \u00e9 constru\u00eddo, visto e interpretado, convidamos importantes escritoras e escritores brasileiros para mediar nossa percep\u00e7\u00e3o e apresentar suas perspectivas. Olhares que v\u00e3o desde a tradi\u00e7\u00e3o e a heran\u00e7a africana em nossa literatura, perpassando pela gra\u00e7a e o humor com que sempre nos enxergamos ao longo do tempo, at\u00e9 os distintos dramas de nossas metr\u00f3poles e a recente produ\u00e7\u00e3o que hoje nos chega da periferia, agora tamb\u00e9m produzida por aqueles que antes eram apenas personagens.<\/p>\n<p>Di\u00e1logos para entender, por meio da produ\u00e7\u00e3o liter\u00e1ria brasileira, em seus diversos g\u00eaneros e narrativas, os caminhos e descaminhos do Pa\u00eds. E construir sa\u00eddas.<\/p>\n<p><strong>Nilson Rodrigues<\/strong><br \/>\nDire\u00e7\u00e3o Executiva<\/p>\n","protected":false},"excerpt":{"rendered":"<p>Di\u00e1logos urgentes e necess\u00e1rios Nesta terceira edi\u00e7\u00e3o do projeto Di\u00e1logos Contempor\u00e2neos, nossas propostas de debates conduzem a reflex\u00f5es que v\u00e3o [&hellip;]<\/p>\n","protected":false},"author":1,"featured_media":431,"parent":0,"menu_order":1,"comment_status":"closed","ping_status":"open","template":"","meta":{"site-sidebar-layout":"default","site-content-layout":"","ast-site-content-layout":"default","site-content-style":"default","site-sidebar-style":"default","ast-global-header-display":"","ast-banner-title-visibility":"","ast-main-header-display":"","ast-hfb-above-header-display":"","ast-hfb-below-header-display":"","ast-hfb-mobile-header-display":"","site-post-title":"","ast-breadcrumbs-content":"","ast-featured-img":"disabled","footer-sml-layout":"","theme-transparent-header-meta":"default","adv-header-id-meta":"","stick-header-meta":"","header-above-stick-meta":"","header-main-stick-meta":"","header-below-stick-meta":"","astra-migrate-meta-layouts":"set","ast-page-background-enabled":"default","ast-page-background-meta":{"desktop":{"background-color":"var(--ast-global-color-4)","background-image":"","background-repeat":"repeat","background-position":"center center","background-size":"auto","background-attachment":"scroll","background-type":"","background-media":"","overlay-type":"","overlay-color":"","overlay-opacity":"","overlay-gradient":""},"tablet":{"background-color":"","background-image":"","background-repeat":"repeat","background-position":"center center","background-size":"auto","background-attachment":"scroll","background-type":"","background-media":"","overlay-type":"","overlay-color":"","overlay-opacity":"","overlay-gradient":""},"mobile":{"background-color":"","background-image":"","background-repeat":"repeat","background-position":"center center","background-size":"auto","background-attachment":"scroll","background-type":"","background-media":"","overlay-type":"","overlay-color":"","overlay-opacity":"","overlay-gradient":""}},"ast-content-background-meta":{"desktop":{"background-color":"var(--ast-global-color-5)","background-image":"","background-repeat":"repeat","background-position":"center center","background-size":"auto","background-attachment":"scroll","background-type":"","background-media":"","overlay-type":"","overlay-color":"","overlay-opacity":"","overlay-gradient":""},"tablet":{"background-color":"var(--ast-global-color-5)","background-image":"","background-repeat":"repeat","background-position":"center center","background-size":"auto","background-attachment":"scroll","background-type":"","background-media":"","overlay-type":"","overlay-color":"","overlay-opacity":"","overlay-gradient":""},"mobile":{"background-color":"var(--ast-global-color-5)","background-image":"","background-repeat":"repeat","background-position":"center center","background-size":"auto","background-attachment":"scroll","background-type":"","background-media":"","overlay-type":"","overlay-color":"","overlay-opacity":"","overlay-gradient":""}},"footnotes":""},"class_list":["post-2","page","type-page","status-publish","has-post-thumbnail","hentry"],"_links":{"self":[{"href":"https:\/\/aacic.com.br\/dialogoscontemporaneos\/2019\/wp-json\/wp\/v2\/pages\/2","targetHints":{"allow":["GET"]}}],"collection":[{"href":"https:\/\/aacic.com.br\/dialogoscontemporaneos\/2019\/wp-json\/wp\/v2\/pages"}],"about":[{"href":"https:\/\/aacic.com.br\/dialogoscontemporaneos\/2019\/wp-json\/wp\/v2\/types\/page"}],"author":[{"embeddable":true,"href":"https:\/\/aacic.com.br\/dialogoscontemporaneos\/2019\/wp-json\/wp\/v2\/users\/1"}],"replies":[{"embeddable":true,"href":"https:\/\/aacic.com.br\/dialogoscontemporaneos\/2019\/wp-json\/wp\/v2\/comments?post=2"}],"version-history":[{"count":11,"href":"https:\/\/aacic.com.br\/dialogoscontemporaneos\/2019\/wp-json\/wp\/v2\/pages\/2\/revisions"}],"predecessor-version":[{"id":385,"href":"https:\/\/aacic.com.br\/dialogoscontemporaneos\/2019\/wp-json\/wp\/v2\/pages\/2\/revisions\/385"}],"wp:featuredmedia":[{"embeddable":true,"href":"https:\/\/aacic.com.br\/dialogoscontemporaneos\/2019\/wp-json\/wp\/v2\/media\/431"}],"wp:attachment":[{"href":"https:\/\/aacic.com.br\/dialogoscontemporaneos\/2019\/wp-json\/wp\/v2\/media?parent=2"}],"curies":[{"name":"wp","href":"https:\/\/api.w.org\/{rel}","templated":true}]}}