{"id":28,"date":"2019-03-21T12:14:13","date_gmt":"2019-03-21T15:14:13","guid":{"rendered":"https:\/\/aacic.com.br\/dialogoscontemporaneos\/2019\/?page_id=28"},"modified":"2024-01-12T22:07:05","modified_gmt":"2024-01-13T01:07:05","slug":"ficha-tecnica","status":"publish","type":"page","link":"https:\/\/aacic.com.br\/dialogoscontemporaneos\/2019\/ficha-tecnica\/","title":{"rendered":"Ficha T\u00e9cnica"},"content":{"rendered":"<p>Dire\u00e7\u00e3o Geral: NILSON RODRIGUES<\/p>\n<p>Produ\u00e7\u00e3o Executiva: DULCINEIA MIRANDA<\/p>\n<p>Coordena\u00e7\u00e3o Administrativa e Financeira: PEDRO ORTALE<\/p>\n<p>Assistentes de Produ\u00e7\u00e3o: CLERIA COSTA, M\u00c1RCIA ROCHA e ANDRESSA SCHAEFER<\/p>\n<p>Assessoria de Imprensa: OBJETO SIM<\/p>\n<p>Projeto Gr\u00e1fico: XYZ DESIGN e \u00c9DER F. YANAGUITA<\/p>\n<p>Redes Sociais e Website: \u00c9DER F. YANAGUITA<\/p>\n<p>Fotografia e Filmagem: MARTIM HAEFLIGER<\/p>\n<p>Curadoria: STANLEY WHIBBE, HAMILTON PEREIRA e JOS\u00c9 REZENDE JR.<\/p>\n<p>Realiza\u00e7\u00e3o: ASSOCIA\u00c7\u00c3O AMIGOS DO CINEMA E DA CULTURA<\/p>\n<p>Diretoria: JOS\u00c9 ALBERTO (Presidente), MARCOS ASSUN\u00c7\u00c3O (Secret\u00e1rio Geral) e MARCONI SCARINCI (Tesoureiro)<\/p>\n<p><em><strong>Termo de Fomento &#8211; Conv\u00eanio 880346\/2018<\/strong><\/em><br \/>\n<em>Convenente: Associa\u00e7\u00e3o dos Amigos do Cinema e da Cultura<\/em><br \/>\n<em>CNPJ: 08.902.167\/0001-50<\/em><br \/>\n<em>Objeto: Realiza\u00e7\u00e3o do projeto Di\u00e1logos Contempor\u00e2neos<\/em><br \/>\n<em>Data da assinatura: 17\/12\/2018<\/em><br \/>\n<em>Data de encerramento: 20\/10\/2019<\/em><br \/>\n<em>Data limite do envio da Presta\u00e7\u00e3o de Contas: 19\/12\/2019<\/em><br \/>\n<em>Data de envio da Presta\u00e7\u00e3o de Contas: 19\/12\/2019<\/em><br \/>\n<em>Valor total (Repasse e Contrapartida): R$ 250.000,00<\/em><br \/>\n<em>Valor do saldo remanescente para devolu\u00e7\u00e3o: R$ 1.127,20<\/em><br \/>\n<em>Valores da equipe de trabalho conforme Plano de Trabalho aprovado:<\/em><br \/>\n<em>&#8211; Diretor Geral: R$ 20.000,00 (5 meses)<\/em><br \/>\n<em>&#8211; Produtor Executivo: R$ 14.000,00 (4 meses)<\/em><br \/>\n<em>&#8211; Curadoria (tr\u00eas curadores): R$ 9.000,00<\/em><br \/>\n<em>&#8211; Coordenadora Administrativa e Financeira: R$ 12.500,00 (5 meses)<\/em><br \/>\n<em>&#8211; Assistente de Produ\u00e7\u00e3o (um assistente): R$ 3.000,00 (2 meses)<\/em><\/p>\n","protected":false},"excerpt":{"rendered":"<p>Dire\u00e7\u00e3o Geral: NILSON RODRIGUES Produ\u00e7\u00e3o Executiva: DULCINEIA MIRANDA Coordena\u00e7\u00e3o Administrativa e Financeira: PEDRO ORTALE Assistentes de Produ\u00e7\u00e3o: CLERIA COSTA, M\u00c1RCIA [&hellip;]<\/p>\n","protected":false},"author":1,"featured_media":431,"parent":0,"menu_order":5,"comment_status":"closed","ping_status":"closed","template":"","meta":{"site-sidebar-layout":"default","site-content-layout":"","ast-site-content-layout":"default","site-content-style":"default","site-sidebar-style":"default","ast-global-header-display":"","ast-banner-title-visibility":"","ast-main-header-display":"","ast-hfb-above-header-display":"","ast-hfb-below-header-display":"","ast-hfb-mobile-header-display":"","site-post-title":"","ast-breadcrumbs-content":"","ast-featured-img":"disabled","footer-sml-layout":"","theme-transparent-header-meta":"default","adv-header-id-meta":"","stick-header-meta":"","header-above-stick-meta":"","header-main-stick-meta":"","header-below-stick-meta":"","astra-migrate-meta-layouts":"set","ast-page-background-enabled":"default","ast-page-background-meta":{"desktop":{"background-color":"var(--ast-global-color-4)","background-image":"","background-repeat":"repeat","background-position":"center center","background-size":"auto","background-attachment":"scroll","background-type":"","background-media":"","overlay-type":"","overlay-color":"","overlay-opacity":"","overlay-gradient":""},"tablet":{"background-color":"","background-image":"","background-repeat":"repeat","background-position":"center center","background-size":"auto","background-attachment":"scroll","background-type":"","background-media":"","overlay-type":"","overlay-color":"","overlay-opacity":"","overlay-gradient":""},"mobile":{"background-color":"","background-image":"","background-repeat":"repeat","background-position":"center center","background-size":"auto","background-attachment":"scroll","background-type":"","background-media":"","overlay-type":"","overlay-color":"","overlay-opacity":"","overlay-gradient":""}},"ast-content-background-meta":{"desktop":{"background-color":"var(--ast-global-color-5)","background-image":"","background-repeat":"repeat","background-position":"center center","background-size":"auto","background-attachment":"scroll","background-type":"","background-media":"","overlay-type":"","overlay-color":"","overlay-opacity":"","overlay-gradient":""},"tablet":{"background-color":"var(--ast-global-color-5)","background-image":"","background-repeat":"repeat","background-position":"center center","background-size":"auto","background-attachment":"scroll","background-type":"","background-media":"","overlay-type":"","overlay-color":"","overlay-opacity":"","overlay-gradient":""},"mobile":{"background-color":"var(--ast-global-color-5)","background-image":"","background-repeat":"repeat","background-position":"center center","background-size":"auto","background-attachment":"scroll","background-type":"","background-media":"","overlay-type":"","overlay-color":"","overlay-opacity":"","overlay-gradient":""}},"footnotes":""},"class_list":["post-28","page","type-page","status-publish","has-post-thumbnail","hentry"],"_links":{"self":[{"href":"https:\/\/aacic.com.br\/dialogoscontemporaneos\/2019\/wp-json\/wp\/v2\/pages\/28","targetHints":{"allow":["GET"]}}],"collection":[{"href":"https:\/\/aacic.com.br\/dialogoscontemporaneos\/2019\/wp-json\/wp\/v2\/pages"}],"about":[{"href":"https:\/\/aacic.com.br\/dialogoscontemporaneos\/2019\/wp-json\/wp\/v2\/types\/page"}],"author":[{"embeddable":true,"href":"https:\/\/aacic.com.br\/dialogoscontemporaneos\/2019\/wp-json\/wp\/v2\/users\/1"}],"replies":[{"embeddable":true,"href":"https:\/\/aacic.com.br\/dialogoscontemporaneos\/2019\/wp-json\/wp\/v2\/comments?post=28"}],"version-history":[{"count":10,"href":"https:\/\/aacic.com.br\/dialogoscontemporaneos\/2019\/wp-json\/wp\/v2\/pages\/28\/revisions"}],"predecessor-version":[{"id":397,"href":"https:\/\/aacic.com.br\/dialogoscontemporaneos\/2019\/wp-json\/wp\/v2\/pages\/28\/revisions\/397"}],"wp:featuredmedia":[{"embeddable":true,"href":"https:\/\/aacic.com.br\/dialogoscontemporaneos\/2019\/wp-json\/wp\/v2\/media\/431"}],"wp:attachment":[{"href":"https:\/\/aacic.com.br\/dialogoscontemporaneos\/2019\/wp-json\/wp\/v2\/media?parent=28"}],"curies":[{"name":"wp","href":"https:\/\/api.w.org\/{rel}","templated":true}]}}