{"id":1457,"date":"2021-01-07T14:52:40","date_gmt":"2021-01-07T17:52:40","guid":{"rendered":"https:\/\/aacic.com.br\/dialogoscontemporaneos\/2021\/anapolis\/?page_id=1457"},"modified":"2021-10-06T19:46:02","modified_gmt":"2021-10-06T22:46:02","slug":"sobre","status":"publish","type":"page","link":"https:\/\/aacic.com.br\/dialogoscontemporaneos\/2021\/curitiba\/sobre\/","title":{"rendered":"Sobre"},"content":{"rendered":"<div class=\"wpb-content-wrapper\">[vc_row ova_container=&#8221;no&#8221; opacity_bg_pattern=&#8221;0.1&#8243;][vc_column width=&#8221;1\/2&#8243;]<div class=\"events_heading text-left \">\n<h2>LER LIVROS E LER O MUNDO<\/h2>\n<hr\/><\/div>[vc_column_text]A produ\u00e7\u00e3o liter\u00e1ria brasileira \u00e9 rica e diversificada. Embora o Brasil figure como um dos pa\u00edses com menor \u00edndice de leitura por habitante, nossos escritores e escritoras t\u00eam, em todos os g\u00eaneros liter\u00e1rios, amplo reconhecimento da cr\u00edtica nacional e internacional. Os pr\u00eamios recebidos no Brasil e no exterior, as tradu\u00e7\u00f5es em v\u00e1rios idiomas e a repercuss\u00e3o das obras em diferentes pa\u00edses confirmam a qualidade e a relev\u00e2ncia da literatura brasileira.<\/p>\n<p>Os esfor\u00e7os que s\u00e3o feitos pelas institui\u00e7\u00f5es educacionais e culturais s\u00e3o fundamentais para aproximar estudantes e a popula\u00e7\u00e3o em geral dos escritores brasileiros e de suas obras, estimulando o gosto pela leitura e o contato com o livro. Feiras liter\u00e1rias, bienais, semin\u00e1rios, col\u00f3quios e debates, realizados em centenas de cidades do pa\u00eds, auxiliam nesse esfor\u00e7o institucional. A grande presen\u00e7a de p\u00fablico nesses eventos demonstra o interesse das pessoas em participar e conhecer de perto seus escritores preferidos e ter contato com suas publica\u00e7\u00f5es.<\/p>\n<p>A <strong>Associa\u00e7\u00e3o Amigos do Cinema e da Cultura (AACIC)<\/strong> se junta a esse esfor\u00e7o, buscando, com a realiza\u00e7\u00e3o do projeto <strong>Di\u00e1logos Contempor\u00e2neos<\/strong>, promover a produ\u00e7\u00e3o liter\u00e1ria brasileira, por meio de debates de importantes temas da atualidade, reunindo escritores e escritoras, sejam eles cronistas, poetas, contistas, romancistas, dramaturgos, bi\u00f3grafos historiadores ou cientistas. O que buscamos \u00e9 promover a literatura brasileira, aproximando nossos escritores e escritoras do p\u00fablico, estimulando o gosto pela reflex\u00e3o, pelo livro e pela leitura.[\/vc_column_text][\/vc_column][vc_column width=&#8221;1\/2&#8243; el_class=&#8221;spe_about_bg&#8221; offset=&#8221;vc_col-lg-6 vc_col-md-6&#8243;][vc_single_image image=&#8221;2157&#8243; img_size=&#8221;full&#8221; alignment=&#8221;center&#8221;][\/vc_column][\/vc_row][vc_row css=&#8221;.vc_custom_1632951905416{padding-top: 40px !important;}&#8221;][vc_column]<div class=\"events_heading text-center \">\n<h2><span style=\"color: #8b2a6e;\">APOIO<\/span><\/h2>\n<hr\/><\/div>[vc_single_image image=&#8221;2179&#8243; img_size=&#8221;full&#8221; alignment=&#8221;center&#8221;][vc_empty_space height=&#8221;40px&#8221;]<div class=\"events_heading text-center \">\n<h2><span style=\"color: #8b2a6e;\">REALIZA\u00c7\u00c3O<\/span><\/h2>\n<hr\/><\/div>[vc_single_image image=&#8221;2190&#8243; img_size=&#8221;full&#8221; alignment=&#8221;center&#8221;][vc_empty_space height=&#8221;30px&#8221;][vc_column_text]\n<p style=\"text-align: center;\">PROJETO LITER\u00c1RIO DI\u00c1LOGOS CONTEMPOR\u00c2NEOS &#8211; Plataforma +Brasil &#8211; Conv\u00eanio n\u00ba. 902960\/2020<\/p>\n[\/vc_column_text][\/vc_column][\/vc_row]\n<\/div>","protected":false},"excerpt":{"rendered":"<p>[vc_row ova_container=&#8221;no&#8221; opacity_bg_pattern=&#8221;0.1&#8243;][vc_column width=&#8221;1\/2&#8243;][vc_column_text]A produ\u00e7\u00e3o liter\u00e1ria brasileira \u00e9 rica e diversificada. Embora o Brasil figure como um dos pa\u00edses com menor \u00edndice de leitura por habitante, nossos escritores e escritoras t\u00eam, em todos os g\u00eaneros liter\u00e1rios, amplo reconhecimento da cr\u00edtica nacional e internacional. Os pr\u00eamios recebidos no Brasil e no exterior, as tradu\u00e7\u00f5es em v\u00e1rios [&hellip;]<\/p>\n","protected":false},"author":1,"featured_media":0,"parent":0,"menu_order":1,"comment_status":"closed","ping_status":"closed","template":"","meta":{"footnotes":""},"class_list":["post-1457","page","type-page","status-publish","hentry"],"_links":{"self":[{"href":"https:\/\/aacic.com.br\/dialogoscontemporaneos\/2021\/curitiba\/wp-json\/wp\/v2\/pages\/1457","targetHints":{"allow":["GET"]}}],"collection":[{"href":"https:\/\/aacic.com.br\/dialogoscontemporaneos\/2021\/curitiba\/wp-json\/wp\/v2\/pages"}],"about":[{"href":"https:\/\/aacic.com.br\/dialogoscontemporaneos\/2021\/curitiba\/wp-json\/wp\/v2\/types\/page"}],"author":[{"embeddable":true,"href":"https:\/\/aacic.com.br\/dialogoscontemporaneos\/2021\/curitiba\/wp-json\/wp\/v2\/users\/1"}],"replies":[{"embeddable":true,"href":"https:\/\/aacic.com.br\/dialogoscontemporaneos\/2021\/curitiba\/wp-json\/wp\/v2\/comments?post=1457"}],"version-history":[{"count":9,"href":"https:\/\/aacic.com.br\/dialogoscontemporaneos\/2021\/curitiba\/wp-json\/wp\/v2\/pages\/1457\/revisions"}],"predecessor-version":[{"id":2191,"href":"https:\/\/aacic.com.br\/dialogoscontemporaneos\/2021\/curitiba\/wp-json\/wp\/v2\/pages\/1457\/revisions\/2191"}],"wp:attachment":[{"href":"https:\/\/aacic.com.br\/dialogoscontemporaneos\/2021\/curitiba\/wp-json\/wp\/v2\/media?parent=1457"}],"curies":[{"name":"wp","href":"https:\/\/api.w.org\/{rel}","templated":true}]}}