{"id":1476,"date":"2021-01-07T15:37:53","date_gmt":"2021-01-07T18:37:53","guid":{"rendered":"https:\/\/aacic.com.br\/dialogoscontemporaneos\/2021\/anapolis\/?page_id=1476"},"modified":"2021-10-06T19:46:28","modified_gmt":"2021-10-06T22:46:28","slug":"programacao","status":"publish","type":"page","link":"https:\/\/aacic.com.br\/dialogoscontemporaneos\/2021\/curitiba\/programacao\/","title":{"rendered":"Programa\u00e7\u00e3o"},"content":{"rendered":"<div class=\"wpb-content-wrapper\">[vc_row][vc_column]<div class=\"events_heading text-center \">\n<h2>PROGRAMA\u00c7\u00c3O<\/h2>\n<h3><span style=\"color: #8b2a6e;\">Veja as datas das confer\u00eancias com cada escritor<\/span><\/h3>\n<hr\/><\/div>[\/vc_column][\/vc_row][vc_row][vc_column][vc_tta_tour][vc_tta_section title=&#8221;18 OUT&#8221; tab_id=&#8221;1630727958598-fb839376-e41e&#8221;][vc_column_text]<img loading=\"lazy\" decoding=\"async\" class=\"alignnone size-medium wp-image-2162\" src=\"https:\/\/aacic.com.br\/dialogoscontemporaneos\/2021\/curitiba\/wp-content\/uploads\/sites\/3\/2021\/10\/curitiba-conferencia-001-300x225.jpg\" alt=\"Di\u00e1logos Contempor\u00e2neos Curitiba\" width=\"300\" height=\"225\" srcset=\"https:\/\/aacic.com.br\/dialogoscontemporaneos\/2021\/curitiba\/wp-content\/uploads\/sites\/3\/2021\/10\/curitiba-conferencia-001-300x225.jpg 300w, https:\/\/aacic.com.br\/dialogoscontemporaneos\/2021\/curitiba\/wp-content\/uploads\/sites\/3\/2021\/10\/curitiba-conferencia-001.jpg 640w\" sizes=\"auto, (max-width: 300px) 100vw, 300px\" \/><\/p>\n<p>18\/10 &#8211; segunda-feira &#8211; 19 horas<\/p>\n<p><strong>A LITERATURA QUE VEM DA PERIFERIA<\/strong><\/p>\n<p>Conferencista: S\u00c9RGIO VAZ<br \/>\nMedia\u00e7\u00e3o: Yuri Al&#8217;Hanati<\/p>\n<p>Do hip-hop \u00e0s publica\u00e7\u00f5es po\u00e9ticas, do funk aos saraus, a cultura que vem da periferia afirma seus valores e sua identidade com novas express\u00f5es art\u00edsticas e narrativas liter\u00e1rias. Compreender as realidades de favelas, bairros e de comunidades exclu\u00eddas e marginalizadas economicamente demanda conhecer de perto essas express\u00f5es que n\u00e3o est\u00e3o na grande m\u00eddia nem no show business.[\/vc_column_text][\/vc_tta_section][vc_tta_section title=&#8221;19 OUT&#8221; tab_id=&#8221;1630727956693-958f3f4a-b917&#8243;][vc_column_text]<img loading=\"lazy\" decoding=\"async\" class=\"alignnone size-medium wp-image-2163\" src=\"https:\/\/aacic.com.br\/dialogoscontemporaneos\/2021\/curitiba\/wp-content\/uploads\/sites\/3\/2021\/10\/curitiba-conferencia-002-300x225.jpg\" alt=\"Di\u00e1logos Contempor\u00e2neos Curitiba\" width=\"300\" height=\"225\" srcset=\"https:\/\/aacic.com.br\/dialogoscontemporaneos\/2021\/curitiba\/wp-content\/uploads\/sites\/3\/2021\/10\/curitiba-conferencia-002-300x225.jpg 300w, https:\/\/aacic.com.br\/dialogoscontemporaneos\/2021\/curitiba\/wp-content\/uploads\/sites\/3\/2021\/10\/curitiba-conferencia-002.jpg 640w\" sizes=\"auto, (max-width: 300px) 100vw, 300px\" \/><\/p>\n<p>19\/10 &#8211; ter\u00e7a-feira &#8211; 19 horas<\/p>\n<p><strong>MUNDO DIGITAL E SOCIEDADE EM REDE \u2013 AS M\u00cdDIAS TRADICIONAIS E OS NOVOS ESPA\u00c7OS DE INFORMA\u00c7\u00c3O E COMUNICA\u00c7\u00c3O<\/strong><\/p>\n<p>Conferencista: XICO S\u00c1<br \/>\nMedia\u00e7\u00e3o: Adriana Baggio<\/p>\n<p>O fen\u00f4meno da internet criou um novo mundo, com o uso crescente de redes sociais e de plataformas de compartilhamento de dados, conte\u00fados audiovisuais e informa\u00e7\u00f5es, controlados por grandes empresas e seus algoritmos. Diante dessa nova realidade, as m\u00eddias tradicionais como jornal, cinema, r\u00e1dio, TV e a publicidade vivem um momento de transi\u00e7\u00e3o. H\u00e1 um novo mundo na cibercultura, com modelos de neg\u00f3cios e de intera\u00e7\u00e3o social ainda a serem compreendidos.[\/vc_column_text][\/vc_tta_section][vc_tta_section title=&#8221;03 NOV&#8221; tab_id=&#8221;1630727960494-fa9c18a8-8163&#8243;][vc_column_text]<img loading=\"lazy\" decoding=\"async\" class=\"alignnone size-medium wp-image-2164\" src=\"https:\/\/aacic.com.br\/dialogoscontemporaneos\/2021\/curitiba\/wp-content\/uploads\/sites\/3\/2021\/10\/curitiba-conferencia-003-300x225.jpg\" alt=\"Di\u00e1logos Contempor\u00e2neos Curitiba\" width=\"300\" height=\"225\" srcset=\"https:\/\/aacic.com.br\/dialogoscontemporaneos\/2021\/curitiba\/wp-content\/uploads\/sites\/3\/2021\/10\/curitiba-conferencia-003-300x225.jpg 300w, https:\/\/aacic.com.br\/dialogoscontemporaneos\/2021\/curitiba\/wp-content\/uploads\/sites\/3\/2021\/10\/curitiba-conferencia-003.jpg 640w\" sizes=\"auto, (max-width: 300px) 100vw, 300px\" \/><\/p>\n<p>03\/11 &#8211; quarta-feira &#8211; 19 horas<\/p>\n<p><strong>LITERATURA, PESTES, PANDEMIAS E DISTOPIAS \u2013 FIC\u00c7\u00c3O E REALIDADE<\/strong><\/p>\n<p>Conferencista: IGN\u00c1CIO DE LOYOLA BRAND\u00c3O<br \/>\nMedia\u00e7\u00e3o: Luci Collin<\/p>\n<p>Romances, contos, cr\u00f4nicas e escritos m\u00edsticos nos d\u00e3o conta de diferentes momentos da hist\u00f3ria em que grandes pestes mudaram profundamente as sociedades. Desde a b\u00edblia, onde as pragas do Egito levaram nuvens de gafanhotos, at\u00e9 c\u00f3leras e pestes, a literatura, ficcional ou hist\u00f3rica, nos mostra semelhan\u00e7as com os tempos presentes.[\/vc_column_text][\/vc_tta_section][vc_tta_section title=&#8221;04 NOV&#8221; tab_id=&#8221;1630727957726-11ae842a-61dc&#8221;][vc_column_text]<img loading=\"lazy\" decoding=\"async\" class=\"alignnone size-medium wp-image-2165\" src=\"https:\/\/aacic.com.br\/dialogoscontemporaneos\/2021\/curitiba\/wp-content\/uploads\/sites\/3\/2021\/10\/curitiba-conferencia-004-300x225.jpg\" alt=\"Di\u00e1logos Contempor\u00e2neos Curitiba\" width=\"300\" height=\"225\" srcset=\"https:\/\/aacic.com.br\/dialogoscontemporaneos\/2021\/curitiba\/wp-content\/uploads\/sites\/3\/2021\/10\/curitiba-conferencia-004-300x225.jpg 300w, https:\/\/aacic.com.br\/dialogoscontemporaneos\/2021\/curitiba\/wp-content\/uploads\/sites\/3\/2021\/10\/curitiba-conferencia-004.jpg 640w\" sizes=\"auto, (max-width: 300px) 100vw, 300px\" \/><\/p>\n<p>04\/11 &#8211; quinta-feira &#8211; 19 horas<\/p>\n<p><strong>LIBERDADE, MELANCOLIA E DOR EM UM MUNDO EM MUTA\u00c7\u00c3O<\/strong><\/p>\n<p>Conferencista: FABR\u00cdCIO CARPINEJAR<br \/>\nMedia\u00e7\u00e3o: Luiz Felipe Leprevost<\/p>\n<p>Nossos dramas existenciais s\u00e3o marcados por mudan\u00e7as significativas, decorrentes da globaliza\u00e7\u00e3o em suas dimens\u00f5es socioecon\u00f4micas, culturais e tecnol\u00f3gicas. As redes sociais, a informa\u00e7\u00e3o em tempo real, a urg\u00eancia da vida nas grandes metr\u00f3poles, o stress, a viol\u00eancia, alteram os sentimentos e as rela\u00e7\u00f5es de amor e afeto. Solid\u00e3o, neuroses, depress\u00e3o e fobias aumentam o uso de psicotr\u00f3picos e alimentam a ind\u00fastria farmac\u00eautica, religiosa e de autoajuda.[\/vc_column_text][\/vc_tta_section][vc_tta_section title=&#8221;08 NOV&#8221; tab_id=&#8221;1630727863610-9cc32e83-20b1&#8243;][vc_column_text]<img loading=\"lazy\" decoding=\"async\" class=\"alignnone size-medium wp-image-2166\" src=\"https:\/\/aacic.com.br\/dialogoscontemporaneos\/2021\/curitiba\/wp-content\/uploads\/sites\/3\/2021\/10\/curitiba-conferencia-005-300x225.jpg\" alt=\"Di\u00e1logos Contempor\u00e2neos Curitiba\" width=\"300\" height=\"225\" srcset=\"https:\/\/aacic.com.br\/dialogoscontemporaneos\/2021\/curitiba\/wp-content\/uploads\/sites\/3\/2021\/10\/curitiba-conferencia-005-300x225.jpg 300w, https:\/\/aacic.com.br\/dialogoscontemporaneos\/2021\/curitiba\/wp-content\/uploads\/sites\/3\/2021\/10\/curitiba-conferencia-005.jpg 640w\" sizes=\"auto, (max-width: 300px) 100vw, 300px\" \/><\/p>\n<p>08\/11 &#8211; segunda-feira &#8211; 19 horas<\/p>\n<p><strong>EMPATIA E SOLIDARIEDADE: ANT\u00cdDOTOS CONTRA A BANALIZA\u00c7\u00c3O DA MALDADE E DO PRECONCEITO<\/strong><\/p>\n<p>Conferencista: ELISA LUCINDA<br \/>\nMedia\u00e7\u00e3o: Julie Fank<\/p>\n<p>Nas \u00faltimas d\u00e9cadas houve muitos avan\u00e7os nas conquistas de direitos de setores historicamente exclu\u00eddos na sociedade brasileira, como negros, ind\u00edgenas, mulheres e membros das comunidades LGBTQIA+. Paralelamente, vimos tamb\u00e9m o crescimento da viol\u00eancia contra esses segmentos, tanto pela rea\u00e7\u00e3o dos conservadores aos avan\u00e7os, inconformados por n\u00e3o manterem os direitos \u00e0 opress\u00e3o e \u00e0 domina\u00e7\u00e3o, quanto pelo encorajamento dos oprimidos ao enfrentar e denunciar os abusos. O fato \u00e9 que se tornou percept\u00edvel o aumento de casos e a visibilidade das viola\u00e7\u00f5es. Teria a cultura da execra\u00e7\u00e3o do outro e da aus\u00eancia de empatia mais for\u00e7a em nossa sociedade do que o afeto e a solidariedade?[\/vc_column_text][\/vc_tta_section][vc_tta_section title=&#8221;09 NOV&#8221; tab_id=&#8221;1630727959739-c2067fe3-4c00&#8243;][vc_column_text]<img loading=\"lazy\" decoding=\"async\" class=\"alignnone size-medium wp-image-2167\" src=\"https:\/\/aacic.com.br\/dialogoscontemporaneos\/2021\/curitiba\/wp-content\/uploads\/sites\/3\/2021\/10\/curitiba-conferencia-006-300x225.jpg\" alt=\"Di\u00e1logos Contempor\u00e2neos Curitiba\" width=\"300\" height=\"225\" srcset=\"https:\/\/aacic.com.br\/dialogoscontemporaneos\/2021\/curitiba\/wp-content\/uploads\/sites\/3\/2021\/10\/curitiba-conferencia-006-300x225.jpg 300w, https:\/\/aacic.com.br\/dialogoscontemporaneos\/2021\/curitiba\/wp-content\/uploads\/sites\/3\/2021\/10\/curitiba-conferencia-006.jpg 640w\" sizes=\"auto, (max-width: 300px) 100vw, 300px\" \/><\/p>\n<p>09\/11 &#8211; ter\u00e7a-feira &#8211; 19 horas<\/p>\n<p><strong>ESPIRITUALIDADE, METAF\u00cdSICA E RELIGIOSIDADE NO BRASIL CONTEMPOR\u00c2NEO<\/strong><\/p>\n<p>Conferencista: RENATO JANINE RIBEIRO<br \/>\nMedia\u00e7\u00e3o: Caetano Galindo<\/p>\n<p>O Brasil viu disparar a venda de livros relacionados \u00e0 vida espiritual e \u00e0 religiosidade nas \u00faltimas d\u00e9cadas. As raz\u00f5es hist\u00f3ricas da espiritualidade brasileira e o atual fen\u00f4meno das denomina\u00e7\u00f5es neopentecostais colocam o Brasil como grande consumidor de obras liter\u00e1rias que v\u00e3o desde o espiritismo at\u00e9 a autoajuda com componentes religiosos. Um fen\u00f4meno que tem repercuss\u00e3o nos canais da internet, televis\u00e3o, r\u00e1dio, nas disputas pol\u00edticas e nas rela\u00e7\u00f5es sociais.[\/vc_column_text][\/vc_tta_section][vc_tta_section title=&#8221;22 NOV&#8221; tab_id=&#8221;1631329812379-a6385401-f3ce&#8221;][vc_column_text]<img loading=\"lazy\" decoding=\"async\" class=\"alignnone size-medium wp-image-2168\" src=\"https:\/\/aacic.com.br\/dialogoscontemporaneos\/2021\/curitiba\/wp-content\/uploads\/sites\/3\/2021\/10\/curitiba-conferencia-007-300x225.jpg\" alt=\"Di\u00e1logos Contempor\u00e2neos Curitiba\" width=\"300\" height=\"225\" srcset=\"https:\/\/aacic.com.br\/dialogoscontemporaneos\/2021\/curitiba\/wp-content\/uploads\/sites\/3\/2021\/10\/curitiba-conferencia-007-300x225.jpg 300w, https:\/\/aacic.com.br\/dialogoscontemporaneos\/2021\/curitiba\/wp-content\/uploads\/sites\/3\/2021\/10\/curitiba-conferencia-007.jpg 640w\" sizes=\"auto, (max-width: 300px) 100vw, 300px\" \/><\/p>\n<p>22\/11 &#8211; segunda-feira &#8211; 19 horas<\/p>\n<p><strong>O ENVELHECIMENTO E O ESPA\u00c7O SOCIAL DOS QUE N\u00c3O S\u00c3O MAIS JOVENS<\/strong><\/p>\n<p>Conferencista: MARIO PRATA<br \/>\nMedia\u00e7\u00e3o: Lu\u00eds Henrique Pellanda<\/p>\n<p>A m\u00e9dia de vida no Brasil aumentou significativamente nas \u00faltimas d\u00e9cadas, saindo de 57 anos em 1970 para 76 anos em 2019, alterando a percep\u00e7\u00e3o que temos dos mais velhos em nosso meio. Entre as classes m\u00e9dia e alta, a m\u00e9dia se aproxima dos 80 anos. N\u00f3s e nossos espa\u00e7os est\u00e3o preparados para receber esse crescente n\u00famero de pessoas que em 2030 superar\u00e1 a popula\u00e7\u00e3o de crian\u00e7as e adolescentes no Brasil?[\/vc_column_text][\/vc_tta_section][vc_tta_section title=&#8221;23 NOV&#8221; tab_id=&#8221;1631329813304-af8521b7-d317&#8243;][vc_column_text]<img loading=\"lazy\" decoding=\"async\" class=\"alignnone size-medium wp-image-2169\" src=\"https:\/\/aacic.com.br\/dialogoscontemporaneos\/2021\/curitiba\/wp-content\/uploads\/sites\/3\/2021\/10\/curitiba-conferencia-008-300x225.jpg\" alt=\"Di\u00e1logos Contempor\u00e2neos Curitiba\" width=\"300\" height=\"225\" srcset=\"https:\/\/aacic.com.br\/dialogoscontemporaneos\/2021\/curitiba\/wp-content\/uploads\/sites\/3\/2021\/10\/curitiba-conferencia-008-300x225.jpg 300w, https:\/\/aacic.com.br\/dialogoscontemporaneos\/2021\/curitiba\/wp-content\/uploads\/sites\/3\/2021\/10\/curitiba-conferencia-008.jpg 640w\" sizes=\"auto, (max-width: 300px) 100vw, 300px\" \/><\/p>\n<p>23\/11 &#8211; ter\u00e7a-feira &#8211; 19 horas<\/p>\n<p><strong>CEN\u00c1RIOS PARA UM MUNDO P\u00d3S-PANDEMIA \u2013 O FIM DO S\u00c9CULO XX E O FUTURO QUE NOS ESPERA<\/strong><\/p>\n<p>Conferencista: TEREZA CRUVINEL<br \/>\nMedia\u00e7\u00e3o: Allan Oliveira<\/p>\n<p>O s\u00e9culo XX foi moldado por grandes mudan\u00e7as na economia, tecnologia, cultura, geopol\u00edtica e movimentos sociais. A pandemia de Covid-19 imp\u00f4s mudan\u00e7as na vida individual e coletiva, em um fen\u00f4meno global jamais visto. Vivemos mudan\u00e7as monumentais, com novas demandas, e s\u00e3o esses processos e disputas hegem\u00f4nicas que formatar\u00e3o o nosso futuro.[\/vc_column_text][\/vc_tta_section][vc_tta_section title=&#8221;29 NOV&#8221; tab_id=&#8221;1631329813971-e35e7a91-69e4&#8243;][vc_column_text]<img loading=\"lazy\" decoding=\"async\" class=\"alignnone size-medium wp-image-2170\" src=\"https:\/\/aacic.com.br\/dialogoscontemporaneos\/2021\/curitiba\/wp-content\/uploads\/sites\/3\/2021\/10\/curitiba-conferencia-009-300x225.jpg\" alt=\"Di\u00e1logos Contempor\u00e2neos Curitiba\" width=\"300\" height=\"225\" srcset=\"https:\/\/aacic.com.br\/dialogoscontemporaneos\/2021\/curitiba\/wp-content\/uploads\/sites\/3\/2021\/10\/curitiba-conferencia-009-300x225.jpg 300w, https:\/\/aacic.com.br\/dialogoscontemporaneos\/2021\/curitiba\/wp-content\/uploads\/sites\/3\/2021\/10\/curitiba-conferencia-009.jpg 640w\" sizes=\"auto, (max-width: 300px) 100vw, 300px\" \/><\/p>\n<p>29\/11 &#8211; segunda-feira &#8211; 19 horas<\/p>\n<p><strong>GUERRAS CULTURAIS \u2013 CORA\u00c7\u00d5ES E MENTES EM TEMPOS DE FAKE NEWS, NEGACIONISMO E P\u00d3S-VERDADE<\/strong><\/p>\n<p>Conferencista: FERNANDO MORAIS<br \/>\nMedia\u00e7\u00e3o: Christian Schwartz<\/p>\n<p>No Brasil e em grande parte do mundo ocidental cresce a onda de fake news e seus impactos na vida social e pol\u00edtica. Em tempos de negacionismo hist\u00f3rico e cient\u00edfico, onde a opini\u00e3o individual tem mais valor do que fatos objetivos, \u00e9 necess\u00e1rio investigar e buscar respostas para as diversas formas de manipula\u00e7\u00e3o de cora\u00e7\u00f5es e mentes, que assustam as democracias e sabotam conquistas da sociedade no campo dos direitos individuais e coletivos.[\/vc_column_text][\/vc_tta_section][vc_tta_section title=&#8221;30 NOV&#8221; tab_id=&#8221;1630727863593-3a7e3d54-059c&#8221;][vc_column_text]<img loading=\"lazy\" decoding=\"async\" class=\"alignnone size-medium wp-image-2171\" src=\"https:\/\/aacic.com.br\/dialogoscontemporaneos\/2021\/curitiba\/wp-content\/uploads\/sites\/3\/2021\/10\/curitiba-conferencia-010-300x225.jpg\" alt=\"Di\u00e1logos Contempor\u00e2neos Curitiba\" width=\"300\" height=\"225\" srcset=\"https:\/\/aacic.com.br\/dialogoscontemporaneos\/2021\/curitiba\/wp-content\/uploads\/sites\/3\/2021\/10\/curitiba-conferencia-010-300x225.jpg 300w, https:\/\/aacic.com.br\/dialogoscontemporaneos\/2021\/curitiba\/wp-content\/uploads\/sites\/3\/2021\/10\/curitiba-conferencia-010.jpg 640w\" sizes=\"auto, (max-width: 300px) 100vw, 300px\" \/><\/p>\n<p>30\/11 &#8211; ter\u00e7a-feira &#8211; 19 horas<\/p>\n<p><strong>A CONSTRU\u00c7\u00c3O DA VIOL\u00caNCIA CONTRA A MULHER NA SOCIEDADE BRASILEIRA<\/strong><\/p>\n<p>Conferencista: MARY DEL PRIORE<br \/>\nMedia\u00e7\u00e3o: Nicole Lima<\/p>\n<p>T\u00e3o importante quanto combater a viol\u00eancia contra a mulher \u00e9 compreender suas ra\u00edzes culturais. As origens dos v\u00e1rios tipos de viol\u00eancia est\u00e3o relacionadas \u00e0 nossa hist\u00f3ria patriarcal, \u00e0s diferen\u00e7as de oportunidades e \u00e0s condi\u00e7\u00f5es sociais e econ\u00f4micas das mulheres brasileiras. As conquistas obtidas at\u00e9 o momento resultam de hist\u00f3ricas lutas dos movimentos feministas e da coragem e ousadia das protagonistas que, ao longo do tempo, se dispuseram a questionar e enfrentar as agress\u00f5es e viola\u00e7\u00f5es nos espa\u00e7os p\u00fablicos e privados.[\/vc_column_text][\/vc_tta_section][\/vc_tta_tour][\/vc_column][\/vc_row][vc_row css=&#8221;.vc_custom_1632952258892{padding-top: 40px !important;}&#8221;][vc_column]<div class=\"events_heading text-center \">\n<h2><span style=\"color: #8b2a6e;\">APOIO<\/span><\/h2>\n<hr\/><\/div>[vc_single_image image=&#8221;2179&#8243; img_size=&#8221;full&#8221; alignment=&#8221;center&#8221;][vc_empty_space height=&#8221;40px&#8221;]<div class=\"events_heading text-center \">\n<h2><span style=\"color: #8b2a6e;\">REALIZA\u00c7\u00c3O<\/span><\/h2>\n<hr\/><\/div>[vc_single_image image=&#8221;2190&#8243; img_size=&#8221;full&#8221; alignment=&#8221;center&#8221;][vc_empty_space height=&#8221;30px&#8221;][vc_column_text]\n<p style=\"text-align: center;\">PROJETO LITER\u00c1RIO DI\u00c1LOGOS CONTEMPOR\u00c2NEOS &#8211; Plataforma +Brasil &#8211; Conv\u00eanio n\u00ba. 902960\/2020<\/p>\n[\/vc_column_text][\/vc_column][\/vc_row]\n<\/div>","protected":false},"excerpt":{"rendered":"<p>[vc_row][vc_column][\/vc_column][\/vc_row][vc_row][vc_column][vc_tta_tour][vc_tta_section title=&#8221;18 OUT&#8221; tab_id=&#8221;1630727958598-fb839376-e41e&#8221;][vc_column_text] 18\/10 &#8211; segunda-feira &#8211; 19 horas A LITERATURA QUE VEM DA PERIFERIA Conferencista: S\u00c9RGIO VAZ Media\u00e7\u00e3o: Yuri Al&#8217;Hanati Do hip-hop \u00e0s publica\u00e7\u00f5es po\u00e9ticas, do funk aos saraus, a cultura que vem da periferia afirma seus valores e sua identidade com novas express\u00f5es art\u00edsticas e narrativas liter\u00e1rias. Compreender as realidades de favelas, [&hellip;]<\/p>\n","protected":false},"author":1,"featured_media":0,"parent":0,"menu_order":2,"comment_status":"closed","ping_status":"closed","template":"","meta":{"footnotes":""},"class_list":["post-1476","page","type-page","status-publish","hentry"],"_links":{"self":[{"href":"https:\/\/aacic.com.br\/dialogoscontemporaneos\/2021\/curitiba\/wp-json\/wp\/v2\/pages\/1476","targetHints":{"allow":["GET"]}}],"collection":[{"href":"https:\/\/aacic.com.br\/dialogoscontemporaneos\/2021\/curitiba\/wp-json\/wp\/v2\/pages"}],"about":[{"href":"https:\/\/aacic.com.br\/dialogoscontemporaneos\/2021\/curitiba\/wp-json\/wp\/v2\/types\/page"}],"author":[{"embeddable":true,"href":"https:\/\/aacic.com.br\/dialogoscontemporaneos\/2021\/curitiba\/wp-json\/wp\/v2\/users\/1"}],"replies":[{"embeddable":true,"href":"https:\/\/aacic.com.br\/dialogoscontemporaneos\/2021\/curitiba\/wp-json\/wp\/v2\/comments?post=1476"}],"version-history":[{"count":8,"href":"https:\/\/aacic.com.br\/dialogoscontemporaneos\/2021\/curitiba\/wp-json\/wp\/v2\/pages\/1476\/revisions"}],"predecessor-version":[{"id":2192,"href":"https:\/\/aacic.com.br\/dialogoscontemporaneos\/2021\/curitiba\/wp-json\/wp\/v2\/pages\/1476\/revisions\/2192"}],"wp:attachment":[{"href":"https:\/\/aacic.com.br\/dialogoscontemporaneos\/2021\/curitiba\/wp-json\/wp\/v2\/media?parent=1476"}],"curies":[{"name":"wp","href":"https:\/\/api.w.org\/{rel}","templated":true}]}}