{"id":1457,"date":"2021-01-07T14:52:40","date_gmt":"2021-01-07T17:52:40","guid":{"rendered":"https:\/\/dialogoscontemporaneos.com\/2021\/anapolis\/?page_id=1457"},"modified":"2021-09-28T16:02:00","modified_gmt":"2021-09-28T16:02:00","slug":"sobre","status":"publish","type":"page","link":"https:\/\/aacic.com.br\/dialogoscontemporaneos\/2021\/distritofederal\/sobre\/","title":{"rendered":"Sobre"},"content":{"rendered":"<div class=\"wpb-content-wrapper\">[vc_row ova_container=&#8221;no&#8221; opacity_bg_pattern=&#8221;0.1&#8243;][vc_column width=&#8221;1\/2&#8243;]<div class=\"events_heading text-left \">\n<h2>DI\u00c1LOGOS LITER\u00c1RIOS<br \/>\nPARA COMPREENDER O MUNDO<\/h2>\n<hr\/><\/div>[vc_column_text]Nesta edi\u00e7\u00e3o do projeto Di\u00e1logos Contempor\u00e2neos, nossas propostas de debates conduzem a reflex\u00f5es que v\u00e3o desde a constru\u00e7\u00e3o das rela\u00e7\u00f5es afetivas no Brasil, passando pelos processos de informa\u00e7\u00e3o na internet, a cultura que vem da periferia, at\u00e9 a sabotagem da fr\u00e1gil democracia brasileira. Consideramos importante debater esses temas nesse momento, visto que valores como a solidariedade e a empatia t\u00eam tido pouco espa\u00e7o em algumas camadas da sociedade, onde vicejam o \u00f3dio, o preconceito e a prega\u00e7\u00e3o da viol\u00eancia.<\/p>\n<p>Nesse mundo moderno, a novidade \u00e9 que grande parte dessa constru\u00e7\u00e3o se d\u00e1 nas redes sociais, especialmente por meio das conhecidas fake news, que fundamentam e formam a base do atual caldo cultural do Brasil. Buscando interpretar o momento em que vivemos e entender como o Pa\u00eds foi e \u00e9 constru\u00eddo, visto e interpretado, convidamos importantes escritoras e escritores brasileiros para mediar nossa percep\u00e7\u00e3o e apresentar suas perspectivas. Di\u00e1logos para entender, por meio da produ\u00e7\u00e3o liter\u00e1ria brasileira, em seus diversos g\u00eaneros e narrativas, os caminhos e descaminhos do Pa\u00eds. E construir sa\u00eddas.<\/p>\n<p><strong>Nilson Rodrigues<\/strong><br \/>\nDiretor Geral[\/vc_column_text][\/vc_column][vc_column width=&#8221;1\/2&#8243; el_class=&#8221;spe_about_bg&#8221; offset=&#8221;vc_col-lg-6 vc_col-md-6&#8243;][vc_single_image image=&#8221;2029&#8243; img_size=&#8221;full&#8221; alignment=&#8221;center&#8221;][\/vc_column][\/vc_row][vc_row][vc_column][vc_empty_space height=&#8221;40px&#8221;]<div class=\"events_heading text-center \">\n<h2>Realiza\u00e7\u00e3o<\/h2>\n<hr\/><\/div>[vc_single_image image=&#8221;2016&#8243; img_size=&#8221;full&#8221; alignment=&#8221;center&#8221;][vc_empty_space height=&#8221;40px&#8221;]<div class=\"events_heading text-center \">\n<h2>Apoio<\/h2>\n<hr\/><\/div>[vc_single_image image=&#8221;2043&#8243; img_size=&#8221;full&#8221; alignment=&#8221;center&#8221;][\/vc_column][\/vc_row]\n<\/div>","protected":false},"excerpt":{"rendered":"<p>[vc_row ova_container=&#8221;no&#8221; opacity_bg_pattern=&#8221;0.1&#8243;][vc_column width=&#8221;1\/2&#8243;][vc_column_text]Nesta edi\u00e7\u00e3o do projeto Di\u00e1logos Contempor\u00e2neos, nossas propostas de debates conduzem a reflex\u00f5es que v\u00e3o desde a constru\u00e7\u00e3o das rela\u00e7\u00f5es afetivas no Brasil, passando pelos processos de informa\u00e7\u00e3o na internet, a cultura que vem da periferia, at\u00e9 a sabotagem da fr\u00e1gil democracia brasileira. Consideramos importante debater esses temas nesse momento, visto que [&hellip;]<\/p>\n","protected":false},"author":1,"featured_media":0,"parent":0,"menu_order":1,"comment_status":"closed","ping_status":"closed","template":"","meta":{"footnotes":""},"class_list":["post-1457","page","type-page","status-publish","hentry"],"_links":{"self":[{"href":"https:\/\/aacic.com.br\/dialogoscontemporaneos\/2021\/distritofederal\/wp-json\/wp\/v2\/pages\/1457","targetHints":{"allow":["GET"]}}],"collection":[{"href":"https:\/\/aacic.com.br\/dialogoscontemporaneos\/2021\/distritofederal\/wp-json\/wp\/v2\/pages"}],"about":[{"href":"https:\/\/aacic.com.br\/dialogoscontemporaneos\/2021\/distritofederal\/wp-json\/wp\/v2\/types\/page"}],"author":[{"embeddable":true,"href":"https:\/\/aacic.com.br\/dialogoscontemporaneos\/2021\/distritofederal\/wp-json\/wp\/v2\/users\/1"}],"replies":[{"embeddable":true,"href":"https:\/\/aacic.com.br\/dialogoscontemporaneos\/2021\/distritofederal\/wp-json\/wp\/v2\/comments?post=1457"}],"version-history":[{"count":4,"href":"https:\/\/aacic.com.br\/dialogoscontemporaneos\/2021\/distritofederal\/wp-json\/wp\/v2\/pages\/1457\/revisions"}],"predecessor-version":[{"id":2056,"href":"https:\/\/aacic.com.br\/dialogoscontemporaneos\/2021\/distritofederal\/wp-json\/wp\/v2\/pages\/1457\/revisions\/2056"}],"wp:attachment":[{"href":"https:\/\/aacic.com.br\/dialogoscontemporaneos\/2021\/distritofederal\/wp-json\/wp\/v2\/media?parent=1457"}],"curies":[{"name":"wp","href":"https:\/\/api.w.org\/{rel}","templated":true}]}}