{"id":1916,"date":"2021-09-24T22:50:02","date_gmt":"2021-09-25T01:50:02","guid":{"rendered":"https:\/\/dialogoscontemporaneos.com\/2021\/maceio\/?page_id=1916"},"modified":"2021-10-05T01:03:35","modified_gmt":"2021-10-05T01:03:35","slug":"ficha-tecnica","status":"publish","type":"page","link":"https:\/\/aacic.com.br\/dialogoscontemporaneos\/2021\/distritofederal\/ficha-tecnica\/","title":{"rendered":"Ficha T\u00e9cnica"},"content":{"rendered":"<div class=\"wpb-content-wrapper\">[vc_row][vc_column]<div class=\"events_heading text-center \">\n<h2>FICHA T\u00c9CNICA<\/h2>\n<hr\/><\/div>[\/vc_column][\/vc_row][vc_row][vc_column width=&#8221;1\/3&#8243;][vc_column_text]<strong>Dire\u00e7\u00e3o Geral<\/strong><br \/>\nNILSON RODRIGUES<\/p>\n<p><strong>Curadoria<\/strong><br \/>\nJOS\u00c9 RESENDE JUNIOR<br \/>\nLUC\u00cdLIA HELENA DO CARMO GARCEZ &#8211; <em>in memoriam<\/em><\/p>\n<p><strong>Produ\u00e7\u00e3o Executiva<\/strong><br \/>\nBELCHIOR CABRAL<\/p>\n<p><strong>Assistentes de Produ\u00e7\u00e3o<\/strong><br \/>\nANDRESSA SCHAEFER<br \/>\nMARCOS RODRIGUES<br \/>\nSILVIANI ALBUQUERQUE<\/p>\n<p><strong>Administra\u00e7\u00e3o e Finan\u00e7as<\/strong><br \/>\nDULCIN\u00c9IA MIRANDA[\/vc_column_text][\/vc_column][vc_column width=&#8221;1\/3&#8243;][vc_column_text]<strong>Produ\u00e7\u00e3o Sobradinho<\/strong><br \/>\nJANA\u00cdNA MONTALV\u00c3O<\/p>\n<p><strong>Produ\u00e7\u00e3o Taguatinga<\/strong><br \/>\nM\u00cdRIAM FERREIRA ROCHA<\/p>\n<p><strong>Log\u00edstica<\/strong><br \/>\nM\u00c1RCIA ROCHA<\/p>\n<p><strong>Programa\u00e7\u00e3o<\/strong><br \/>\nCL\u00c9RIA COSTA<\/p>\n<p><strong>Projeto Gr\u00e1fico e Gest\u00e3o de Redes<\/strong><br \/>\nXYZ DESIGN<br \/>\nLUIZ RICARDI<br \/>\nRUBIA GUTTERRES<\/p>\n<p><strong>Website<\/strong><br \/>\n\u00c9DER F. YANAGUITA[\/vc_column_text][\/vc_column][vc_column width=&#8221;1\/3&#8243;][vc_column_text]<strong>Fotografia<\/strong><br \/>\nMARTIM HAEFLIGER<\/p>\n<p><strong>Realiza\u00e7\u00e3o<\/strong><br \/>\nASSOCIA\u00c7\u00c3O AMIGOS DO CINEMA E DA CULTURA<\/p>\n<p><strong>Diretoria da AACIC<\/strong><\/p>\n<p>MARCONI COSTA DA SILVA SCARINCI<br \/>\nDiretor-presidente<\/p>\n<p>JOS\u00c9 ALBERTO MELO SILVA<br \/>\nTesoureiro<\/p>\n<p>LEILA BARROS CARDOSO<br \/>\nSecret\u00e1ria[\/vc_column_text][\/vc_column][\/vc_row][vc_row css=&#8221;.vc_custom_1633140520340{padding-top: 60px !important;}&#8221;][vc_column]<div class=\"events_heading text-center \">\n<h2>TERMO DE FOMENTO (MROSC) N\u00ba 012\/2021<\/h2>\n<hr\/><\/div>[\/vc_column][\/vc_row][vc_row][vc_column width=&#8221;1\/3&#8243;][vc_column_text]<strong>Objeto da Parceria:<\/strong> Projeto Di\u00e1logos Contempor\u00e2neos, Edi\u00e7\u00e3o Taguatinga e Sobradinho.<\/p>\n<p><strong>Data da assinatura:<\/strong> 21 de maio de 2021<\/p>\n<p><strong>Organiza\u00e7\u00e3o da Sociedade Civil:<\/strong> Associa\u00e7\u00e3o Amigos do Cinema e da Cultura (CNPJ 08.902.167\/0001-50)<\/p>\n<p><strong>\u00d3rg\u00e3o da Administra\u00e7\u00e3o P\u00fablica:<\/strong> Secretaria de Estado de Cultura e Economia Criativa do Distrito Federal[\/vc_column_text][\/vc_column][vc_column width=&#8221;1\/3&#8243;][vc_column_text]<strong>Valor da Parceria (valor liberado):<\/strong> R$ 300.000,00<\/p>\n<p><strong>Vig\u00eancia do Projeto:<\/strong> 21\/05\/2021 a 30\/12\/2021<\/p>\n<p><strong>Valor total da remunera\u00e7\u00e3o de recursos humanos:<\/strong> coordena\u00e7\u00e3o geral, curadoria, produ\u00e7\u00e3o executiva, programa\u00e7\u00e3o, administra\u00e7\u00e3o e finan\u00e7as, assistentes de produ\u00e7\u00e3o, escritores\/conferencistas para 16 confer\u00eancias, mediadores para as confer\u00eancias, mestre de cerim\u00f4nia, int\u00e9rprete de libras, recepcionistas = R$ 164.100,00[\/vc_column_text][\/vc_column][vc_column width=&#8221;1\/3&#8243;][vc_column_text]<strong>Valor total de servi\u00e7os de infraestrutura, log\u00edstica e comunica\u00e7\u00e3o:<\/strong> passagens a\u00e9reas, hospedagem, loca\u00e7\u00e3o de equipamentos de som e ilumina\u00e7\u00e3o, mobili\u00e1rio, material de consumo, transporte de escritores, assessoria de imprensa, transmiss\u00e3o ao vivo pela internet, produ\u00e7\u00e3o de vinheta, servi\u00e7o de registro fotogr\u00e1fico e videogr\u00e1fico, impulsionamento e assessoria de redes sociais, website, programador visual, impress\u00e3o de cartazes, folders e ingressos, distribui\u00e7\u00e3o de material gr\u00e1fico = R$ 135.900,00[\/vc_column_text][\/vc_column][\/vc_row][vc_row css=&#8221;.vc_custom_1633140479871{padding-top: 20px !important;}&#8221;][vc_column][vc_empty_space height=&#8221;40px&#8221;]<div class=\"events_heading text-center \">\n<h2>Realiza\u00e7\u00e3o<\/h2>\n<hr\/><\/div>[vc_single_image image=&#8221;2016&#8243; img_size=&#8221;full&#8221; alignment=&#8221;center&#8221;][vc_empty_space height=&#8221;40px&#8221;]<div class=\"events_heading text-center \">\n<h2>Apoio<\/h2>\n<hr\/><\/div>[vc_single_image image=&#8221;2043&#8243; img_size=&#8221;full&#8221; alignment=&#8221;center&#8221;][\/vc_column][\/vc_row]\n<\/div>","protected":false},"excerpt":{"rendered":"<p>[vc_row][vc_column][\/vc_column][\/vc_row][vc_row][vc_column width=&#8221;1\/3&#8243;][vc_column_text]Dire\u00e7\u00e3o Geral NILSON RODRIGUES Curadoria JOS\u00c9 RESENDE JUNIOR LUC\u00cdLIA HELENA DO CARMO GARCEZ &#8211; in memoriam Produ\u00e7\u00e3o Executiva BELCHIOR CABRAL Assistentes de Produ\u00e7\u00e3o ANDRESSA SCHAEFER MARCOS RODRIGUES SILVIANI ALBUQUERQUE Administra\u00e7\u00e3o e Finan\u00e7as DULCIN\u00c9IA MIRANDA[\/vc_column_text][\/vc_column][vc_column width=&#8221;1\/3&#8243;][vc_column_text]Produ\u00e7\u00e3o Sobradinho JANA\u00cdNA MONTALV\u00c3O Produ\u00e7\u00e3o Taguatinga M\u00cdRIAM FERREIRA ROCHA Log\u00edstica M\u00c1RCIA ROCHA Programa\u00e7\u00e3o CL\u00c9RIA COSTA Projeto Gr\u00e1fico e Gest\u00e3o de [&hellip;]<\/p>\n","protected":false},"author":1,"featured_media":0,"parent":0,"menu_order":0,"comment_status":"closed","ping_status":"closed","template":"","meta":{"footnotes":""},"class_list":["post-1916","page","type-page","status-publish","hentry"],"_links":{"self":[{"href":"https:\/\/aacic.com.br\/dialogoscontemporaneos\/2021\/distritofederal\/wp-json\/wp\/v2\/pages\/1916","targetHints":{"allow":["GET"]}}],"collection":[{"href":"https:\/\/aacic.com.br\/dialogoscontemporaneos\/2021\/distritofederal\/wp-json\/wp\/v2\/pages"}],"about":[{"href":"https:\/\/aacic.com.br\/dialogoscontemporaneos\/2021\/distritofederal\/wp-json\/wp\/v2\/types\/page"}],"author":[{"embeddable":true,"href":"https:\/\/aacic.com.br\/dialogoscontemporaneos\/2021\/distritofederal\/wp-json\/wp\/v2\/users\/1"}],"replies":[{"embeddable":true,"href":"https:\/\/aacic.com.br\/dialogoscontemporaneos\/2021\/distritofederal\/wp-json\/wp\/v2\/comments?post=1916"}],"version-history":[{"count":13,"href":"https:\/\/aacic.com.br\/dialogoscontemporaneos\/2021\/distritofederal\/wp-json\/wp\/v2\/pages\/1916\/revisions"}],"predecessor-version":[{"id":2138,"href":"https:\/\/aacic.com.br\/dialogoscontemporaneos\/2021\/distritofederal\/wp-json\/wp\/v2\/pages\/1916\/revisions\/2138"}],"wp:attachment":[{"href":"https:\/\/aacic.com.br\/dialogoscontemporaneos\/2021\/distritofederal\/wp-json\/wp\/v2\/media?parent=1916"}],"curies":[{"name":"wp","href":"https:\/\/api.w.org\/{rel}","templated":true}]}}