{"id":2177,"date":"2021-11-24T18:53:51","date_gmt":"2021-11-24T21:53:51","guid":{"rendered":"https:\/\/aacic.com.br\/dialogoscontemporaneos\/2021\/maceio\/?page_id=2177"},"modified":"2021-11-25T16:50:00","modified_gmt":"2021-11-25T19:50:00","slug":"blogmcz","status":"publish","type":"page","link":"https:\/\/aacic.com.br\/dialogoscontemporaneos\/2021\/maceio\/blogmcz\/","title":{"rendered":"Blog"},"content":{"rendered":"<div class=\"wpb-content-wrapper\">[vc_row][vc_column]<div class=\"events_heading text-center \">\n<h2><span style=\"color: #13256e;\">FIQUE POR DENTRO<\/span><\/h2>\n<h3><span style=\"color: #000000;\">Confira aqui os v\u00eddeos das transmiss\u00f5es, as fotos dos eventos e not\u00edcias sobre o projeto.<\/span><\/h3>\n<hr\/><\/div>[\/vc_column][\/vc_row][vc_row][vc_column][vc_basic_grid post_type=&#8221;post&#8221; max_items=&#8221;20&#8243; element_width=&#8221;3&#8243; gap=&#8221;20&#8243; item=&#8221;2189&#8243; initial_loading_animation=&#8221;none&#8221; grid_id=&#8221;vc_gid:1637869756347-ee8c8b56-6796-2&#8243; taxonomies=&#8221;1&#8243;][\/vc_column][\/vc_row]\n<\/div>","protected":false},"excerpt":{"rendered":"<p>[vc_row][vc_column][\/vc_column][\/vc_row][vc_row][vc_column][vc_basic_grid post_type=&#8221;post&#8221; max_items=&#8221;20&#8243; element_width=&#8221;3&#8243; gap=&#8221;20&#8243; item=&#8221;2189&#8243; initial_loading_animation=&#8221;none&#8221; grid_id=&#8221;vc_gid:1637869756347-ee8c8b56-6796-2&#8243; taxonomies=&#8221;1&#8243;][\/vc_column][\/vc_row]<\/p>\n","protected":false},"author":1,"featured_media":0,"parent":0,"menu_order":0,"comment_status":"closed","ping_status":"closed","template":"","meta":{"footnotes":""},"class_list":["post-2177","page","type-page","status-publish","hentry"],"_links":{"self":[{"href":"https:\/\/aacic.com.br\/dialogoscontemporaneos\/2021\/maceio\/wp-json\/wp\/v2\/pages\/2177","targetHints":{"allow":["GET"]}}],"collection":[{"href":"https:\/\/aacic.com.br\/dialogoscontemporaneos\/2021\/maceio\/wp-json\/wp\/v2\/pages"}],"about":[{"href":"https:\/\/aacic.com.br\/dialogoscontemporaneos\/2021\/maceio\/wp-json\/wp\/v2\/types\/page"}],"author":[{"embeddable":true,"href":"https:\/\/aacic.com.br\/dialogoscontemporaneos\/2021\/maceio\/wp-json\/wp\/v2\/users\/1"}],"replies":[{"embeddable":true,"href":"https:\/\/aacic.com.br\/dialogoscontemporaneos\/2021\/maceio\/wp-json\/wp\/v2\/comments?post=2177"}],"version-history":[{"count":9,"href":"https:\/\/aacic.com.br\/dialogoscontemporaneos\/2021\/maceio\/wp-json\/wp\/v2\/pages\/2177\/revisions"}],"predecessor-version":[{"id":2204,"href":"https:\/\/aacic.com.br\/dialogoscontemporaneos\/2021\/maceio\/wp-json\/wp\/v2\/pages\/2177\/revisions\/2204"}],"wp:attachment":[{"href":"https:\/\/aacic.com.br\/dialogoscontemporaneos\/2021\/maceio\/wp-json\/wp\/v2\/media?parent=2177"}],"curies":[{"name":"wp","href":"https:\/\/api.w.org\/{rel}","templated":true}]}}