{"id":1601,"date":"2021-05-25T18:52:14","date_gmt":"2021-05-25T21:52:14","guid":{"rendered":"https:\/\/aacic.com.br\/dialogoscontemporaneos\/2021\/maceio\/?page_id=1601"},"modified":"2021-11-09T18:45:56","modified_gmt":"2021-11-09T21:45:56","slug":"cuidados","status":"publish","type":"page","link":"https:\/\/aacic.com.br\/dialogoscontemporaneos\/2021\/poa\/cuidados\/","title":{"rendered":"Cuidados"},"content":{"rendered":"<div class=\"wpb-content-wrapper\">[vc_row][vc_column]<div class=\"events_heading text-center \">\n<h2><span style=\"color: #000000;\">CUIDADOS<\/span><\/h2>\n<h3><span style=\"color: #13256e;\">Saiba mais sobre a acessibilidade do evento, a biosseguran\u00e7a com a pandemia e as formas de participa\u00e7\u00e3o<\/span><\/h3>\n<hr\/><\/div>[vc_column_text]Em Porto Alegre, o projeto liter\u00e1rio Di\u00e1logos Contempor\u00e2neos ser\u00e1 realizado no <a href=\"http:\/\/www.teatrosaopedro.com.br\/\" target=\"_blank\" rel=\"noopener\">Theatro S\u00e3o Pedro<\/a>, localizado na Pra\u00e7a Marechal Deodoro, no Centro Hist\u00f3rico.[\/vc_column_text][vc_masonry_media_grid gap=&#8221;10&#8243; initial_loading_animation=&#8221;none&#8221; grid_id=&#8221;vc_gid:1636494275151-833fda1b-cec0-5&#8243; include=&#8221;2210,2211,2212&#8243;][\/vc_column][\/vc_row][vc_row][vc_column width=&#8221;1\/2&#8243;][vc_text_separator title=&#8221;ACESSIBILIDADE&#8221; i_icon_fontawesome=&#8221;fas fa-wheelchair&#8221; i_color=&#8221;custom&#8221; title_align=&#8221;separator_align_left&#8221; color=&#8221;custom&#8221; border_width=&#8221;3&#8243; add_icon=&#8221;true&#8221; i_custom_color=&#8221;#ef4d22&#8243; accent_color=&#8221;#ef4d22&#8243;][vc_column_text]Sobre a acessibilidade para cadeirantes ou pessoas com mobilidade reduzida, seguem abaixo as informa\u00e7\u00f5es fornecidas pela equipe do teatro:<\/p>\n<ul>\n<li>H\u00e1 rampas para acesso de cadeirantes? <strong>SIM<\/strong><\/li>\n<li>H\u00e1 banheiros adaptados? <strong>SIM<\/strong><\/li>\n<li>H\u00e1 assentos reservados para cadeirantes ou pessoas com mobilidade reduzida? <strong>SIM<\/strong><\/li>\n<li>H\u00e1 piso podot\u00e1til? <strong>N\u00c3O<\/strong><\/li>\n<li>H\u00e1 elevador para cadeirantes? <strong>SIM, apenas para acesso ao palco<\/strong><\/li>\n<li>H\u00e1 placas em braile? <strong>N\u00c3O<\/strong><\/li>\n<li>Haver\u00e1 tradu\u00e7\u00e3o em libras? <strong>SIM<\/strong><\/li>\n<li>Haver\u00e1 audiodescri\u00e7\u00e3o? <strong>N\u00c3O<\/strong><\/li>\n<\/ul>\n[\/vc_column_text][\/vc_column][vc_column width=&#8221;1\/2&#8243;][vc_text_separator title=&#8221;PANDEMIA&#8221; i_icon_fontawesome=&#8221;fas fa-file-medical&#8221; i_color=&#8221;custom&#8221; title_align=&#8221;separator_align_left&#8221; color=&#8221;custom&#8221; border_width=&#8221;3&#8243; add_icon=&#8221;true&#8221; i_custom_color=&#8221;#ef4d22&#8243; accent_color=&#8221;#ef4d22&#8243;][vc_column_text]Tendo em vista o per\u00edodo de pandemia de Covid-19, h\u00e1 cuidados de biosseguran\u00e7a exigidos pelo poder p\u00fablico que dever\u00e3o ser seguidos para garantir a sa\u00fade e o bem-estar de todos os participantes do evento:<\/p>\n<ul>\n<li>Ser\u00e1 obrigat\u00f3rio o uso de m\u00e1scaras em todas as \u00e1reas do teatro;<\/li>\n<li>Os assentos liberados para uso estar\u00e3o devidamente sinalizados;<\/li>\n<li>Da capacidade total do teatro, o evento est\u00e1 autorizado a preencher 40% (o que equivale a 190 lugares);<\/li>\n<li>Haver\u00e1 \u00e1lcool em gel dispon\u00edvel para higieniza\u00e7\u00e3o na hall de entrada do teatro;<\/li>\n<li>Haver\u00e1 checagem de temperatura na entrada.<\/li>\n<\/ul>\n[\/vc_column_text][\/vc_column][\/vc_row][vc_row][vc_column width=&#8221;1\/2&#8243;][vc_text_separator title=&#8221;INGRESSOS&#8221; i_icon_fontawesome=&#8221;fas fa-ticket-alt&#8221; i_color=&#8221;custom&#8221; title_align=&#8221;separator_align_left&#8221; color=&#8221;custom&#8221; border_width=&#8221;3&#8243; add_icon=&#8221;true&#8221; i_custom_color=&#8221;#ef4d22&#8243; accent_color=&#8221;#ef4d22&#8243;][vc_column_text]Para quem vai assistir \u00e0s confer\u00eancias presencialmente, os ingressos ser\u00e3o distribu\u00eddos no teatro a partir das 18h do dia de cada evento, por ordem de fila e apenas um por pessoa. \u00c0s 18h30 a portaria ser\u00e1 liberada para que os espectadores possam ocupar os lugares dispon\u00edveis.[\/vc_column_text][\/vc_column][vc_column width=&#8221;1\/2&#8243;][vc_text_separator title=&#8221;TRANSMISS\u00c3O&#8221; i_icon_fontawesome=&#8221;fab fa-youtube&#8221; i_color=&#8221;custom&#8221; title_align=&#8221;separator_align_left&#8221; color=&#8221;custom&#8221; border_width=&#8221;3&#8243; add_icon=&#8221;true&#8221; i_custom_color=&#8221;#ef4d22&#8243; accent_color=&#8221;#ef4d22&#8243;][vc_column_text]Para aqueles que n\u00e3o puderem comparecer presencialmente, informamos que as confer\u00eancias ser\u00e3o transmitidas ao vivo pelo canal no projeto no YouTube. Aproveitamos para pedir que se inscrevam e acionem o sininho para serem notificadas das transmiss\u00f5es: <a href=\"https:\/\/youtube.com\/dialogoscontemporaneos\" target=\"_blank\" rel=\"noopener\">https:\/\/youtube.com\/dialogoscontemporaneos<\/a>[\/vc_column_text][\/vc_column][\/vc_row][vc_row css=&#8221;.vc_custom_1632952669685{padding-top: 40px !important;}&#8221;][vc_column]<div class=\"events_heading text-center \">\n<h2><span style=\"color: #13256e;\">APOIO<\/span><\/h2>\n<hr\/><\/div>[vc_single_image image=&#8221;2283&#8243; img_size=&#8221;full&#8221; alignment=&#8221;center&#8221;][vc_empty_space height=&#8221;40px&#8221;]<div class=\"events_heading text-center \">\n<h2><span style=\"color: #13256e;\">REALIZA\u00c7\u00c3O<\/span><\/h2>\n<hr\/><\/div>[vc_single_image image=&#8221;2228&#8243; img_size=&#8221;full&#8221; alignment=&#8221;center&#8221;][vc_empty_space height=&#8221;30px&#8221;][vc_column_text]\n<p style=\"text-align: center;\">PROJETO LITER\u00c1RIO DI\u00c1LOGOS CONTEMPOR\u00c2NEOS &#8211; Plataforma +Brasil &#8211; Conv\u00eanio n\u00ba. 903400\/2020<\/p>\n[\/vc_column_text][\/vc_column][\/vc_row]\n<\/div>","protected":false},"excerpt":{"rendered":"<p>[vc_row][vc_column][vc_column_text]Em Porto Alegre, o projeto liter\u00e1rio Di\u00e1logos Contempor\u00e2neos ser\u00e1 realizado no Theatro S\u00e3o Pedro, localizado na Pra\u00e7a Marechal Deodoro, no Centro Hist\u00f3rico.[\/vc_column_text][vc_masonry_media_grid gap=&#8221;10&#8243; initial_loading_animation=&#8221;none&#8221; grid_id=&#8221;vc_gid:1636494275151-833fda1b-cec0-5&#8243; include=&#8221;2210,2211,2212&#8243;][\/vc_column][\/vc_row][vc_row][vc_column width=&#8221;1\/2&#8243;][vc_text_separator title=&#8221;ACESSIBILIDADE&#8221; i_icon_fontawesome=&#8221;fas fa-wheelchair&#8221; i_color=&#8221;custom&#8221; title_align=&#8221;separator_align_left&#8221; color=&#8221;custom&#8221; border_width=&#8221;3&#8243; add_icon=&#8221;true&#8221; i_custom_color=&#8221;#ef4d22&#8243; accent_color=&#8221;#ef4d22&#8243;][vc_column_text]Sobre a acessibilidade para cadeirantes ou pessoas com mobilidade reduzida, seguem abaixo as informa\u00e7\u00f5es fornecidas pela equipe do teatro: [&hellip;]<\/p>\n","protected":false},"author":1,"featured_media":0,"parent":0,"menu_order":5,"comment_status":"closed","ping_status":"closed","template":"","meta":{"footnotes":""},"class_list":["post-1601","page","type-page","status-publish","hentry"],"_links":{"self":[{"href":"https:\/\/aacic.com.br\/dialogoscontemporaneos\/2021\/poa\/wp-json\/wp\/v2\/pages\/1601","targetHints":{"allow":["GET"]}}],"collection":[{"href":"https:\/\/aacic.com.br\/dialogoscontemporaneos\/2021\/poa\/wp-json\/wp\/v2\/pages"}],"about":[{"href":"https:\/\/aacic.com.br\/dialogoscontemporaneos\/2021\/poa\/wp-json\/wp\/v2\/types\/page"}],"author":[{"embeddable":true,"href":"https:\/\/aacic.com.br\/dialogoscontemporaneos\/2021\/poa\/wp-json\/wp\/v2\/users\/1"}],"replies":[{"embeddable":true,"href":"https:\/\/aacic.com.br\/dialogoscontemporaneos\/2021\/poa\/wp-json\/wp\/v2\/comments?post=1601"}],"version-history":[{"count":14,"href":"https:\/\/aacic.com.br\/dialogoscontemporaneos\/2021\/poa\/wp-json\/wp\/v2\/pages\/1601\/revisions"}],"predecessor-version":[{"id":2287,"href":"https:\/\/aacic.com.br\/dialogoscontemporaneos\/2021\/poa\/wp-json\/wp\/v2\/pages\/1601\/revisions\/2287"}],"wp:attachment":[{"href":"https:\/\/aacic.com.br\/dialogoscontemporaneos\/2021\/poa\/wp-json\/wp\/v2\/media?parent=1601"}],"curies":[{"name":"wp","href":"https:\/\/api.w.org\/{rel}","templated":true}]}}