{"id":2424,"date":"2021-12-02T12:43:42","date_gmt":"2021-12-02T15:43:42","guid":{"rendered":"https:\/\/aacic.com.br\/dialogoscontemporaneos\/2021\/poa\/?page_id=2424"},"modified":"2021-12-02T12:46:57","modified_gmt":"2021-12-02T15:46:57","slug":"blogpoa","status":"publish","type":"page","link":"https:\/\/aacic.com.br\/dialogoscontemporaneos\/2021\/poa\/blogpoa\/","title":{"rendered":"Blog"},"content":{"rendered":"<div class=\"wpb-content-wrapper\">[vc_row][vc_column]<div class=\"events_heading text-center \">\n<h2><span style=\"color: #13256e;\">FIQUE POR DENTRO<\/span><\/h2>\n<h3><span style=\"color: #000000;\">Confira aqui os v\u00eddeos das transmiss\u00f5es, as fotos dos eventos e not\u00edcias sobre o projeto.<\/span><\/h3>\n<hr\/><\/div>[\/vc_column][\/vc_row][vc_row][vc_column][vc_basic_grid post_type=&#8221;post&#8221; max_items=&#8221;20&#8243; element_width=&#8221;3&#8243; gap=&#8221;20&#8243; item=&#8221;2426&#8243; initial_loading_animation=&#8221;none&#8221; grid_id=&#8221;vc_gid:1638459968204-bb0936d9-d887-10&#8243; taxonomies=&#8221;1&#8243;][\/vc_column][\/vc_row]\n<\/div>","protected":false},"excerpt":{"rendered":"<p>[vc_row][vc_column][\/vc_column][\/vc_row][vc_row][vc_column][vc_basic_grid post_type=&#8221;post&#8221; max_items=&#8221;20&#8243; element_width=&#8221;3&#8243; gap=&#8221;20&#8243; item=&#8221;2426&#8243; initial_loading_animation=&#8221;none&#8221; grid_id=&#8221;vc_gid:1638459968204-bb0936d9-d887-10&#8243; taxonomies=&#8221;1&#8243;][\/vc_column][\/vc_row]<\/p>\n","protected":false},"author":1,"featured_media":0,"parent":0,"menu_order":0,"comment_status":"closed","ping_status":"closed","template":"","meta":{"footnotes":""},"class_list":["post-2424","page","type-page","status-publish","hentry"],"_links":{"self":[{"href":"https:\/\/aacic.com.br\/dialogoscontemporaneos\/2021\/poa\/wp-json\/wp\/v2\/pages\/2424","targetHints":{"allow":["GET"]}}],"collection":[{"href":"https:\/\/aacic.com.br\/dialogoscontemporaneos\/2021\/poa\/wp-json\/wp\/v2\/pages"}],"about":[{"href":"https:\/\/aacic.com.br\/dialogoscontemporaneos\/2021\/poa\/wp-json\/wp\/v2\/types\/page"}],"author":[{"embeddable":true,"href":"https:\/\/aacic.com.br\/dialogoscontemporaneos\/2021\/poa\/wp-json\/wp\/v2\/users\/1"}],"replies":[{"embeddable":true,"href":"https:\/\/aacic.com.br\/dialogoscontemporaneos\/2021\/poa\/wp-json\/wp\/v2\/comments?post=2424"}],"version-history":[{"count":5,"href":"https:\/\/aacic.com.br\/dialogoscontemporaneos\/2021\/poa\/wp-json\/wp\/v2\/pages\/2424\/revisions"}],"predecessor-version":[{"id":2430,"href":"https:\/\/aacic.com.br\/dialogoscontemporaneos\/2021\/poa\/wp-json\/wp\/v2\/pages\/2424\/revisions\/2430"}],"wp:attachment":[{"href":"https:\/\/aacic.com.br\/dialogoscontemporaneos\/2021\/poa\/wp-json\/wp\/v2\/media?parent=2424"}],"curies":[{"name":"wp","href":"https:\/\/api.w.org\/{rel}","templated":true}]}}