{"id":525,"date":"2015-05-04T16:01:07","date_gmt":"2015-05-04T16:01:07","guid":{"rendered":"http:\/\/demowp.cththemes.net\/gatherv2\/?page_id=525"},"modified":"2023-09-28T18:01:18","modified_gmt":"2023-09-28T21:01:18","slug":"home-slider","status":"publish","type":"page","link":"https:\/\/aacic.com.br\/dialogoscontemporaneos\/2022\/brasilia\/","title":{"rendered":"Home &#8211; Solid Color"},"content":{"rendered":"<div class=\"wpb-content-wrapper\"><p>[vc_row cth_layout=&#8221;gather_header&#8221; el_id=&#8221;top&#8221; css=&#8221;.vc_custom_1648688774417{background-color: #a5cd38 !important;}&#8221;][vc_column][vc_single_image image=&#8221;8667&#8243; img_size=&#8221;full&#8221; alignment=&#8221;center&#8221; el_class=&#8221;header_top-bg&#8221;][\/vc_column][\/vc_row][vc_row cth_layout=&#8221;gather_header&#8221; css=&#8221;.vc_custom_1650225125869{padding-top: 22px !important;background-color: #e7edaf !important;}&#8221;][vc_column][vc_message message_box_color=&#8221;juicy_pink&#8221; icon_fontawesome=&#8221;fab fa-youtube&#8221;]<\/p>\n<p style=\"text-align: center;\">Acompanhe as confer\u00eancias ao vivo: <a href=\"https:\/\/youtube.com\/aacic\" target=\"_blank\" rel=\"noopener\">https:\/\/youtube.com\/aacic<\/a><\/p>\n<p>[\/vc_message][\/vc_column][\/vc_row][vc_row cth_layout=&#8221;gather_header&#8221; css=&#8221;.vc_custom_1648688814361{padding-top: 30px !important;padding-bottom: 30px !important;background-color: #ffffff !important;}&#8221;][vc_column][vc_video link=&#8221;https:\/\/www.youtube.com\/watch?v=_b-uYqgyyMU&amp;list=PLyypxSOpCelokgMUDRPBe7zk1LqEtyFGw&#8221; el_width=&#8221;70&#8243; align=&#8221;center&#8221;][\/vc_column][\/vc_row][vc_row cth_layout=&#8221;gather_sec&#8221; css=&#8221;.vc_custom_1647377435798{padding-top: 30px !important;padding-bottom: 50px !important;background-color: #e7edaf !important;}&#8221; el_id=&#8221;about&#8221;][vc_column][vc_column_text]<\/p>\n<h5 style=\"text-align: center;\">LER LIVROS E LER O MUNDO<\/h5>\n<p>[\/vc_column_text][vc_empty_space height=&#8221;25px&#8221;][vc_column_text]A produ\u00e7\u00e3o liter\u00e1ria brasileira \u00e9 rica e diversificada. Embora o Brasil figure como um dos pa\u00edses com menor \u00edndice de leitura por habitante, nossos escritores e escritoras t\u00eam, em todos os g\u00eaneros liter\u00e1rios, amplo reconhecimento da cr\u00edtica nacional e internacional. Os pr\u00eamios recebidos no Brasil e no exterior, as tradu\u00e7\u00f5es em v\u00e1rios idiomas e a repercuss\u00e3o das obras em diferentes pa\u00edses confirmam a qualidade e a relev\u00e2ncia da literatura brasileira.<\/p>\n<p>Os esfor\u00e7os que s\u00e3o feitos pelas institui\u00e7\u00f5es educacionais e culturais s\u00e3o fundamentais para aproximar estudantes e a popula\u00e7\u00e3o em geral dos escritores brasileiros e de suas obras, estimulando o gosto pela leitura e o contato com o livro. Feiras liter\u00e1rias, bienais, semin\u00e1rios, col\u00f3quios e debates, realizados em centenas de cidades do pa\u00eds, auxiliam nesse esfor\u00e7o institucional. A grande presen\u00e7a de p\u00fablico nesses eventos demonstra o interesse das pessoas em participar e conhecer de perto seus escritores preferidos e ter contato com suas publica\u00e7\u00f5es.<\/p>\n<p>A <strong>Associa\u00e7\u00e3o Amigos do Cinema e da Cultura (AACIC)<\/strong> se junta a esse esfor\u00e7o, buscando, com a realiza\u00e7\u00e3o do projeto Di\u00e1logos Contempor\u00e2neos, promover a produ\u00e7\u00e3o liter\u00e1ria brasileira, por meio de debates de importantes temas da atualidade, reunindo escritores e escritoras, sejam eles cronistas, poetas, contistas, romancistas, dramaturgos, bi\u00f3grafos, historiadores ou cientistas. O que buscamos \u00e9 promover a literatura brasileira, aproximando nossos escritores e escritoras do p\u00fablico, estimulando o gosto pela reflex\u00e3o, pelo livro e pela leitura.[\/vc_column_text][\/vc_column][\/vc_row][vc_row cth_layout=&#8221;gather_sec&#8221; el_id=&#8221;speakers&#8221; css=&#8221;.vc_custom_1647364043341{padding-top: 30px !important;}&#8221;][vc_column][vc_column_text]<\/p>\n<h5 style=\"text-align: center;\">ESCRITORES E ESCRITORAS<\/h5>\n<p>[\/vc_column_text][vc_empty_space height=&#8221;25px&#8221;][cth_speakers_cpt count=&#8221;16&#8243; order=&#8221;ASC&#8221; autoplay=&#8221;true&#8221;][\/vc_column][\/vc_row][vc_row cth_layout=&#8221;gather_sec&#8221; el_id=&#8221;schedule&#8221; css=&#8221;.vc_custom_1647377486698{padding-bottom: 50px !important;}&#8221;][vc_column][vc_column_text]<\/p>\n<h5 style=\"text-align: center;\">PROGRAMA\u00c7\u00c3O<\/h5>\n<p>[\/vc_column_text][vc_empty_space height=&#8221;25px&#8221;][cth_schedules][\/vc_column][\/vc_row][vc_row cth_layout=&#8221;gather_sec&#8221; el_class=&#8221;embed_twitter&#8221; css=&#8221;.vc_custom_1648753913567{padding-top: 30px !important;padding-bottom: 20px !important;background-color: #e7edaf !important;}&#8221; el_id=&#8221;care&#8221;][vc_column][vc_column_text css=&#8221;.vc_custom_1648067331263{margin-bottom: 40px !important;}&#8221;]<\/p>\n<h5 style=\"text-align: center;\">CUIDADOS<\/h5>\n<p>[\/vc_column_text][vc_empty_space height=&#8221;30px&#8221;][\/vc_column][vc_column width=&#8221;1\/2&#8243;][vc_text_separator title=&#8221;ACESSIBILIDADE&#8221; i_icon_fontawesome=&#8221;fas fa-wheelchair&#8221; i_color=&#8221;custom&#8221; title_align=&#8221;separator_align_left&#8221; color=&#8221;custom&#8221; border_width=&#8221;2&#8243; add_icon=&#8221;true&#8221; i_custom_color=&#8221;#008540&#8243; accent_color=&#8221;#008540&#8243;][vc_column_text]Sobre a acessibilidade para cadeirantes ou pessoas com mobilidade reduzida, seguem abaixo informa\u00e7\u00f5es sobre o local do evento:<\/p>\n<ul>\n<li>H\u00e1 rampas para acesso de cadeirantes;<\/li>\n<li>H\u00e1 banheiros adaptados;<\/li>\n<li>H\u00e1 assentos reservados para cadeirantes ou pessoas com mobilidade reduzida;<\/li>\n<li>N\u00e3o h\u00e1 piso podot\u00e1til;<\/li>\n<li>H\u00e1 elevador para cadeirantes (para acesso \u00e0 \u00e1rea do evento);<\/li>\n<li>N\u00e3o h\u00e1 placas em braile;<\/li>\n<li>Haver\u00e1 tradu\u00e7\u00e3o em libras;<\/li>\n<li>N\u00e3o haver\u00e1 audiodescri\u00e7\u00e3o.<\/li>\n<\/ul>\n<p>[\/vc_column_text][\/vc_column][vc_column width=&#8221;1\/2&#8243;][vc_text_separator title=&#8221;COVID-19&#8243; i_icon_fontawesome=&#8221;fas fa-file-medical&#8221; i_color=&#8221;custom&#8221; title_align=&#8221;separator_align_left&#8221; color=&#8221;custom&#8221; border_width=&#8221;2&#8243; add_icon=&#8221;true&#8221; i_custom_color=&#8221;#008540&#8243; accent_color=&#8221;#008540&#8243;][vc_column_text]Tendo em vista o per\u00edodo de pandemia de Covid-19, h\u00e1 cuidados de biosseguran\u00e7a exigidos pelo poder p\u00fablico que dever\u00e3o ser seguidos para garantir a sa\u00fade e o bem-estar de todos os participantes do evento:<\/p>\n<ul>\n<li>Ser\u00e1 obrigat\u00f3rio o uso de m\u00e1scaras em todas as \u00e1reas do evento;<\/li>\n<li>Os assentos liberados para uso estar\u00e3o devidamente sinalizados;<\/li>\n<li>Da capacidade total do espa\u00e7o, o evento est\u00e1 autorizado a preencher 250 lugares;<\/li>\n<li>Haver\u00e1 \u00e1lcool em gel dispon\u00edvel para higieniza\u00e7\u00e3o na porta de entrada do evento e nos banheiros.<\/li>\n<\/ul>\n<p>[\/vc_column_text][\/vc_column][\/vc_row][vc_row cth_layout=&#8221;gather_sec&#8221; el_class=&#8221;embed_twitter&#8221; css=&#8221;.vc_custom_1648753943880{padding-bottom: 50px !important;background-color: #e7edaf !important;}&#8221;][vc_column width=&#8221;1\/2&#8243;][vc_text_separator title=&#8221;INGRESSOS&#8221; i_icon_fontawesome=&#8221;fas fa-ticket-alt&#8221; i_color=&#8221;custom&#8221; title_align=&#8221;separator_align_left&#8221; color=&#8221;custom&#8221; border_width=&#8221;2&#8243; add_icon=&#8221;true&#8221; i_custom_color=&#8221;#008540&#8243; accent_color=&#8221;#008540&#8243;][vc_column_text]N\u00e3o h\u00e1 necessidade de inscri\u00e7\u00e3o. Para quem vai assistir \u00e0s confer\u00eancias presencialmente, os ingressos ser\u00e3o distribu\u00eddos no Espa\u00e7o Cultural Shopping Liberty Mall a partir das 18h do dia de cada confer\u00eancia, por ordem de fila e apenas um por pessoa. \u00c0s 18h30 ser\u00e1 liberado o acesso para que os espectadores possam ocupar os lugares dispon\u00edveis.[\/vc_column_text][\/vc_column][vc_column width=&#8221;1\/2&#8243;][vc_text_separator title=&#8221;TRANSMISS\u00c3O&#8221; i_icon_fontawesome=&#8221;fab fa-youtube&#8221; i_color=&#8221;custom&#8221; title_align=&#8221;separator_align_left&#8221; color=&#8221;custom&#8221; border_width=&#8221;2&#8243; add_icon=&#8221;true&#8221; i_custom_color=&#8221;#008540&#8243; accent_color=&#8221;#008540&#8243;][vc_column_text]Para aqueles que n\u00e3o puderem comparecer presencialmente ao Shopping Liberty Mall, informamos que as confer\u00eancias ser\u00e3o transmitidas ao vivo pelo canal da AACIC no YouTube: <a href=\"https:\/\/youtube.com\/aacic\" target=\"_blank\" rel=\"noopener\">https:\/\/youtube.com\/aacic<\/a><\/p>\n<p>Aproveitamos para solicitar que os espectadores se inscrevam no canal e acionem o sininho para serem notificados sobre as transmiss\u00f5es.[\/vc_column_text][\/vc_column][\/vc_row][vc_row cth_layout=&#8221;gather_sec&#8221; css=&#8221;.vc_custom_1647377573235{padding-top: 30px !important;padding-bottom: 50px !important;}&#8221; el_id=&#8221;adress&#8221;][vc_column][vc_column_text]<\/p>\n<h5 style=\"text-align: center;\">LOCAL DO EVENTO<\/h5>\n<p style=\"text-align: center;\">Espa\u00e7o Cultural Shopping Liberty Mall &#8211; SCN Quadra 2 &#8211; Bloco D &#8211; Asa Norte &#8211; Bras\u00edlia\/DF<\/p>\n<p>[\/vc_column_text][vc_empty_space height=&#8221;20px&#8221;][vc_gmaps link=&#8221;#E-8_JTNDaWZyYW1lJTIwc3JjJTNEJTIyaHR0cHMlM0ElMkYlMkZ3d3cuZ29vZ2xlLmNvbSUyRm1hcHMlMkZlbWJlZCUzRnBiJTNEJTIxMW0xNCUyMTFtOCUyMTFtMyUyMTFkMTUzNTcuMjk5MjUwNTI1MTM5JTIxMmQtNDcuODg0NTg3JTIxM2QtMTUuNzg2ODE4JTIxM20yJTIxMWkxMDI0JTIxMmk3NjglMjE0ZjEzLjElMjEzbTMlMjExbTIlMjExczB4MCUyNTNBMHhlNjRiZjU3NGRiZjk0MDRmJTIxMnNMaWJlcnR5JTI1MjBNYWxsJTIxNWUwJTIxM20yJTIxMXNwdC1CUiUyMTJzYnIlMjE0djE2NDczNjU5NzYzMDElMjE1bTIlMjExc3B0LUJSJTIxMnNiciUyMiUyMHdpZHRoJTNEJTIyNjAwJTIyJTIwaGVpZ2h0JTNEJTIyNDUwJTIyJTIwc3R5bGUlM0QlMjJib3JkZXIlM0EwJTNCJTIyJTIwYWxsb3dmdWxsc2NyZWVuJTNEJTIyJTIyJTIwbG9hZGluZyUzRCUyMmxhenklMjIlM0UlM0MlMkZpZnJhbWUlM0U=&#8221; size=&#8221;400px&#8221;][\/vc_column][\/vc_row][vc_row cth_layout=&#8221;gather_sec&#8221; el_id=&#8221;sponsors&#8221; css=&#8221;.vc_custom_1648153647926{padding-top: 30px !important;padding-bottom: 45px !important;background-color: #e7edaf !important;}&#8221;][vc_column][vc_column_text]<\/p>\n<h6 style=\"text-align: center;\">APOIO<\/h6>\n<p>[\/vc_column_text][vc_empty_space height=&#8221;20px&#8221;][vc_single_image image=&#8221;8607&#8243; img_size=&#8221;full&#8221; alignment=&#8221;center&#8221;][vc_empty_space height=&#8221;40px&#8221;][vc_column_text]<\/p>\n<h6 style=\"text-align: center;\">REALIZA\u00c7\u00c3O<\/h6>\n<p>[\/vc_column_text][vc_empty_space height=&#8221;20px&#8221;][vc_single_image image=&#8221;8441&#8243; img_size=&#8221;full&#8221; alignment=&#8221;center&#8221;][vc_empty_space height=&#8221;40px&#8221;][vc_column_text]<\/p>\n<p style=\"text-align: center;\">Projeto Liter\u00e1rio Di\u00e1logos Contempor\u00e2neos &#8211; Terceira Edi\u00e7\u00e3o Bras\u00edlia\/DF &#8211; Plataforma +Brasil &#8211; Conv\u00eanio 910028\/2021<\/p>\n<p>[\/vc_column_text][\/vc_column][\/vc_row][vc_row cth_layout=&#8221;gather_sec&#8221; el_id=&#8221;blog&#8221; css=&#8221;.vc_custom_1651257878661{padding-top: 30px !important;padding-bottom: 50px !important;}&#8221;][vc_column][vc_column_text]<\/p>\n<h5 style=\"text-align: center;\">\u00daLTIMAS NOT\u00cdCIAS<\/h5>\n<h6 style=\"text-align: center;\"><a href=\"https:\/\/aacic.com.br\/dialogoscontemporaneos\/2022\/brasilia\/blog\/\">Clique aqui<\/a> para ver todas as postagens do blog do evento<\/h6>\n<p>[\/vc_column_text][vc_empty_space height=&#8221;35px&#8221;][vc_basic_grid post_type=&#8221;post&#8221; max_items=&#8221;4&#8243; element_width=&#8221;3&#8243; gap=&#8221;20&#8243; item=&#8221;8744&#8243; grid_id=&#8221;vc_gid:1695934860900-63705297-b90b-3&#8243;][\/vc_column][\/vc_row][vc_row content_placement=&#8221;middle&#8221; cth_layout=&#8221;gather_sec&#8221; css=&#8221;.vc_custom_1651258398386{padding-top: 30px !important;padding-bottom: 35px !important;background-color: #e7edaf !important;}&#8221;][vc_column][vc_column_text]<\/p>\n<h6 style=\"text-align: center;\">FICHA T\u00c9CNICA<\/h6>\n<p>[\/vc_column_text][vc_empty_space height=&#8221;20px&#8221;][vc_column_text]<\/p>\n<p style=\"text-align: center;\"><strong>Curadoria e Programa\u00e7\u00e3o: <\/strong>Luiz Fernando Emediato \/ <strong>Dire\u00e7\u00e3o Geral: <\/strong>Jo\u00e3o Batista \/ <strong>Produ\u00e7\u00e3o Executiva: <\/strong>Kakau Teixeira e Cl\u00e9ria Costa \/ <strong>Log\u00edstica: <\/strong>M\u00e1rcia Rocha \/<strong> Comunica\u00e7\u00e3o: <\/strong>Panorama Assessoria \/ <strong>Apresenta\u00e7\u00e3o: <\/strong>Sheila Campos \/ <strong>Interpreta\u00e7\u00e3o para Libras: <\/strong>Tatiana Elizabeth \/ <strong>Fotografia: <\/strong>Martim Haefliger \/ <strong>Design: <\/strong>Chris Rocha e \u00c9der F. Yanaguita \/ <strong>Diretoria da AACIC: <\/strong>Marconi Costa da Silva Scarinci (Presidente), Jos\u00e9 Alberto Melo Silva (Tesoureiro) e Leila Barros Cardoso (Secret\u00e1ria)<\/p>\n<p>[\/vc_column_text][\/vc_column][\/vc_row]<\/p>\n<\/div>","protected":false},"excerpt":{"rendered":"<p>[vc_row cth_layout=&#8221;gather_header&#8221; el_id=&#8221;top&#8221; css=&#8221;.vc_custom_1648688774417{background-color: #a5cd38 !important;}&#8221;][vc_column][vc_single_image image=&#8221;8667&#8243; img_size=&#8221;full&#8221; alignment=&#8221;center&#8221; el_class=&#8221;header_top-bg&#8221;][\/vc_column][\/vc_row][vc_row cth_layout=&#8221;gather_header&#8221; css=&#8221;.vc_custom_1650225125869{padding-top: 22px !important;background-color: #e7edaf !important;}&#8221;][vc_column][vc_message message_box_color=&#8221;juicy_pink&#8221; icon_fontawesome=&#8221;fab fa-youtube&#8221;] Acompanhe as confer\u00eancias ao vivo: https:\/\/youtube.com\/aacic [\/vc_message][\/vc_column][\/vc_row][vc_row cth_layout=&#8221;gather_header&#8221; css=&#8221;.vc_custom_1648688814361{padding-top: 30px !important;padding-bottom: 30px !important;background-color: #ffffff !important;}&#8221;][vc_column][vc_video link=&#8221;https:\/\/www.youtube.com\/watch?v=_b-uYqgyyMU&amp;list=PLyypxSOpCelokgMUDRPBe7zk1LqEtyFGw&#8221; el_width=&#8221;70&#8243; align=&#8221;center&#8221;][\/vc_column][\/vc_row][vc_row cth_layout=&#8221;gather_sec&#8221; css=&#8221;.vc_custom_1647377435798{padding-top: 30px !important;padding-bottom: 50px !important;background-color: #e7edaf !important;}&#8221; el_id=&#8221;about&#8221;][vc_column][vc_column_text] LER LIVROS E LER O MUNDO [\/vc_column_text][vc_empty_space height=&#8221;25px&#8221;][vc_column_text]A produ\u00e7\u00e3o&#8230;<\/p>\n","protected":false},"author":1,"featured_media":0,"parent":0,"menu_order":0,"comment_status":"open","ping_status":"open","template":"homepage-onepage.php","meta":{"footnotes":""},"class_list":["post-525","page","type-page","status-publish","hentry"],"_links":{"self":[{"href":"https:\/\/aacic.com.br\/dialogoscontemporaneos\/2022\/brasilia\/wp-json\/wp\/v2\/pages\/525","targetHints":{"allow":["GET"]}}],"collection":[{"href":"https:\/\/aacic.com.br\/dialogoscontemporaneos\/2022\/brasilia\/wp-json\/wp\/v2\/pages"}],"about":[{"href":"https:\/\/aacic.com.br\/dialogoscontemporaneos\/2022\/brasilia\/wp-json\/wp\/v2\/types\/page"}],"author":[{"embeddable":true,"href":"https:\/\/aacic.com.br\/dialogoscontemporaneos\/2022\/brasilia\/wp-json\/wp\/v2\/users\/1"}],"replies":[{"embeddable":true,"href":"https:\/\/aacic.com.br\/dialogoscontemporaneos\/2022\/brasilia\/wp-json\/wp\/v2\/comments?post=525"}],"version-history":[{"count":143,"href":"https:\/\/aacic.com.br\/dialogoscontemporaneos\/2022\/brasilia\/wp-json\/wp\/v2\/pages\/525\/revisions"}],"predecessor-version":[{"id":8972,"href":"https:\/\/aacic.com.br\/dialogoscontemporaneos\/2022\/brasilia\/wp-json\/wp\/v2\/pages\/525\/revisions\/8972"}],"wp:attachment":[{"href":"https:\/\/aacic.com.br\/dialogoscontemporaneos\/2022\/brasilia\/wp-json\/wp\/v2\/media?parent=525"}],"curies":[{"name":"wp","href":"https:\/\/api.w.org\/{rel}","templated":true}]}}