{"id":1650,"date":"2024-03-28T01:44:37","date_gmt":"2024-03-28T01:44:37","guid":{"rendered":"https:\/\/aacic.com.br\/festivaldajuventude\/2024\/?page_id=1650"},"modified":"2024-05-19T09:53:17","modified_gmt":"2024-05-19T13:53:17","slug":"cosplay","status":"publish","type":"page","link":"https:\/\/aacic.com.br\/festivaldajuventude\/2024\/cosplay\/","title":{"rendered":"Cosplay"},"content":{"rendered":"\t\t<div data-elementor-type=\"wp-page\" data-elementor-id=\"1650\" class=\"elementor elementor-1650\" data-elementor-post-type=\"page\">\n\t\t\t\t<div class=\"elementor-element elementor-element-cef2b9e e-flex e-con-boxed e-con e-parent\" data-id=\"cef2b9e\" data-element_type=\"container\" data-e-type=\"container\" data-settings=\"{&quot;background_background&quot;:&quot;classic&quot;}\">\n\t\t\t\t\t<div class=\"e-con-inner\">\n\t\t\t\t\t<\/div>\n\t\t\t\t<\/div>\n\t\t<div class=\"elementor-element elementor-element-1838573 e-flex e-con-boxed e-con e-parent\" data-id=\"1838573\" data-element_type=\"container\" data-e-type=\"container\">\n\t\t\t\t\t<div class=\"e-con-inner\">\n\t\t\t\t<div class=\"elementor-element elementor-element-2889c19 elementor-widget elementor-widget-heading\" data-id=\"2889c19\" data-element_type=\"widget\" data-e-type=\"widget\" data-widget_type=\"heading.default\">\n\t\t\t\t<div class=\"elementor-widget-container\">\n\t\t\t\t\t<h2 class=\"elementor-heading-title elementor-size-default\">REGULAMENTO<\/h2>\t\t\t\t<\/div>\n\t\t\t\t<\/div>\n\t\t\t\t<div class=\"elementor-element elementor-element-50e15ee elementor-widget elementor-widget-heading\" data-id=\"50e15ee\" data-element_type=\"widget\" data-e-type=\"widget\" data-widget_type=\"heading.default\">\n\t\t\t\t<div class=\"elementor-widget-container\">\n\t\t\t\t\t<h3 class=\"elementor-heading-title elementor-size-default\">CONCURSO DE COSPLAY<br>\nFestival da Juventude em Mato Grosso do Sul - 2024<\/h3>\t\t\t\t<\/div>\n\t\t\t\t<\/div>\n\t\t\t\t\t<\/div>\n\t\t\t\t<\/div>\n\t\t<div class=\"elementor-element elementor-element-80cec62 e-flex e-con-boxed e-con e-parent\" data-id=\"80cec62\" data-element_type=\"container\" data-e-type=\"container\">\n\t\t\t\t\t<div class=\"e-con-inner\">\n\t\t\t\t<div class=\"elementor-element elementor-element-d76be2a elementor-tabs-view-vertical elementor-widget elementor-widget-tabs\" data-id=\"d76be2a\" data-element_type=\"widget\" data-e-type=\"widget\" data-widget_type=\"tabs.default\">\n\t\t\t\t<div class=\"elementor-widget-container\">\n\t\t\t\t\t\t\t<div class=\"elementor-tabs\">\n\t\t\t<div class=\"elementor-tabs-wrapper\" role=\"tablist\" >\n\t\t\t\t\t\t\t\t\t<div id=\"elementor-tab-title-2251\" class=\"elementor-tab-title elementor-tab-desktop-title\" aria-selected=\"true\" data-tab=\"1\" role=\"tab\" tabindex=\"0\" aria-controls=\"elementor-tab-content-2251\" aria-expanded=\"false\">I. SOBRE O CONCURSO<\/div>\n\t\t\t\t\t\t\t\t\t<div id=\"elementor-tab-title-2252\" class=\"elementor-tab-title elementor-tab-desktop-title\" aria-selected=\"false\" data-tab=\"2\" role=\"tab\" tabindex=\"-1\" aria-controls=\"elementor-tab-content-2252\" aria-expanded=\"false\">II. INSCRI\u00c7\u00d5ES<\/div>\n\t\t\t\t\t\t\t\t\t<div id=\"elementor-tab-title-2253\" class=\"elementor-tab-title elementor-tab-desktop-title\" aria-selected=\"false\" data-tab=\"3\" role=\"tab\" tabindex=\"-1\" aria-controls=\"elementor-tab-content-2253\" aria-expanded=\"false\">III. J\u00daRI E JULGAMENTO<\/div>\n\t\t\t\t\t\t\t\t\t<div id=\"elementor-tab-title-2254\" class=\"elementor-tab-title elementor-tab-desktop-title\" aria-selected=\"false\" data-tab=\"4\" role=\"tab\" tabindex=\"-1\" aria-controls=\"elementor-tab-content-2254\" aria-expanded=\"false\">IV. CRIT\u00c9RIOS DE AVALIA\u00c7\u00c3O<\/div>\n\t\t\t\t\t\t\t\t\t<div id=\"elementor-tab-title-2255\" class=\"elementor-tab-title elementor-tab-desktop-title\" aria-selected=\"false\" data-tab=\"5\" role=\"tab\" tabindex=\"-1\" aria-controls=\"elementor-tab-content-2255\" aria-expanded=\"false\">V. REGRAS GERAIS<\/div>\n\t\t\t\t\t\t\t\t\t<div id=\"elementor-tab-title-2256\" class=\"elementor-tab-title elementor-tab-desktop-title\" aria-selected=\"false\" data-tab=\"6\" role=\"tab\" tabindex=\"-1\" aria-controls=\"elementor-tab-content-2256\" aria-expanded=\"false\">VI. PREMIA\u00c7\u00c3O<\/div>\n\t\t\t\t\t\t\t\t\t<div id=\"elementor-tab-title-2257\" class=\"elementor-tab-title elementor-tab-desktop-title\" aria-selected=\"false\" data-tab=\"7\" role=\"tab\" tabindex=\"-1\" aria-controls=\"elementor-tab-content-2257\" aria-expanded=\"false\">VII. CONSIDERA\u00c7\u00d5ES FINAIS<\/div>\n\t\t\t\t\t\t\t<\/div>\n\t\t\t<div class=\"elementor-tabs-content-wrapper\" role=\"tablist\" aria-orientation=\"vertical\">\n\t\t\t\t\t\t\t\t\t<div class=\"elementor-tab-title elementor-tab-mobile-title\" aria-selected=\"true\" data-tab=\"1\" role=\"tab\" tabindex=\"0\" aria-controls=\"elementor-tab-content-2251\" aria-expanded=\"false\">I. SOBRE O CONCURSO<\/div>\n\t\t\t\t\t<div id=\"elementor-tab-content-2251\" class=\"elementor-tab-content elementor-clearfix\" data-tab=\"1\" role=\"tabpanel\" aria-labelledby=\"elementor-tab-title-2251\" tabindex=\"0\" hidden=\"false\"><p>&#8211; O Concurso de Cosplay \u00e9 aberto para participantes de todos os g\u00eaneros, ra\u00e7as, nacionalidades, idades e orienta\u00e7\u00f5es sexuais;<\/p><p>&#8211; Aceitamos representa\u00e7\u00f5es de personagens de todas as formas de m\u00eddia, incluindo animes, mang\u00e1s, livros, quadrinhos, filmes, anima\u00e7\u00f5es ocidentais e orientais, videogames, seriados, live-actions, entre outros;<\/p><p>&#8211; N\u00e3o \u00e9 permitida a representa\u00e7\u00e3o de personagens de conte\u00fado er\u00f3tico\/hentai, visando proteger menores de idade;<\/p><p>&#8211; Membros da comiss\u00e3o organizadora n\u00e3o podem participar do concurso;<\/p><p>&#8211; \u00c9 proibido o uso de materiais perigosos, incluindo explosivos, armas de fogo (mesmo descarregadas) e armas brancas.<\/p><\/div>\n\t\t\t\t\t\t\t\t\t<div class=\"elementor-tab-title elementor-tab-mobile-title\" aria-selected=\"false\" data-tab=\"2\" role=\"tab\" tabindex=\"-1\" aria-controls=\"elementor-tab-content-2252\" aria-expanded=\"false\">II. INSCRI\u00c7\u00d5ES<\/div>\n\t\t\t\t\t<div id=\"elementor-tab-content-2252\" class=\"elementor-tab-content elementor-clearfix\" data-tab=\"2\" role=\"tabpanel\" aria-labelledby=\"elementor-tab-title-2252\" tabindex=\"0\" hidden=\"hidden\"><p>&#8211; As inscri\u00e7\u00f5es ocorrer\u00e3o no dia 27 de abril, das 12h \u00e0s 12h50, na Vila das Letras, dentro do Festival, no estacionamento do Teatro Glauce Rocha;<\/p><p>&#8211; O n\u00famero m\u00e1ximo de inscri\u00e7\u00f5es \u00e9 de 75 participantes, por ordem de chegada.<\/p><\/div>\n\t\t\t\t\t\t\t\t\t<div class=\"elementor-tab-title elementor-tab-mobile-title\" aria-selected=\"false\" data-tab=\"3\" role=\"tab\" tabindex=\"-1\" aria-controls=\"elementor-tab-content-2253\" aria-expanded=\"false\">III. J\u00daRI E JULGAMENTO<\/div>\n\t\t\t\t\t<div id=\"elementor-tab-content-2253\" class=\"elementor-tab-content elementor-clearfix\" data-tab=\"3\" role=\"tabpanel\" aria-labelledby=\"elementor-tab-title-2253\" tabindex=\"0\" hidden=\"hidden\"><p>&#8211; Os participantes ser\u00e3o avaliados por escolha do popular;<\/p><p>&#8211; As puni\u00e7\u00f5es, se aplic\u00e1veis, ser\u00e3o anunciadas antes da premia\u00e7\u00e3o;<\/p><p>&#8211; O j\u00fari ser\u00e1 formado pele p\u00fablico do Festival da Juventude;<\/p><p>&#8211; Os crit\u00e9rios de avalia\u00e7\u00e3o s\u00e3o de voto popular.<\/p><\/div>\n\t\t\t\t\t\t\t\t\t<div class=\"elementor-tab-title elementor-tab-mobile-title\" aria-selected=\"false\" data-tab=\"4\" role=\"tab\" tabindex=\"-1\" aria-controls=\"elementor-tab-content-2254\" aria-expanded=\"false\">IV. CRIT\u00c9RIOS DE AVALIA\u00c7\u00c3O<\/div>\n\t\t\t\t\t<div id=\"elementor-tab-content-2254\" class=\"elementor-tab-content elementor-clearfix\" data-tab=\"4\" role=\"tabpanel\" aria-labelledby=\"elementor-tab-title-2254\" tabindex=\"0\" hidden=\"hidden\"><p>&#8211; A vota\u00e7\u00e3o ser\u00e1 feita pela plataforma do Google Forms durante uma hora. Os tr\u00eas mais votados ser\u00e3o eleitos ganhadores.<\/p><\/div>\n\t\t\t\t\t\t\t\t\t<div class=\"elementor-tab-title elementor-tab-mobile-title\" aria-selected=\"false\" data-tab=\"5\" role=\"tab\" tabindex=\"-1\" aria-controls=\"elementor-tab-content-2255\" aria-expanded=\"false\">V. REGRAS GERAIS<\/div>\n\t\t\t\t\t<div id=\"elementor-tab-content-2255\" class=\"elementor-tab-content elementor-clearfix\" data-tab=\"5\" role=\"tabpanel\" aria-labelledby=\"elementor-tab-title-2255\" tabindex=\"0\" hidden=\"hidden\"><p>&#8211; O desfile permite que os participantes mostrem suas cria\u00e7\u00f5es atrav\u00e9s de uma passagem diante do p\u00fablico, com a op\u00e7\u00e3o de realizar uma breve apresenta\u00e7\u00e3o de at\u00e9 60 segundos;<\/p><p>&#8211; N\u00e3o s\u00e3o permitidos l\u00edquidos, materiais viscosos, ou quaisquer objetos que possam comprometer a seguran\u00e7a;<\/p><p>&#8211; R\u00e9plicas de armas s\u00e3o permitidas, contanto que n\u00e3o representem risco;<\/p><p>&#8211; A intera\u00e7\u00e3o da plateia com os cosplayers deve ser respeitosa e adequada ao contexto do personagem;<\/p><p>&#8211; \u00c9 proibido saltar do palco ou exibir banners\/cartazes que n\u00e3o estejam diretamente relacionados ao personagem ou que n\u00e3o tenham sido previamente aprovados pela organiza\u00e7\u00e3o.<\/p><\/div>\n\t\t\t\t\t\t\t\t\t<div class=\"elementor-tab-title elementor-tab-mobile-title\" aria-selected=\"false\" data-tab=\"6\" role=\"tab\" tabindex=\"-1\" aria-controls=\"elementor-tab-content-2256\" aria-expanded=\"false\">VI. PREMIA\u00c7\u00c3O<\/div>\n\t\t\t\t\t<div id=\"elementor-tab-content-2256\" class=\"elementor-tab-content elementor-clearfix\" data-tab=\"6\" role=\"tabpanel\" aria-labelledby=\"elementor-tab-title-2256\" tabindex=\"0\" hidden=\"hidden\"><p>Categoria \u00danica Individual:<\/p><p>&#8211; 1\u00ba Lugar: R$ 600,00<br \/>&#8211; 2\u00ba Lugar: R$ 400,00<br \/>&#8211; 3\u00ba Lugar: R$ 200,00<\/p><\/div>\n\t\t\t\t\t\t\t\t\t<div class=\"elementor-tab-title elementor-tab-mobile-title\" aria-selected=\"false\" data-tab=\"7\" role=\"tab\" tabindex=\"-1\" aria-controls=\"elementor-tab-content-2257\" aria-expanded=\"false\">VII. CONSIDERA\u00c7\u00d5ES FINAIS<\/div>\n\t\t\t\t\t<div id=\"elementor-tab-content-2257\" class=\"elementor-tab-content elementor-clearfix\" data-tab=\"7\" role=\"tabpanel\" aria-labelledby=\"elementor-tab-title-2257\" tabindex=\"0\" hidden=\"hidden\"><p>&#8211; A organiza\u00e7\u00e3o do Festival da Juventude agradece a participa\u00e7\u00e3o de todos e se compromete a manter um ambiente justo e agrad\u00e1vel. Sugest\u00f5es e d\u00favidas podem ser encaminhadas para inscricoesfestivaldajuventude@gmail.com.<\/p><\/div>\n\t\t\t\t\t\t\t<\/div>\n\t\t<\/div>\n\t\t\t\t\t\t<\/div>\n\t\t\t\t<\/div>\n\t\t\t\t\t<\/div>\n\t\t\t\t<\/div>\n\t\t<div class=\"elementor-element elementor-element-9e5385b e-flex e-con-boxed e-con e-parent\" data-id=\"9e5385b\" data-element_type=\"container\" data-e-type=\"container\" data-settings=\"{&quot;background_background&quot;:&quot;classic&quot;}\">\n\t\t\t\t\t<div class=\"e-con-inner\">\n\t\t\t\t<div class=\"elementor-element elementor-element-8f08e25 elementor-widget elementor-widget-text-editor\" data-id=\"8f08e25\" data-element_type=\"widget\" data-e-type=\"widget\" data-widget_type=\"text-editor.default\">\n\t\t\t\t<div class=\"elementor-widget-container\">\n\t\t\t\t\t\t\t\t\t<p><a href=\"https:\/\/aacic.com.br\/festivaldajuventude\/2024\/2024\/04\/29\/conheca-os-premiados-nos-concursos-literarios-e-de-reportagem-do-festjuv\/\"><b>Clique aqui para ver o resultado<\/b><\/a><\/p>\t\t\t\t\t\t\t\t<\/div>\n\t\t\t\t<\/div>\n\t\t\t\t\t<\/div>\n\t\t\t\t<\/div>\n\t\t\t\t<\/div>\n\t\t","protected":false},"excerpt":{"rendered":"<p>REGULAMENTO CONCURSO DE COSPLAY Festival da Juventude em Mato Grosso do Sul &#8211; 2024 I. SOBRE O CONCURSO II. INSCRI\u00c7\u00d5ES III. J\u00daRI E JULGAMENTO IV. CRIT\u00c9RIOS DE AVALIA\u00c7\u00c3O V. REGRAS GERAIS VI. PREMIA\u00c7\u00c3O VII. CONSIDERA\u00c7\u00d5ES FINAIS I. SOBRE O CONCURSO &#8211; O Concurso de Cosplay \u00e9 aberto para participantes de todos os g\u00eaneros, ra\u00e7as, nacionalidades,&hellip;&nbsp;<a href=\"https:\/\/aacic.com.br\/festivaldajuventude\/2024\/cosplay\/\" rel=\"bookmark\">Continue a ler &raquo;<span class=\"screen-reader-text\">Cosplay<\/span><\/a><\/p>\n","protected":false},"author":1,"featured_media":0,"parent":0,"menu_order":0,"comment_status":"closed","ping_status":"closed","template":"page-templates\/template-pagebuilder-full-width.php","meta":{"neve_meta_sidebar":"","neve_meta_container":"","neve_meta_enable_content_width":"","neve_meta_content_width":0,"neve_meta_title_alignment":"","neve_meta_author_avatar":"","neve_post_elements_order":"","neve_meta_disable_header":"","neve_meta_disable_footer":"","neve_meta_disable_title":"","footnotes":""},"class_list":["post-1650","page","type-page","status-publish","hentry"],"yoast_head":"<!-- This site is optimized with the Yoast SEO plugin v27.0 - https:\/\/yoast.com\/product\/yoast-seo-wordpress\/ -->\n<title>Cosplay - Festival da Juventude<\/title>\n<meta name=\"robots\" content=\"index, follow, max-snippet:-1, max-image-preview:large, max-video-preview:-1\" \/>\n<link rel=\"canonical\" href=\"https:\/\/aacic.com.br\/festivaldajuventude\/2024\/cosplay\/\" \/>\n<meta property=\"og:locale\" content=\"pt_BR\" \/>\n<meta property=\"og:type\" content=\"article\" \/>\n<meta property=\"og:title\" content=\"Cosplay - Festival da Juventude\" \/>\n<meta property=\"og:description\" content=\"REGULAMENTO CONCURSO DE COSPLAY Festival da Juventude em Mato Grosso do Sul &#8211; 2024 I. SOBRE O CONCURSO II. INSCRI\u00c7\u00d5ES III. J\u00daRI E JULGAMENTO IV. CRIT\u00c9RIOS DE AVALIA\u00c7\u00c3O V. REGRAS GERAIS VI. PREMIA\u00c7\u00c3O VII. CONSIDERA\u00c7\u00d5ES FINAIS I. SOBRE O CONCURSO &#8211; O Concurso de Cosplay \u00e9 aberto para participantes de todos os g\u00eaneros, ra\u00e7as, nacionalidades,&hellip;&nbsp;Continue a ler &raquo;Cosplay\" \/>\n<meta property=\"og:url\" content=\"https:\/\/aacic.com.br\/festivaldajuventude\/2024\/cosplay\/\" \/>\n<meta property=\"og:site_name\" content=\"Festival da Juventude\" \/>\n<meta property=\"article:modified_time\" content=\"2024-05-19T13:53:17+00:00\" \/>\n<meta property=\"og:image\" content=\"https:\/\/aacic.com.br\/festivaldajuventude\/2024\/wp-content\/uploads\/2024\/02\/thumbnail-padrao-festjuv.jpg\" \/>\n\t<meta property=\"og:image:width\" content=\"900\" \/>\n\t<meta property=\"og:image:height\" content=\"600\" \/>\n\t<meta property=\"og:image:type\" content=\"image\/jpeg\" \/>\n<meta name=\"twitter:card\" content=\"summary_large_image\" \/>\n<script type=\"application\/ld+json\" class=\"yoast-schema-graph\">{\"@context\":\"https:\/\/schema.org\",\"@graph\":[{\"@type\":\"WebPage\",\"@id\":\"https:\/\/aacic.com.br\/festivaldajuventude\/2024\/cosplay\/\",\"url\":\"https:\/\/aacic.com.br\/festivaldajuventude\/2024\/cosplay\/\",\"name\":\"Cosplay - Festival da Juventude\",\"isPartOf\":{\"@id\":\"https:\/\/aacic.com.br\/festivaldajuventude\/2024\/#website\"},\"datePublished\":\"2024-03-28T01:44:37+00:00\",\"dateModified\":\"2024-05-19T13:53:17+00:00\",\"breadcrumb\":{\"@id\":\"https:\/\/aacic.com.br\/festivaldajuventude\/2024\/cosplay\/#breadcrumb\"},\"inLanguage\":\"pt-BR\",\"potentialAction\":[{\"@type\":\"ReadAction\",\"target\":[\"https:\/\/aacic.com.br\/festivaldajuventude\/2024\/cosplay\/\"]}]},{\"@type\":\"BreadcrumbList\",\"@id\":\"https:\/\/aacic.com.br\/festivaldajuventude\/2024\/cosplay\/#breadcrumb\",\"itemListElement\":[{\"@type\":\"ListItem\",\"position\":1,\"name\":\"In\u00edcio\",\"item\":\"https:\/\/aacic.com.br\/festivaldajuventude\/2024\/\"},{\"@type\":\"ListItem\",\"position\":2,\"name\":\"Cosplay\"}]},{\"@type\":\"WebSite\",\"@id\":\"https:\/\/aacic.com.br\/festivaldajuventude\/2024\/#website\",\"url\":\"https:\/\/aacic.com.br\/festivaldajuventude\/2024\/\",\"name\":\"Festival da Juventude\",\"description\":\"1\u00aa Edi\u00e7\u00e3o (2024)\",\"publisher\":{\"@id\":\"https:\/\/aacic.com.br\/festivaldajuventude\/2024\/#organization\"},\"alternateName\":\"FESTJUV\",\"potentialAction\":[{\"@type\":\"SearchAction\",\"target\":{\"@type\":\"EntryPoint\",\"urlTemplate\":\"https:\/\/aacic.com.br\/festivaldajuventude\/2024\/?s={search_term_string}\"},\"query-input\":{\"@type\":\"PropertyValueSpecification\",\"valueRequired\":true,\"valueName\":\"search_term_string\"}}],\"inLanguage\":\"pt-BR\"},{\"@type\":\"Organization\",\"@id\":\"https:\/\/aacic.com.br\/festivaldajuventude\/2024\/#organization\",\"name\":\"AACIC e UFMS\",\"url\":\"https:\/\/aacic.com.br\/festivaldajuventude\/2024\/\",\"logo\":{\"@type\":\"ImageObject\",\"inLanguage\":\"pt-BR\",\"@id\":\"https:\/\/aacic.com.br\/festivaldajuventude\/2024\/#\/schema\/logo\/image\/\",\"url\":\"https:\/\/aacic.com.br\/festivaldajuventude\/2024\/wp-content\/uploads\/2024\/02\/thumbnail-padrao-festjuv.jpg\",\"contentUrl\":\"https:\/\/aacic.com.br\/festivaldajuventude\/2024\/wp-content\/uploads\/2024\/02\/thumbnail-padrao-festjuv.jpg\",\"width\":900,\"height\":600,\"caption\":\"AACIC e UFMS\"},\"image\":{\"@id\":\"https:\/\/aacic.com.br\/festivaldajuventude\/2024\/#\/schema\/logo\/image\/\"}}]}<\/script>\n<!-- \/ Yoast SEO plugin. -->","yoast_head_json":{"title":"Cosplay - Festival da Juventude","robots":{"index":"index","follow":"follow","max-snippet":"max-snippet:-1","max-image-preview":"max-image-preview:large","max-video-preview":"max-video-preview:-1"},"canonical":"https:\/\/aacic.com.br\/festivaldajuventude\/2024\/cosplay\/","og_locale":"pt_BR","og_type":"article","og_title":"Cosplay - Festival da Juventude","og_description":"REGULAMENTO CONCURSO DE COSPLAY Festival da Juventude em Mato Grosso do Sul &#8211; 2024 I. SOBRE O CONCURSO II. INSCRI\u00c7\u00d5ES III. J\u00daRI E JULGAMENTO IV. CRIT\u00c9RIOS DE AVALIA\u00c7\u00c3O V. REGRAS GERAIS VI. PREMIA\u00c7\u00c3O VII. CONSIDERA\u00c7\u00d5ES FINAIS I. SOBRE O CONCURSO &#8211; O Concurso de Cosplay \u00e9 aberto para participantes de todos os g\u00eaneros, ra\u00e7as, nacionalidades,&hellip;&nbsp;Continue a ler &raquo;Cosplay","og_url":"https:\/\/aacic.com.br\/festivaldajuventude\/2024\/cosplay\/","og_site_name":"Festival da Juventude","article_modified_time":"2024-05-19T13:53:17+00:00","og_image":[{"width":900,"height":600,"url":"https:\/\/aacic.com.br\/festivaldajuventude\/2024\/wp-content\/uploads\/2024\/02\/thumbnail-padrao-festjuv.jpg","type":"image\/jpeg"}],"twitter_card":"summary_large_image","schema":{"@context":"https:\/\/schema.org","@graph":[{"@type":"WebPage","@id":"https:\/\/aacic.com.br\/festivaldajuventude\/2024\/cosplay\/","url":"https:\/\/aacic.com.br\/festivaldajuventude\/2024\/cosplay\/","name":"Cosplay - Festival da Juventude","isPartOf":{"@id":"https:\/\/aacic.com.br\/festivaldajuventude\/2024\/#website"},"datePublished":"2024-03-28T01:44:37+00:00","dateModified":"2024-05-19T13:53:17+00:00","breadcrumb":{"@id":"https:\/\/aacic.com.br\/festivaldajuventude\/2024\/cosplay\/#breadcrumb"},"inLanguage":"pt-BR","potentialAction":[{"@type":"ReadAction","target":["https:\/\/aacic.com.br\/festivaldajuventude\/2024\/cosplay\/"]}]},{"@type":"BreadcrumbList","@id":"https:\/\/aacic.com.br\/festivaldajuventude\/2024\/cosplay\/#breadcrumb","itemListElement":[{"@type":"ListItem","position":1,"name":"In\u00edcio","item":"https:\/\/aacic.com.br\/festivaldajuventude\/2024\/"},{"@type":"ListItem","position":2,"name":"Cosplay"}]},{"@type":"WebSite","@id":"https:\/\/aacic.com.br\/festivaldajuventude\/2024\/#website","url":"https:\/\/aacic.com.br\/festivaldajuventude\/2024\/","name":"Festival da Juventude","description":"1\u00aa Edi\u00e7\u00e3o (2024)","publisher":{"@id":"https:\/\/aacic.com.br\/festivaldajuventude\/2024\/#organization"},"alternateName":"FESTJUV","potentialAction":[{"@type":"SearchAction","target":{"@type":"EntryPoint","urlTemplate":"https:\/\/aacic.com.br\/festivaldajuventude\/2024\/?s={search_term_string}"},"query-input":{"@type":"PropertyValueSpecification","valueRequired":true,"valueName":"search_term_string"}}],"inLanguage":"pt-BR"},{"@type":"Organization","@id":"https:\/\/aacic.com.br\/festivaldajuventude\/2024\/#organization","name":"AACIC e UFMS","url":"https:\/\/aacic.com.br\/festivaldajuventude\/2024\/","logo":{"@type":"ImageObject","inLanguage":"pt-BR","@id":"https:\/\/aacic.com.br\/festivaldajuventude\/2024\/#\/schema\/logo\/image\/","url":"https:\/\/aacic.com.br\/festivaldajuventude\/2024\/wp-content\/uploads\/2024\/02\/thumbnail-padrao-festjuv.jpg","contentUrl":"https:\/\/aacic.com.br\/festivaldajuventude\/2024\/wp-content\/uploads\/2024\/02\/thumbnail-padrao-festjuv.jpg","width":900,"height":600,"caption":"AACIC e UFMS"},"image":{"@id":"https:\/\/aacic.com.br\/festivaldajuventude\/2024\/#\/schema\/logo\/image\/"}}]}},"_links":{"self":[{"href":"https:\/\/aacic.com.br\/festivaldajuventude\/2024\/wp-json\/wp\/v2\/pages\/1650","targetHints":{"allow":["GET"]}}],"collection":[{"href":"https:\/\/aacic.com.br\/festivaldajuventude\/2024\/wp-json\/wp\/v2\/pages"}],"about":[{"href":"https:\/\/aacic.com.br\/festivaldajuventude\/2024\/wp-json\/wp\/v2\/types\/page"}],"author":[{"embeddable":true,"href":"https:\/\/aacic.com.br\/festivaldajuventude\/2024\/wp-json\/wp\/v2\/users\/1"}],"replies":[{"embeddable":true,"href":"https:\/\/aacic.com.br\/festivaldajuventude\/2024\/wp-json\/wp\/v2\/comments?post=1650"}],"version-history":[{"count":24,"href":"https:\/\/aacic.com.br\/festivaldajuventude\/2024\/wp-json\/wp\/v2\/pages\/1650\/revisions"}],"predecessor-version":[{"id":3182,"href":"https:\/\/aacic.com.br\/festivaldajuventude\/2024\/wp-json\/wp\/v2\/pages\/1650\/revisions\/3182"}],"wp:attachment":[{"href":"https:\/\/aacic.com.br\/festivaldajuventude\/2024\/wp-json\/wp\/v2\/media?parent=1650"}],"curies":[{"name":"wp","href":"https:\/\/api.w.org\/{rel}","templated":true}]}}